{"id":102,"date":"2025-09-20T02:28:05","date_gmt":"2025-09-20T07:28:05","guid":{"rendered":"https:\/\/desiare.com\/?post_type=product&#038;p=102"},"modified":"2025-09-20T02:28:05","modified_gmt":"2025-09-20T07:28:05","slug":"lubricante-intimo-frio-cool-sensation-elixir","status":"publish","type":"product","link":"https:\/\/desiare.com\/?product=lubricante-intimo-frio-cool-sensation-elixir","title":{"rendered":"Lubricante \u00cdntimo Fr\u00edo Cool Sensation Elixir"},"content":{"rendered":"<h4>Descubre una nueva forma de sentir\u2026 con el Lubricante \u00cdntimo Fr\u00edo \u2013 Cool Sensation<\/h4>\n<p>Dise\u00f1ado para proporcionar una lubricaci\u00f3n suave y efectiva, con una estimulante sensaci\u00f3n de frescura. Mejora la comodidad, reduce la fricci\u00f3n y eleva el placer durante la actividad sexual. Adecuado para cualquier tipo de encuentro \u00edntimo, tambi\u00e9n el uso con juguetes sexuales.<br \/>\nSu textura ligera y deslizamiento natural generan una sensaci\u00f3n placentera y de frescura. Para usarlo, aplica directamente sobre las zonas \u00edntimas o tus juguetes, tambi\u00e9n es compatible con preservativos.<br \/>\nReaplica cuantas veces lo desees, manteniendo la lubricaci\u00f3n y la sensaci\u00f3n de frescura durante toda la experiencia.<br \/>\nNo mancha, tiene un sabor mentolado agradable y no deja sensaci\u00f3n pegajosa en la piel.<\/p>\n<ul>\n<li>Efecto fr\u00edo inmediato<\/li>\n<li>Suave y de larga duraci\u00f3n<\/li>\n<li>No mancha ni deja residuos<\/li>\n<li>Apto para todo tipo de juegos \u00edntimos<\/li>\n<\/ul>\n","protected":false},"excerpt":{"rendered":"<table class=\"woocommerce-product-attributes shop_attributes\">\n<tbody>\n<tr class=\"woocommerce-product-attributes-item woocommerce-product-attributes-item--attribute_contenido\">\n<th class=\"woocommerce-product-attributes-item__label\">CONTENIDO<\/th>\n<td class=\"woocommerce-product-attributes-item__value\">30 mL<\/td>\n<\/tr>\n<tr class=\"woocommerce-product-attributes-item woocommerce-product-attributes-item--attribute_aromasabor\">\n<th class=\"woocommerce-product-attributes-item__label\">AROMA\/SABOR<\/th>\n<td class=\"woocommerce-product-attributes-item__value\">Menta<\/td>\n<\/tr>\n<tr class=\"woocommerce-product-attributes-item woocommerce-product-attributes-item--attribute_textura\">\n<th class=\"woocommerce-product-attributes-item__label\">TEXTURA<\/th>\n<td class=\"woocommerce-product-attributes-item__value\">Viscosa, no pegajosa<\/td>\n<\/tr>\n<tr class=\"woocommerce-product-attributes-item woocommerce-product-attributes-item--attribute_compatibilidad\">\n<th class=\"woocommerce-product-attributes-item__label\">COMPATIBILIDAD<\/th>\n<td class=\"woocommerce-product-attributes-item__value\">Juguetes sexuales y preservativos<\/td>\n<\/tr>\n<tr class=\"woocommerce-product-attributes-item woocommerce-product-attributes-item--attribute_presentaci%c3%b3n\">\n<th class=\"woocommerce-product-attributes-item__label\">PRESENTACI\u00d3N<\/th>\n<td class=\"woocommerce-product-attributes-item__value\">Tubo colapsable con caja de cart\u00f3n<\/td>\n<\/tr>\n<tr class=\"woocommerce-product-attributes-item woocommerce-product-attributes-item--attribute_uso\">\n<th class=\"woocommerce-product-attributes-item__label\">USO<\/th>\n<td class=\"woocommerce-product-attributes-item__value\">Externo, solo para adultos<\/td>\n<\/tr>\n<tr class=\"woocommerce-product-attributes-item woocommerce-product-attributes-item--attribute_registro-sanitario-invima\">\n<th class=\"woocommerce-product-attributes-item__label\">REGISTRO SANITARIO INVIMA<\/th>\n<td class=\"woocommerce-product-attributes-item__value\">INVIMA 2024DM-0029724<\/td>\n<\/tr>\n<\/tbody>\n<\/table>\n","protected":false},"featured_media":0,"comment_status":"open","ping_status":"closed","template":"","meta":[],"product_brand":[33],"product_cat":[28,29,37,31,32],"product_tag":[],"class_list":{"0":"post-102","1":"product","2":"type-product","3":"status-publish","5":"product_brand-elixir","6":"product_cat-elixir","7":"product_cat-lubricantes","8":"product_cat-lubricantes-frios-y-calientes","9":"product_cat-lubricantes-y-cosmetica","10":"product_cat-todo","12":"first","13":"instock","14":"shipping-taxable","15":"purchasable","16":"product-type-simple"},"_links":{"self":[{"href":"https:\/\/desiare.com\/index.php?rest_route=\/wp\/v2\/product\/102","targetHints":{"allow":["GET"]}}],"collection":[{"href":"https:\/\/desiare.com\/index.php?rest_route=\/wp\/v2\/product"}],"about":[{"href":"https:\/\/desiare.com\/index.php?rest_route=\/wp\/v2\/types\/product"}],"replies":[{"embeddable":true,"href":"https:\/\/desiare.com\/index.php?rest_route=%2Fwp%2Fv2%2Fcomments&post=102"}],"wp:attachment":[{"href":"https:\/\/desiare.com\/index.php?rest_route=%2Fwp%2Fv2%2Fmedia&parent=102"}],"wp:term":[{"taxonomy":"product_brand","embeddable":true,"href":"https:\/\/desiare.com\/index.php?rest_route=%2Fwp%2Fv2%2Fproduct_brand&post=102"},{"taxonomy":"product_cat","embeddable":true,"href":"https:\/\/desiare.com\/index.php?rest_route=%2Fwp%2Fv2%2Fproduct_cat&post=102"},{"taxonomy":"product_tag","embeddable":true,"href":"https:\/\/desiare.com\/index.php?rest_route=%2Fwp%2Fv2%2Fproduct_tag&post=102"}],"curies":[{"name":"wp","href":"https:\/\/api.w.org\/{rel}","templated":true}]}}