{"id":110,"date":"2025-09-20T02:30:40","date_gmt":"2025-09-20T07:30:40","guid":{"rendered":"https:\/\/desiare.com\/?post_type=product&#038;p=110"},"modified":"2025-09-20T02:30:40","modified_gmt":"2025-09-20T07:30:40","slug":"prudence-gel-lubricante-frutilla-fire","status":"publish","type":"product","link":"https:\/\/desiare.com\/?product=prudence-gel-lubricante-frutilla-fire","title":{"rendered":"Prudence Gel Lubricante Frutilla Fire"},"content":{"rendered":"<h2>Sensaciones que transforman tus orgasmos solo las logras con Prudence Gel Lubricante Frutilla Fire<\/h2>\n<p>Su sabor a frutilla se potencializa totalmente con su efecto caliente, que brindar\u00e1 cosquilleos intensos en su zona \u00edntima. Este gel lubricante aportar\u00e1 una lubricaci\u00f3n similar a la natural durante la pr\u00e1ctica sexual, ya que est\u00e1 hecho a base de agua.<\/p>\n<p>Es comestible, as\u00ed que usted podr\u00e1 lamer, saborear o chupar intensamente durante el juego previo. Asimismo, es apto para usar con preservativos.<\/p>\n<p>Para usarlo, verifique que este sellado y aplique directamente sobre la piel.<\/p>\n","protected":false},"excerpt":{"rendered":"<h3>Caracter\u00edsticas del Prudence Gel Lubricante Frutilla Fire<\/h3>\n<ul>\n<li>Contenido: 60 g<\/li>\n<li>Sabor: frutilla<\/li>\n<li>Aroma: Frutilla<\/li>\n<li>Composici\u00f3n: a base de agua<\/li>\n<li>Efecto caliente<\/li>\n<li>No t\u00f3xico, no mancha.<\/li>\n<li>Compatible con condones.<\/li>\n<\/ul>\n","protected":false},"featured_media":0,"comment_status":"open","ping_status":"closed","template":"","meta":[],"product_brand":[24],"product_cat":[29,37,38,27],"product_tag":[],"class_list":{"0":"post-110","1":"product","2":"type-product","3":"status-publish","5":"product_brand-prudence","6":"product_cat-lubricantes","7":"product_cat-lubricantes-frios-y-calientes","8":"product_cat-lubricantes-saborizados","9":"product_cat-prudence","11":"first","12":"instock","13":"shipping-taxable","14":"purchasable","15":"product-type-simple"},"_links":{"self":[{"href":"https:\/\/desiare.com\/index.php?rest_route=\/wp\/v2\/product\/110","targetHints":{"allow":["GET"]}}],"collection":[{"href":"https:\/\/desiare.com\/index.php?rest_route=\/wp\/v2\/product"}],"about":[{"href":"https:\/\/desiare.com\/index.php?rest_route=\/wp\/v2\/types\/product"}],"replies":[{"embeddable":true,"href":"https:\/\/desiare.com\/index.php?rest_route=%2Fwp%2Fv2%2Fcomments&post=110"}],"wp:attachment":[{"href":"https:\/\/desiare.com\/index.php?rest_route=%2Fwp%2Fv2%2Fmedia&parent=110"}],"wp:term":[{"taxonomy":"product_brand","embeddable":true,"href":"https:\/\/desiare.com\/index.php?rest_route=%2Fwp%2Fv2%2Fproduct_brand&post=110"},{"taxonomy":"product_cat","embeddable":true,"href":"https:\/\/desiare.com\/index.php?rest_route=%2Fwp%2Fv2%2Fproduct_cat&post=110"},{"taxonomy":"product_tag","embeddable":true,"href":"https:\/\/desiare.com\/index.php?rest_route=%2Fwp%2Fv2%2Fproduct_tag&post=110"}],"curies":[{"name":"wp","href":"https:\/\/api.w.org\/{rel}","templated":true}]}}