{"id":115,"date":"2025-09-20T02:36:45","date_gmt":"2025-09-20T07:36:45","guid":{"rendered":"https:\/\/desiare.com\/?post_type=product&#038;p=115"},"modified":"2025-09-20T02:36:45","modified_gmt":"2025-09-20T07:36:45","slug":"lubricante-saborizado-fresa-bombon-elixir","status":"publish","type":"product","link":"https:\/\/desiare.com\/?product=lubricante-saborizado-fresa-bombon-elixir","title":{"rendered":"Lubricante Saborizado Fresa Bombon Elixir"},"content":{"rendered":"<h2>\u00a1Prep\u00e1rate para experimentar la sensaci\u00f3n m\u00e1s caliente y deliciosa que jam\u00e1s hayas imaginado con los lubricantes vaginales de sabores Elixir!<\/h2>\n<p>Cada botella de este elixir est\u00e1 repleta de sabor y calor que te llevar\u00e1n a nuevas alturas de placer.<\/p>\n<p>Nuestros lubricantes de sabores calientes Elixir est\u00e1n dise\u00f1ados para satisfacer tus deseos m\u00e1s intensos y hacer que tus experiencias \u00edntimas sean m\u00e1s emocionantes y satisfactorias que nunca. Con una amplia variedad de sabores ardientes y estimulantes, como Limonada de coco, fresa bomb\u00f3n, chicle, leche condensada y crema de whisky con los que nunca te aburrir\u00e1s de explorar nuevas sensaciones.<\/p>\n<p>Adem\u00e1s de proporcionar un sabor delicioso y un calor estimulante, nuestros lubricantes est\u00e1n hechos con ingredientes de alta calidad para garantizar que sean seguros y efectivos. Su f\u00f3rmula suave y duradera asegura que tu cuerpo se mantenga c\u00f3modo y lubricado durante todo el acto sexual.<\/p>\n<p>\u00a1As\u00ed que no esperes m\u00e1s para probar los lubricantes vaginales de sabores calientes Elixir y lleva tus encuentros \u00edntimos a un nivel completamente nuevo de emoci\u00f3n y pasi\u00f3n!<\/p>\n<p>Completa tu portafolio, \u00a1nuestros lubricantes vaginales de sabores calientes Elixir son la opci\u00f3n perfecta!<\/p>\n","protected":false},"excerpt":{"rendered":"<table class=\"woocommerce-product-attributes shop_attributes\">\n<tbody>\n<tr class=\"woocommerce-product-attributes-item woocommerce-product-attributes-item--attribute_marca\">\n<th class=\"woocommerce-product-attributes-item__label\">Marca<\/th>\n<td class=\"woocommerce-product-attributes-item__value\">Elixir<\/td>\n<\/tr>\n<tr class=\"woocommerce-product-attributes-item woocommerce-product-attributes-item--attribute_garant%c3%ada\">\n<th class=\"woocommerce-product-attributes-item__label\">Garant\u00eda<\/th>\n<td class=\"woocommerce-product-attributes-item__value\">1 a\u00f1o<\/td>\n<\/tr>\n<tr class=\"woocommerce-product-attributes-item woocommerce-product-attributes-item--attribute_g%c3%a9nero\">\n<th class=\"woocommerce-product-attributes-item__label\">G\u00e9nero<\/th>\n<td class=\"woocommerce-product-attributes-item__value\">Unisex<\/td>\n<\/tr>\n<tr class=\"woocommerce-product-attributes-item woocommerce-product-attributes-item--attribute_registro-sanitario-invima\">\n<th class=\"woocommerce-product-attributes-item__label\">Registro Sanitario INVIMA<\/th>\n<td class=\"woocommerce-product-attributes-item__value\">Registro No.INVIMA 222DM-2689<\/td>\n<\/tr>\n<tr class=\"woocommerce-product-attributes-item woocommerce-product-attributes-item--attribute_tipo-de-base\">\n<th class=\"woocommerce-product-attributes-item__label\">Tipo de base<\/th>\n<td class=\"woocommerce-product-attributes-item__value\">Agua<\/td>\n<\/tr>\n<tr class=\"woocommerce-product-attributes-item woocommerce-product-attributes-item--attribute_modo-de-uso\">\n<th class=\"woocommerce-product-attributes-item__label\">Modo de uso<\/th>\n<td class=\"woocommerce-product-attributes-item__value\">Aplicar una peque\u00f1a cantidad de Gel Lubricante saborizado Elixir en la zona \u00edntima para mejorar la lubricaci\u00f3n o para aliviar la resequedad durante la relaci\u00f3n \u00edntima. Puede ser utilizado con otros dispositivos m\u00e9dicos como preservativos. Reaplicar tantas<\/td>\n<\/tr>\n<tr class=\"woocommerce-product-attributes-item woocommerce-product-attributes-item--attribute_textura\">\n<th class=\"woocommerce-product-attributes-item__label\">Textura<\/th>\n<td class=\"woocommerce-product-attributes-item__value\">Suave<\/td>\n<\/tr>\n<\/tbody>\n<\/table>\n","protected":false},"featured_media":0,"comment_status":"open","ping_status":"closed","template":"","meta":[],"product_brand":[33],"product_cat":[28,29,37,38,32],"product_tag":[],"class_list":{"0":"post-115","1":"product","2":"type-product","3":"status-publish","5":"product_brand-elixir","6":"product_cat-elixir","7":"product_cat-lubricantes","8":"product_cat-lubricantes-frios-y-calientes","9":"product_cat-lubricantes-saborizados","10":"product_cat-todo","12":"first","13":"instock","14":"shipping-taxable","15":"purchasable","16":"product-type-simple"},"_links":{"self":[{"href":"https:\/\/desiare.com\/index.php?rest_route=\/wp\/v2\/product\/115","targetHints":{"allow":["GET"]}}],"collection":[{"href":"https:\/\/desiare.com\/index.php?rest_route=\/wp\/v2\/product"}],"about":[{"href":"https:\/\/desiare.com\/index.php?rest_route=\/wp\/v2\/types\/product"}],"replies":[{"embeddable":true,"href":"https:\/\/desiare.com\/index.php?rest_route=%2Fwp%2Fv2%2Fcomments&post=115"}],"wp:attachment":[{"href":"https:\/\/desiare.com\/index.php?rest_route=%2Fwp%2Fv2%2Fmedia&parent=115"}],"wp:term":[{"taxonomy":"product_brand","embeddable":true,"href":"https:\/\/desiare.com\/index.php?rest_route=%2Fwp%2Fv2%2Fproduct_brand&post=115"},{"taxonomy":"product_cat","embeddable":true,"href":"https:\/\/desiare.com\/index.php?rest_route=%2Fwp%2Fv2%2Fproduct_cat&post=115"},{"taxonomy":"product_tag","embeddable":true,"href":"https:\/\/desiare.com\/index.php?rest_route=%2Fwp%2Fv2%2Fproduct_tag&post=115"}],"curies":[{"name":"wp","href":"https:\/\/api.w.org\/{rel}","templated":true}]}}