{"id":118,"date":"2025-09-20T02:39:36","date_gmt":"2025-09-20T07:39:36","guid":{"rendered":"https:\/\/desiare.com\/?post_type=product&#038;p=118"},"modified":"2025-09-20T02:39:36","modified_gmt":"2025-09-20T07:39:36","slug":"gel-anz-gel-anal","status":"publish","type":"product","link":"https:\/\/desiare.com\/?product=gel-anz-gel-anal","title":{"rendered":"Gel Anz \u2013 Gel Anal"},"content":{"rendered":"<h2><strong>Crema para una experiencia anal m\u00e1s c\u00f3moda<\/strong><\/h2>\n<p>Esta crema est\u00e1 dise\u00f1ada para facilitar una experiencia anal m\u00e1s placentera y sin incomodidades. Su f\u00f3rmula especial ayuda a lubricar y relajar la zona, minimizando las molestias durante la intimidad.<\/p>\n<p><strong>Modo de uso<\/strong>: para aplicar, colocar una peque\u00f1a cantidad del producto sobre la piel y esparcirla sobre el \u00e1rea deseada.<\/p>\n","protected":false},"excerpt":{"rendered":"<p>Crema para una experiencia anal m\u00e1s c\u00f3moda Esta crema est\u00e1 dise\u00f1ada para facilitar una experiencia anal m\u00e1s placentera y sin&#8230;<\/p>\n","protected":false},"featured_media":0,"comment_status":"open","ping_status":"closed","template":"","meta":[],"product_brand":[39],"product_cat":[29,32],"product_tag":[],"class_list":{"0":"post-118","1":"product","2":"type-product","3":"status-publish","5":"product_brand-gelanz","6":"product_cat-lubricantes","7":"product_cat-todo","9":"first","10":"instock","11":"shipping-taxable","12":"purchasable","13":"product-type-simple"},"_links":{"self":[{"href":"https:\/\/desiare.com\/index.php?rest_route=\/wp\/v2\/product\/118","targetHints":{"allow":["GET"]}}],"collection":[{"href":"https:\/\/desiare.com\/index.php?rest_route=\/wp\/v2\/product"}],"about":[{"href":"https:\/\/desiare.com\/index.php?rest_route=\/wp\/v2\/types\/product"}],"replies":[{"embeddable":true,"href":"https:\/\/desiare.com\/index.php?rest_route=%2Fwp%2Fv2%2Fcomments&post=118"}],"wp:attachment":[{"href":"https:\/\/desiare.com\/index.php?rest_route=%2Fwp%2Fv2%2Fmedia&parent=118"}],"wp:term":[{"taxonomy":"product_brand","embeddable":true,"href":"https:\/\/desiare.com\/index.php?rest_route=%2Fwp%2Fv2%2Fproduct_brand&post=118"},{"taxonomy":"product_cat","embeddable":true,"href":"https:\/\/desiare.com\/index.php?rest_route=%2Fwp%2Fv2%2Fproduct_cat&post=118"},{"taxonomy":"product_tag","embeddable":true,"href":"https:\/\/desiare.com\/index.php?rest_route=%2Fwp%2Fv2%2Fproduct_tag&post=118"}],"curies":[{"name":"wp","href":"https:\/\/api.w.org\/{rel}","templated":true}]}}