{"id":120,"date":"2025-09-20T02:44:15","date_gmt":"2025-09-20T07:44:15","guid":{"rendered":"https:\/\/desiare.com\/?post_type=product&#038;p=120"},"modified":"2025-09-20T02:44:15","modified_gmt":"2025-09-20T07:44:15","slug":"lubricante-intimo-de-silicona-30ml","status":"publish","type":"product","link":"https:\/\/desiare.com\/?product=lubricante-intimo-de-silicona-30ml","title":{"rendered":"Lubricante Intimo de Silicona 30ml"},"content":{"rendered":"<h3><strong>Lubricante \u00cdntimo de Silicona de Elixir<\/strong><\/h3>\n<p>M\u00e1xima duraci\u00f3n. Resistencia al agua. Sensaci\u00f3n sedosa sin interrupciones.<\/p>\n<p>El Lubricante \u00cdntimo de Silicona de Elixir ha sido desarrollado para brindar una lubricaci\u00f3n excepcionalmente duradera, ideal para experiencias prolongadas y ambientes h\u00famedos. Su f\u00f3rmula a base de siliconas de alta calidad no se mezcla con el agua, lo que permite mantener una textura suave y continua incluso en condiciones de humedad constante.<\/p>\n<p>Gracias a su consistencia sedosa, mejora la experiencia \u00edntima al reducir la fricci\u00f3n sin dejar residuos pegajosos ni manchas en la ropa o las s\u00e1banas. Est\u00e1 formulado para ser seguro con la piel y es recomendado por ginec\u00f3logos en casos de resequedad vaginal moderada a severa, ya que proporciona un alivio eficaz y duradero sin alterar el equilibrio natural de la zona \u00edntima.<\/p>\n<p>Beneficios cl\u00ednicos y funcionales:<\/p>\n<ul>\n<li>Lubricaci\u00f3n ultra prolongada: ideal para sesiones largas, sin necesidad de reaplicaci\u00f3n.<\/li>\n<li>Resistente al agua: permanece activo incluso en ambientes h\u00famedos, como duchas.<\/li>\n<li>Textura sedosa y suave: se adapta al movimiento corporal con una sensaci\u00f3n natural.<\/li>\n<li>No mancha ni deja residuos: acabado limpio y confortable, con aroma neutro.<\/li>\n<li>Alta tolerancia cut\u00e1nea: apto para pieles sensibles, sin sensaci\u00f3n grasosa.<\/li>\n<li>Recomendado por ginec\u00f3logos: especialmente \u00fatil en casos de resequedad vaginal.<\/li>\n<\/ul>\n<p>El Lubricante \u00cdntimo de Silicona de Elixir est\u00e1 dise\u00f1ado para quienes requieren una lubricaci\u00f3n confiable, duradera y resistente al agua y buscan una experiencia sensorial superior.<\/p>\n<p>Elixir Silicona: para el cuidado \u00edntimo que exige duraci\u00f3n, suavidad y m\u00e1xima seguridad.<\/p>\n","protected":false},"excerpt":{"rendered":"<table class=\"woocommerce-product-attributes shop_attributes\">\n<tbody>\n<tr class=\"woocommerce-product-attributes-item woocommerce-product-attributes-item--attribute_beneficios\">\n<th class=\"woocommerce-product-attributes-item__label\">Beneficios<\/th>\n<td class=\"woocommerce-product-attributes-item__value\">\u2022 Puede ser usado en diferentes etapas hormonales de la vida de una mujer, como: la menopausia, embarazo, puerperio, durante la ingesta de tratamientos anticonceptivos, o simplemente, para reforzar la lubricaci\u00f3n natural y el disfrute en la intimidad &lt;b<\/td>\n<\/tr>\n<tr class=\"woocommerce-product-attributes-item woocommerce-product-attributes-item--attribute_garant%c3%ada\">\n<th class=\"woocommerce-product-attributes-item__label\">Garant\u00eda<\/th>\n<td class=\"woocommerce-product-attributes-item__value\">1 a\u00f1o<\/td>\n<\/tr>\n<tr class=\"woocommerce-product-attributes-item woocommerce-product-attributes-item--attribute_g%c3%a9nero\">\n<th class=\"woocommerce-product-attributes-item__label\">G\u00e9nero<\/th>\n<td class=\"woocommerce-product-attributes-item__value\">Unisex<\/td>\n<\/tr>\n<tr class=\"woocommerce-product-attributes-item woocommerce-product-attributes-item--attribute_marca\">\n<th class=\"woocommerce-product-attributes-item__label\">Marca<\/th>\n<td class=\"woocommerce-product-attributes-item__value\">Elixir<\/td>\n<\/tr>\n<tr class=\"woocommerce-product-attributes-item woocommerce-product-attributes-item--attribute_precauciones\">\n<th class=\"woocommerce-product-attributes-item__label\">Precauciones<\/th>\n<td class=\"woocommerce-product-attributes-item__value\">\u2022 No se recomiena el uso de este lubricante con juguetes de silicona ya que puede causar da\u00f1os al juguete. \u2022No es un anticonceptivo, no contiene espermicidas.\u2022Mantener en un lugar fresco y seco protegido de la luz a temperatura ambiente.\u00a0En caso<\/td>\n<\/tr>\n<tr class=\"woocommerce-product-attributes-item woocommerce-product-attributes-item--attribute_textura\">\n<th class=\"woocommerce-product-attributes-item__label\">Textura<\/th>\n<td class=\"woocommerce-product-attributes-item__value\">Oleosa<\/td>\n<\/tr>\n<\/tbody>\n<\/table>\n","protected":false},"featured_media":0,"comment_status":"open","ping_status":"closed","template":"","meta":[],"product_brand":[33],"product_cat":[28,29,40,34],"product_tag":[],"class_list":{"0":"post-120","1":"product","2":"type-product","3":"status-publish","5":"product_brand-elixir","6":"product_cat-elixir","7":"product_cat-lubricantes","8":"product_cat-lubricantes-anales","9":"product_cat-para-ella","11":"first","12":"instock","13":"shipping-taxable","14":"purchasable","15":"product-type-simple"},"_links":{"self":[{"href":"https:\/\/desiare.com\/index.php?rest_route=\/wp\/v2\/product\/120","targetHints":{"allow":["GET"]}}],"collection":[{"href":"https:\/\/desiare.com\/index.php?rest_route=\/wp\/v2\/product"}],"about":[{"href":"https:\/\/desiare.com\/index.php?rest_route=\/wp\/v2\/types\/product"}],"replies":[{"embeddable":true,"href":"https:\/\/desiare.com\/index.php?rest_route=%2Fwp%2Fv2%2Fcomments&post=120"}],"wp:attachment":[{"href":"https:\/\/desiare.com\/index.php?rest_route=%2Fwp%2Fv2%2Fmedia&parent=120"}],"wp:term":[{"taxonomy":"product_brand","embeddable":true,"href":"https:\/\/desiare.com\/index.php?rest_route=%2Fwp%2Fv2%2Fproduct_brand&post=120"},{"taxonomy":"product_cat","embeddable":true,"href":"https:\/\/desiare.com\/index.php?rest_route=%2Fwp%2Fv2%2Fproduct_cat&post=120"},{"taxonomy":"product_tag","embeddable":true,"href":"https:\/\/desiare.com\/index.php?rest_route=%2Fwp%2Fv2%2Fproduct_tag&post=120"}],"curies":[{"name":"wp","href":"https:\/\/api.w.org\/{rel}","templated":true}]}}