{"id":124,"date":"2025-09-20T02:47:47","date_gmt":"2025-09-20T07:47:47","guid":{"rendered":"https:\/\/desiare.com\/?post_type=product&#038;p=124"},"modified":"2025-09-20T02:47:47","modified_gmt":"2025-09-20T07:47:47","slug":"aceite-para-masajes-elixir","status":"publish","type":"product","link":"https:\/\/desiare.com\/?product=aceite-para-masajes-elixir","title":{"rendered":"Aceite para Masajes Elixir"},"content":{"rendered":"<h3>Aceite Para Masajes Elixir: sensualidad y lujuria en un producto ideal aumentar la pasi\u00f3n y el deseo.<\/h3>\n<p>La palabra\u00a0masaje\u00a0fue atribuida desde hace muy poco tiempo, sin embargo, se considera que dicha pr\u00e1ctica ha existido desde la creaci\u00f3n de la humanidad y ha estado presente en diferentes contextos. La historia solamente habla de los masajes de tipo terap\u00e9utico o relajante, pero existe otra pr\u00e1ctica que se relaciona con la estimulaci\u00f3n de zonas \u00edntimas del cuerpo.<br \/>\nCon el paso del tiempo la pr\u00e1ctica del\u00a0masaje\u00a0fue evolucionando hasta que en oriente se perfeccion\u00f3. Se dice que el origen de los\u00a0masajes er\u00f3ticos\u00a0naci\u00f3 justamente en esta parte del mundo con la invenci\u00f3n de los famosos masajes t\u00e1ntricos o tantras.<br \/>\nEn la actualidad los\u00a0masajes er\u00f3ticos\u00a0constituyen una de las pr\u00e1cticas sexuales m\u00e1s utilizadas, ya que combina antiguas t\u00e9cnicas de relajaci\u00f3n corporal con estimulaci\u00f3n y excitaci\u00f3n de las zonas \u00edntimas, creando as\u00ed un momento ideal para la pasi\u00f3n.<br \/>\nY como complemento perfecto para cada masaje er\u00f3tico, presentamos en exclusiva el\u00a0Aceite Para Masajes Elixir,\u00a0un producto elaborado con ingredientes de alta calidad, que contiene extractos naturales como aloe vera, maca, jengibre y arginina.<br \/>\nSu textura es ideal para frotar en la piel con delicadeza, permitiendo movimientos de relajaci\u00f3n y excitaci\u00f3n con mayor facilidad. Un producto\u00a0premium que combina una textura ligera, un delicioso aroma y una leve sensaci\u00f3n caliente que despierta todos los sentidos, perfecto para juego previo.<\/p>\n","protected":false},"excerpt":{"rendered":"<table class=\"woocommerce-product-attributes shop_attributes\">\n<tbody>\n<tr class=\"woocommerce-product-attributes-item woocommerce-product-attributes-item--attribute_pa_tamano\">\n<th class=\"woocommerce-product-attributes-item__label\">Tama\u00f1o<\/th>\n<td class=\"woocommerce-product-attributes-item__value\">250 ml, 30 ml<\/td>\n<\/tr>\n<\/tbody>\n<\/table>\n","protected":false},"featured_media":0,"comment_status":"open","ping_status":"closed","template":"","meta":[],"product_brand":[33],"product_cat":[41,28,29],"product_tag":[],"class_list":{"0":"post-124","1":"product","2":"type-product","3":"status-publish","5":"product_brand-elixir","6":"product_cat-aceites-para-masajes","7":"product_cat-elixir","8":"product_cat-lubricantes","10":"first","11":"instock","12":"shipping-taxable","13":"purchasable","14":"product-type-simple"},"_links":{"self":[{"href":"https:\/\/desiare.com\/index.php?rest_route=\/wp\/v2\/product\/124","targetHints":{"allow":["GET"]}}],"collection":[{"href":"https:\/\/desiare.com\/index.php?rest_route=\/wp\/v2\/product"}],"about":[{"href":"https:\/\/desiare.com\/index.php?rest_route=\/wp\/v2\/types\/product"}],"replies":[{"embeddable":true,"href":"https:\/\/desiare.com\/index.php?rest_route=%2Fwp%2Fv2%2Fcomments&post=124"}],"wp:attachment":[{"href":"https:\/\/desiare.com\/index.php?rest_route=%2Fwp%2Fv2%2Fmedia&parent=124"}],"wp:term":[{"taxonomy":"product_brand","embeddable":true,"href":"https:\/\/desiare.com\/index.php?rest_route=%2Fwp%2Fv2%2Fproduct_brand&post=124"},{"taxonomy":"product_cat","embeddable":true,"href":"https:\/\/desiare.com\/index.php?rest_route=%2Fwp%2Fv2%2Fproduct_cat&post=124"},{"taxonomy":"product_tag","embeddable":true,"href":"https:\/\/desiare.com\/index.php?rest_route=%2Fwp%2Fv2%2Fproduct_tag&post=124"}],"curies":[{"name":"wp","href":"https:\/\/api.w.org\/{rel}","templated":true}]}}