{"id":126,"date":"2025-09-20T02:53:20","date_gmt":"2025-09-20T07:53:20","guid":{"rendered":"https:\/\/desiare.com\/?post_type=product&#038;p=126"},"modified":"2025-09-20T02:53:20","modified_gmt":"2025-09-20T07:53:20","slug":"baby-doll-bluma-lerot","status":"publish","type":"product","link":"https:\/\/desiare.com\/?product=baby-doll-bluma-lerot","title":{"rendered":"Baby Doll Bluma Lerot"},"content":{"rendered":"<h2>Baby Doll Bluma Lerot<\/h2>\n<h3>\u00a1Un cl\u00e1sico en color blanco que nunca falla!<\/h3>\n<p>Este\u00a0<strong>Baby Doll Bluma Lerot<\/strong>\u00a0es una prenda que elevar\u00e1 la pasi\u00f3n sin dejar de lado la comodidad.<\/p>\n<p>Su busto es en encaje con un escote en V, tiene una peque\u00f1a abertura frontal y posterior que revela el abdomen y espalda, adem\u00e1s de tener transparencias muy cautivadoras.<\/p>\n<p>Su pantie es en encaje tipo brasilera con un peque\u00f1o bolero. Este producto no est\u00e1 sujeto a cambios; sin embargo, se ofrece garant\u00eda \u00fanicamente por defectos de fabricaci\u00f3n.<\/p>\n","protected":false},"excerpt":{"rendered":"<table class=\"woocommerce-product-attributes shop_attributes\">\n<tbody>\n<tr class=\"woocommerce-product-attributes-item woocommerce-product-attributes-item--attribute_contenido\">\n<th class=\"woocommerce-product-attributes-item__label\">Contenido<\/th>\n<td class=\"woocommerce-product-attributes-item__value\">Incluye baby doll y pantie<\/td>\n<\/tr>\n<tr class=\"woocommerce-product-attributes-item woocommerce-product-attributes-item--attribute_cuidados\">\n<th class=\"woocommerce-product-attributes-item__label\">Cuidados<\/th>\n<td class=\"woocommerce-product-attributes-item__value\">Lavar con agua fr\u00eda, a mano, por separado o en el proceso de prendas delicadas, no usar desinfectantes, ni plancha, y secar a la sombra.<\/td>\n<\/tr>\n<tr class=\"woocommerce-product-attributes-item woocommerce-product-attributes-item--attribute_garant%c3%ada\">\n<th class=\"woocommerce-product-attributes-item__label\">Garant\u00eda<\/th>\n<td class=\"woocommerce-product-attributes-item__value\">30 d\u00edas<\/td>\n<\/tr>\n<tr class=\"woocommerce-product-attributes-item woocommerce-product-attributes-item--attribute_g%c3%a9nero\">\n<th class=\"woocommerce-product-attributes-item__label\">G\u00e9nero<\/th>\n<td class=\"woocommerce-product-attributes-item__value\">Femenino<\/td>\n<\/tr>\n<tr class=\"woocommerce-product-attributes-item woocommerce-product-attributes-item--attribute_marca\">\n<th class=\"woocommerce-product-attributes-item__label\">Marca<\/th>\n<td class=\"woocommerce-product-attributes-item__value\">Lerot<\/td>\n<\/tr>\n<tr class=\"woocommerce-product-attributes-item woocommerce-product-attributes-item--attribute_material\">\n<th class=\"woocommerce-product-attributes-item__label\">Material<\/th>\n<td class=\"woocommerce-product-attributes-item__value\">Mallatex (Poli\u00e9ster 94%, Spandex 6%), Encaje (Nailon 91%, Spandex 9%), herrajes met\u00e1licos.<\/td>\n<\/tr>\n<tr class=\"woocommerce-product-attributes-item woocommerce-product-attributes-item--attribute_pa_talla\">\n<th class=\"woocommerce-product-attributes-item__label\">Talla<\/th>\n<td class=\"woocommerce-product-attributes-item__value\"><a href=\"https:\/\/distrisexecuador.com\/talla\/ml\/\" rel=\"tag\">ML<\/a>,\u00a0<a href=\"https:\/\/distrisexecuador.com\/talla\/talla-sm\/\" rel=\"tag\">SM<\/a><\/td>\n<\/tr>\n<\/tbody>\n<\/table>\n","protected":false},"featured_media":0,"comment_status":"open","ping_status":"closed","template":"","meta":[],"product_brand":[45],"product_cat":[42,43,44,34,32],"product_tag":[],"class_list":{"0":"post-126","1":"product","2":"type-product","3":"status-publish","5":"product_brand-lerot","6":"product_cat-baby-dolls-y-kimonos","7":"product_cat-lenceria-y-disfraces","8":"product_cat-lerot","9":"product_cat-para-ella","10":"product_cat-todo","12":"first","13":"instock","14":"shipping-taxable","15":"purchasable","16":"product-type-simple"},"_links":{"self":[{"href":"https:\/\/desiare.com\/index.php?rest_route=\/wp\/v2\/product\/126","targetHints":{"allow":["GET"]}}],"collection":[{"href":"https:\/\/desiare.com\/index.php?rest_route=\/wp\/v2\/product"}],"about":[{"href":"https:\/\/desiare.com\/index.php?rest_route=\/wp\/v2\/types\/product"}],"replies":[{"embeddable":true,"href":"https:\/\/desiare.com\/index.php?rest_route=%2Fwp%2Fv2%2Fcomments&post=126"}],"wp:attachment":[{"href":"https:\/\/desiare.com\/index.php?rest_route=%2Fwp%2Fv2%2Fmedia&parent=126"}],"wp:term":[{"taxonomy":"product_brand","embeddable":true,"href":"https:\/\/desiare.com\/index.php?rest_route=%2Fwp%2Fv2%2Fproduct_brand&post=126"},{"taxonomy":"product_cat","embeddable":true,"href":"https:\/\/desiare.com\/index.php?rest_route=%2Fwp%2Fv2%2Fproduct_cat&post=126"},{"taxonomy":"product_tag","embeddable":true,"href":"https:\/\/desiare.com\/index.php?rest_route=%2Fwp%2Fv2%2Fproduct_tag&post=126"}],"curies":[{"name":"wp","href":"https:\/\/api.w.org\/{rel}","templated":true}]}}