{"id":136,"date":"2025-09-20T03:12:36","date_gmt":"2025-09-20T08:12:36","guid":{"rendered":"https:\/\/desiare.com\/?post_type=product&#038;p=136"},"modified":"2025-09-20T03:12:36","modified_gmt":"2025-09-20T08:12:36","slug":"body-chiara-lerot","status":"publish","type":"product","link":"https:\/\/desiare.com\/?product=body-chiara-lerot","title":{"rendered":"Body Chiara Lerot"},"content":{"rendered":"<h2>Body Chiara Lerot<\/h2>\n<h3>Ahora podr\u00e1 convertirse en la sensaci\u00f3n de la velada con este sensual y excitante\u00a0<strong>Body Chiara<\/strong><\/h3>\n<p>Este\u00a0<strong>body<\/strong>\u00a0cuenta con tirantes en forma de rejilla en su parte frontal y un pantie en encaje muy llamativo.<\/p>\n<p>Se destaca en el que cubrir\u00e1 lo m\u00ednimo, para resaltar por completo su silueta. Adem\u00e1s, trae una falda que solo cubre la parte posterior como complemento para ser usada a gusto. Este producto no est\u00e1 sujeto a cambios; sin embargo, se ofrece garant\u00eda \u00fanicamente por defectos de fabricaci\u00f3n.<\/p>\n","protected":false},"excerpt":{"rendered":"<table class=\"woocommerce-product-attributes shop_attributes\">\n<tbody>\n<tr class=\"woocommerce-product-attributes-item woocommerce-product-attributes-item--attribute_contenido\">\n<th class=\"woocommerce-product-attributes-item__label\">Contenido<\/th>\n<td class=\"woocommerce-product-attributes-item__value\">Incluye body y falda<\/td>\n<\/tr>\n<tr class=\"woocommerce-product-attributes-item woocommerce-product-attributes-item--attribute_cuidados\">\n<th class=\"woocommerce-product-attributes-item__label\">Cuidados<\/th>\n<td class=\"woocommerce-product-attributes-item__value\">Lavar con agua fr\u00eda, a mano, por separado o en el proceso de prendas delicadas, no usar desinfectantes, ni plancha, y secar a la sombra.<\/td>\n<\/tr>\n<tr class=\"woocommerce-product-attributes-item woocommerce-product-attributes-item--attribute_garant%c3%ada\">\n<th class=\"woocommerce-product-attributes-item__label\">Garant\u00eda<\/th>\n<td class=\"woocommerce-product-attributes-item__value\">30 d\u00edas<\/td>\n<\/tr>\n<tr class=\"woocommerce-product-attributes-item woocommerce-product-attributes-item--attribute_g%c3%a9nero\">\n<th class=\"woocommerce-product-attributes-item__label\">G\u00e9nero<\/th>\n<td class=\"woocommerce-product-attributes-item__value\">Femenino<\/td>\n<\/tr>\n<tr class=\"woocommerce-product-attributes-item woocommerce-product-attributes-item--attribute_marca\">\n<th class=\"woocommerce-product-attributes-item__label\">Marca<\/th>\n<td class=\"woocommerce-product-attributes-item__value\">Lerot<\/td>\n<\/tr>\n<tr class=\"woocommerce-product-attributes-item woocommerce-product-attributes-item--attribute_material\">\n<th class=\"woocommerce-product-attributes-item__label\">Material<\/th>\n<td class=\"woocommerce-product-attributes-item__value\">Encaje (Nailon 91%, Spandex 9%), Mallatex (Poli\u00e9ster 94%, Spandex 6%), El\u00e1stico de Poli\u00e9ster y herrajes met\u00e1licos.<\/td>\n<\/tr>\n<tr class=\"woocommerce-product-attributes-item woocommerce-product-attributes-item--attribute_pa_talla\">\n<th class=\"woocommerce-product-attributes-item__label\">Talla<\/th>\n<td class=\"woocommerce-product-attributes-item__value\"><a href=\"https:\/\/distrisexecuador.com\/talla\/ml\/\" rel=\"tag\">ML<\/a>,\u00a0<a href=\"https:\/\/distrisexecuador.com\/talla\/talla-sm\/\" rel=\"tag\">SM<\/a><\/td>\n<\/tr>\n<\/tbody>\n<\/table>\n","protected":false},"featured_media":0,"comment_status":"open","ping_status":"closed","template":"","meta":[],"product_brand":[45],"product_cat":[49,48,43,44,34],"product_tag":[],"class_list":{"0":"post-136","1":"product","2":"type-product","3":"status-publish","5":"product_brand-lerot","6":"product_cat-black-week","7":"product_cat-bodies","8":"product_cat-lenceria-y-disfraces","9":"product_cat-lerot","10":"product_cat-para-ella","12":"first","13":"instock","14":"shipping-taxable","15":"purchasable","16":"product-type-simple"},"_links":{"self":[{"href":"https:\/\/desiare.com\/index.php?rest_route=\/wp\/v2\/product\/136","targetHints":{"allow":["GET"]}}],"collection":[{"href":"https:\/\/desiare.com\/index.php?rest_route=\/wp\/v2\/product"}],"about":[{"href":"https:\/\/desiare.com\/index.php?rest_route=\/wp\/v2\/types\/product"}],"replies":[{"embeddable":true,"href":"https:\/\/desiare.com\/index.php?rest_route=%2Fwp%2Fv2%2Fcomments&post=136"}],"wp:attachment":[{"href":"https:\/\/desiare.com\/index.php?rest_route=%2Fwp%2Fv2%2Fmedia&parent=136"}],"wp:term":[{"taxonomy":"product_brand","embeddable":true,"href":"https:\/\/desiare.com\/index.php?rest_route=%2Fwp%2Fv2%2Fproduct_brand&post=136"},{"taxonomy":"product_cat","embeddable":true,"href":"https:\/\/desiare.com\/index.php?rest_route=%2Fwp%2Fv2%2Fproduct_cat&post=136"},{"taxonomy":"product_tag","embeddable":true,"href":"https:\/\/desiare.com\/index.php?rest_route=%2Fwp%2Fv2%2Fproduct_tag&post=136"}],"curies":[{"name":"wp","href":"https:\/\/api.w.org\/{rel}","templated":true}]}}