{"id":144,"date":"2025-09-20T03:18:41","date_gmt":"2025-09-20T08:18:41","guid":{"rendered":"https:\/\/desiare.com\/?post_type=product&#038;p=144"},"modified":"2025-09-20T03:18:41","modified_gmt":"2025-09-20T08:18:41","slug":"body-leana-lerot","status":"publish","type":"product","link":"https:\/\/desiare.com\/?product=body-leana-lerot","title":{"rendered":"Body Leana Lerot"},"content":{"rendered":"<h2>Body Leana Lerot<\/h2>\n<p>Con nuestro\u00a0<strong>Body Leana Lerot\u00a0<\/strong>las mujeres modernas, seguras de s\u00ed mismas, buscar\u00e1n esta prenda como la primera en su lista. Su dise\u00f1o en transparencia, novedoso, lanzado y atrevido, ser\u00e1 tentador para sus parejas.<\/p>\n<p>Su panty abierto permite comodidad, sensualidad, pasi\u00f3n; y con sus tiras graduables tendr\u00e1n la posibilidad de acomodar la prenda a su silueta. Este producto no est\u00e1 sujeto a cambios; sin embargo, se ofrece garant\u00eda \u00fanicamente por defectos de fabricaci\u00f3n.<\/p>\n","protected":false},"excerpt":{"rendered":"<table class=\"woocommerce-product-attributes shop_attributes\">\n<tbody>\n<tr class=\"woocommerce-product-attributes-item woocommerce-product-attributes-item--attribute_contenido\">\n<th class=\"woocommerce-product-attributes-item__label\">Contenido<\/th>\n<td class=\"woocommerce-product-attributes-item__value\">Incluye body<\/td>\n<\/tr>\n<tr class=\"woocommerce-product-attributes-item woocommerce-product-attributes-item--attribute_cuidados\">\n<th class=\"woocommerce-product-attributes-item__label\">Cuidados<\/th>\n<td class=\"woocommerce-product-attributes-item__value\">Lavar con agua fr\u00eda, a mano, por separado o en el proceso de prendas delicadas, no usar desinfectantes, ni plancha, y secar a la sombra.<\/td>\n<\/tr>\n<tr class=\"woocommerce-product-attributes-item woocommerce-product-attributes-item--attribute_garant%c3%ada\">\n<th class=\"woocommerce-product-attributes-item__label\">Garant\u00eda<\/th>\n<td class=\"woocommerce-product-attributes-item__value\">30 d\u00edas<\/td>\n<\/tr>\n<tr class=\"woocommerce-product-attributes-item woocommerce-product-attributes-item--attribute_g%c3%a9nero\">\n<th class=\"woocommerce-product-attributes-item__label\">G\u00e9nero<\/th>\n<td class=\"woocommerce-product-attributes-item__value\">Femenino<\/td>\n<\/tr>\n<tr class=\"woocommerce-product-attributes-item woocommerce-product-attributes-item--attribute_marca\">\n<th class=\"woocommerce-product-attributes-item__label\">Marca<\/th>\n<td class=\"woocommerce-product-attributes-item__value\">Lerot<\/td>\n<\/tr>\n<tr class=\"woocommerce-product-attributes-item woocommerce-product-attributes-item--attribute_material\">\n<th class=\"woocommerce-product-attributes-item__label\">Material<\/th>\n<td class=\"woocommerce-product-attributes-item__value\">93% Poli\u00e9ster, 6% Elast\u00f3mero<\/td>\n<\/tr>\n<tr class=\"woocommerce-product-attributes-item woocommerce-product-attributes-item--attribute_presentaci%c3%b3n\">\n<th class=\"woocommerce-product-attributes-item__label\">Presentaci\u00f3n<\/th>\n<td class=\"woocommerce-product-attributes-item__value\">\u2022 Pantie abierto \u2022 Tiras ajustables \u2022 Transparencia<\/td>\n<\/tr>\n<tr class=\"woocommerce-product-attributes-item woocommerce-product-attributes-item--attribute_talla\">\n<th class=\"woocommerce-product-attributes-item__label\">Talla<\/th>\n<td class=\"woocommerce-product-attributes-item__value\">SM, ML<\/td>\n<\/tr>\n<\/tbody>\n<\/table>\n","protected":false},"featured_media":0,"comment_status":"open","ping_status":"closed","template":"","meta":[],"product_brand":[45],"product_cat":[48,43,44,34],"product_tag":[],"class_list":{"0":"post-144","1":"product","2":"type-product","3":"status-publish","5":"product_brand-lerot","6":"product_cat-bodies","7":"product_cat-lenceria-y-disfraces","8":"product_cat-lerot","9":"product_cat-para-ella","11":"first","12":"instock","13":"shipping-taxable","14":"purchasable","15":"product-type-simple"},"_links":{"self":[{"href":"https:\/\/desiare.com\/index.php?rest_route=\/wp\/v2\/product\/144","targetHints":{"allow":["GET"]}}],"collection":[{"href":"https:\/\/desiare.com\/index.php?rest_route=\/wp\/v2\/product"}],"about":[{"href":"https:\/\/desiare.com\/index.php?rest_route=\/wp\/v2\/types\/product"}],"replies":[{"embeddable":true,"href":"https:\/\/desiare.com\/index.php?rest_route=%2Fwp%2Fv2%2Fcomments&post=144"}],"wp:attachment":[{"href":"https:\/\/desiare.com\/index.php?rest_route=%2Fwp%2Fv2%2Fmedia&parent=144"}],"wp:term":[{"taxonomy":"product_brand","embeddable":true,"href":"https:\/\/desiare.com\/index.php?rest_route=%2Fwp%2Fv2%2Fproduct_brand&post=144"},{"taxonomy":"product_cat","embeddable":true,"href":"https:\/\/desiare.com\/index.php?rest_route=%2Fwp%2Fv2%2Fproduct_cat&post=144"},{"taxonomy":"product_tag","embeddable":true,"href":"https:\/\/desiare.com\/index.php?rest_route=%2Fwp%2Fv2%2Fproduct_tag&post=144"}],"curies":[{"name":"wp","href":"https:\/\/api.w.org\/{rel}","templated":true}]}}