{"id":149,"date":"2025-09-20T03:22:05","date_gmt":"2025-09-20T08:22:05","guid":{"rendered":"https:\/\/desiare.com\/?post_type=product&#038;p=149"},"modified":"2025-09-20T03:22:05","modified_gmt":"2025-09-20T08:22:05","slug":"bikini-agata-lerot","status":"publish","type":"product","link":"https:\/\/desiare.com\/?product=bikini-agata-lerot","title":{"rendered":"Bikini Agata Lerot"},"content":{"rendered":"<p>Sum\u00e9rgete en el lujo et\u00e9reo del estilo Old Money con nuestro traje de ba\u00f1o exclusivo.<\/p>\n<p>Este atrevido dise\u00f1o, en un profundo negro que evoca misterio y elegancia, est\u00e1 meticulosamente adornado con bordes blancos que a\u00f1aden un toque de contraste y sofisticaci\u00f3n.<\/p>\n<p>La silueta favorecedora abraza las curvas con gracia, mientras que los detalles cuidadosamente elaborados realzan la figura con un aire de refinamiento y distinci\u00f3n.<\/p>\n","protected":false},"excerpt":{"rendered":"<table class=\"woocommerce-product-attributes shop_attributes\">\n<tbody>\n<tr class=\"woocommerce-product-attributes-item woocommerce-product-attributes-item--attribute_cuidados\">\n<th class=\"woocommerce-product-attributes-item__label\">Cuidados<\/th>\n<td class=\"woocommerce-product-attributes-item__value\">Lavar con agua fr\u00eda, a mano, por separado o en el proceso de prendas delicadas, no usar desinfectantes, ni plancha, y secar a la sombra.<\/td>\n<\/tr>\n<tr class=\"woocommerce-product-attributes-item woocommerce-product-attributes-item--attribute_garant%c3%ada\">\n<th class=\"woocommerce-product-attributes-item__label\">Garant\u00eda<\/th>\n<td class=\"woocommerce-product-attributes-item__value\">30 d\u00edas<\/td>\n<\/tr>\n<tr class=\"woocommerce-product-attributes-item woocommerce-product-attributes-item--attribute_materiales\">\n<th class=\"woocommerce-product-attributes-item__label\">Materiales<\/th>\n<td class=\"woocommerce-product-attributes-item__value\">Polilicra (Spandex 23%, Nylon 77%) Herrajes metalicos<\/td>\n<\/tr>\n<tr class=\"woocommerce-product-attributes-item woocommerce-product-attributes-item--attribute_contenido\">\n<th class=\"woocommerce-product-attributes-item__label\">Contenido<\/th>\n<td class=\"woocommerce-product-attributes-item__value\">Top y panty<\/td>\n<\/tr>\n<\/tbody>\n<\/table>\n","protected":false},"featured_media":0,"comment_status":"open","ping_status":"closed","template":"","meta":[],"product_brand":[45],"product_cat":[50,43,44,34],"product_tag":[],"class_list":{"0":"post-149","1":"product","2":"type-product","3":"status-publish","5":"product_brand-lerot","6":"product_cat-conjuntos-eroticos","7":"product_cat-lenceria-y-disfraces","8":"product_cat-lerot","9":"product_cat-para-ella","11":"first","12":"instock","13":"shipping-taxable","14":"purchasable","15":"product-type-simple"},"_links":{"self":[{"href":"https:\/\/desiare.com\/index.php?rest_route=\/wp\/v2\/product\/149","targetHints":{"allow":["GET"]}}],"collection":[{"href":"https:\/\/desiare.com\/index.php?rest_route=\/wp\/v2\/product"}],"about":[{"href":"https:\/\/desiare.com\/index.php?rest_route=\/wp\/v2\/types\/product"}],"replies":[{"embeddable":true,"href":"https:\/\/desiare.com\/index.php?rest_route=%2Fwp%2Fv2%2Fcomments&post=149"}],"wp:attachment":[{"href":"https:\/\/desiare.com\/index.php?rest_route=%2Fwp%2Fv2%2Fmedia&parent=149"}],"wp:term":[{"taxonomy":"product_brand","embeddable":true,"href":"https:\/\/desiare.com\/index.php?rest_route=%2Fwp%2Fv2%2Fproduct_brand&post=149"},{"taxonomy":"product_cat","embeddable":true,"href":"https:\/\/desiare.com\/index.php?rest_route=%2Fwp%2Fv2%2Fproduct_cat&post=149"},{"taxonomy":"product_tag","embeddable":true,"href":"https:\/\/desiare.com\/index.php?rest_route=%2Fwp%2Fv2%2Fproduct_tag&post=149"}],"curies":[{"name":"wp","href":"https:\/\/api.w.org\/{rel}","templated":true}]}}