{"id":170,"date":"2025-09-20T03:38:01","date_gmt":"2025-09-20T08:38:01","guid":{"rendered":"https:\/\/desiare.com\/?post_type=product&#038;p=170"},"modified":"2025-09-20T03:38:01","modified_gmt":"2025-09-20T08:38:01","slug":"conjunto-lenceria-ivy-lerot-vinotinto","status":"publish","type":"product","link":"https:\/\/desiare.com\/?product=conjunto-lenceria-ivy-lerot-vinotinto","title":{"rendered":"Conjunto Lenceria Ivy Lerot Vinotinto"},"content":{"rendered":"<h2>Ivy es un conjunto de lencer\u00eda er\u00f3tica que te cautivar\u00e1 con su elegante tono vinotinto.<\/h2>\n<p>&nbsp;<\/p>\n<p>Con su panty y bralette, Ivy ofrece un look sensual y sofisticado para aquellas noches especiales. Adem\u00e1s, Ivy est\u00e1 disponible en dos tallas, S-M y M-L, para que puedas encontrar la que mejor se adapte a tu cuerpo. Deja que el color vibrante y el dise\u00f1o sutil de Ivy te hagan sentir confiada y atrevida. \u00a1Descubre la pasi\u00f3n con Ivy!<\/p>\n<p><strong>Este producto no est\u00e1 sujeto a cambios; sin embargo, se ofrece garant\u00eda \u00fanicamente por defectos de fabricaci\u00f3n.<\/strong><\/p>\n","protected":false},"excerpt":{"rendered":"<table class=\"woocommerce-product-attributes shop_attributes\">\n<tbody>\n<tr class=\"woocommerce-product-attributes-item woocommerce-product-attributes-item--attribute_contenido\">\n<th class=\"woocommerce-product-attributes-item__label\">Contenido<\/th>\n<td class=\"woocommerce-product-attributes-item__value\">Incluye Bralette y Panty<\/td>\n<\/tr>\n<tr class=\"woocommerce-product-attributes-item woocommerce-product-attributes-item--attribute_cuidados\">\n<th class=\"woocommerce-product-attributes-item__label\">Cuidados<\/th>\n<td class=\"woocommerce-product-attributes-item__value\">Se recomienda lavar por separado, secar a la sombra y no utilizar blanqueador.<\/td>\n<\/tr>\n<tr class=\"woocommerce-product-attributes-item woocommerce-product-attributes-item--attribute_garant%c3%ada\">\n<th class=\"woocommerce-product-attributes-item__label\">Garant\u00eda<\/th>\n<td class=\"woocommerce-product-attributes-item__value\">30 d\u00edas<\/td>\n<\/tr>\n<tr class=\"woocommerce-product-attributes-item woocommerce-product-attributes-item--attribute_g%c3%a9nero\">\n<th class=\"woocommerce-product-attributes-item__label\">G\u00e9nero<\/th>\n<td class=\"woocommerce-product-attributes-item__value\">Femenino<\/td>\n<\/tr>\n<tr class=\"woocommerce-product-attributes-item woocommerce-product-attributes-item--attribute_marca\">\n<th class=\"woocommerce-product-attributes-item__label\">Marca<\/th>\n<td class=\"woocommerce-product-attributes-item__value\">Lerot<\/td>\n<\/tr>\n<tr class=\"woocommerce-product-attributes-item woocommerce-product-attributes-item--attribute_material\">\n<th class=\"woocommerce-product-attributes-item__label\">Material<\/th>\n<td class=\"woocommerce-product-attributes-item__value\">Encaje (Nylon 91%, Espandex 9%) y Herrajes y arco met\u00e1licos<\/td>\n<\/tr>\n<tr class=\"woocommerce-product-attributes-item woocommerce-product-attributes-item--attribute_talla\">\n<th class=\"woocommerce-product-attributes-item__label\">Talla<\/th>\n<td class=\"woocommerce-product-attributes-item__value\">SM, ML<\/td>\n<\/tr>\n<\/tbody>\n<\/table>\n","protected":false},"featured_media":0,"comment_status":"open","ping_status":"closed","template":"","meta":[],"product_brand":[45],"product_cat":[50,43,44,34],"product_tag":[],"class_list":{"0":"post-170","1":"product","2":"type-product","3":"status-publish","5":"product_brand-lerot","6":"product_cat-conjuntos-eroticos","7":"product_cat-lenceria-y-disfraces","8":"product_cat-lerot","9":"product_cat-para-ella","11":"first","12":"instock","13":"shipping-taxable","14":"purchasable","15":"product-type-simple"},"_links":{"self":[{"href":"https:\/\/desiare.com\/index.php?rest_route=\/wp\/v2\/product\/170","targetHints":{"allow":["GET"]}}],"collection":[{"href":"https:\/\/desiare.com\/index.php?rest_route=\/wp\/v2\/product"}],"about":[{"href":"https:\/\/desiare.com\/index.php?rest_route=\/wp\/v2\/types\/product"}],"replies":[{"embeddable":true,"href":"https:\/\/desiare.com\/index.php?rest_route=%2Fwp%2Fv2%2Fcomments&post=170"}],"wp:attachment":[{"href":"https:\/\/desiare.com\/index.php?rest_route=%2Fwp%2Fv2%2Fmedia&parent=170"}],"wp:term":[{"taxonomy":"product_brand","embeddable":true,"href":"https:\/\/desiare.com\/index.php?rest_route=%2Fwp%2Fv2%2Fproduct_brand&post=170"},{"taxonomy":"product_cat","embeddable":true,"href":"https:\/\/desiare.com\/index.php?rest_route=%2Fwp%2Fv2%2Fproduct_cat&post=170"},{"taxonomy":"product_tag","embeddable":true,"href":"https:\/\/desiare.com\/index.php?rest_route=%2Fwp%2Fv2%2Fproduct_tag&post=170"}],"curies":[{"name":"wp","href":"https:\/\/api.w.org\/{rel}","templated":true}]}}