{"id":175,"date":"2025-09-20T03:42:29","date_gmt":"2025-09-20T08:42:29","guid":{"rendered":"https:\/\/desiare.com\/?post_type=product&#038;p=175"},"modified":"2025-09-20T03:42:29","modified_gmt":"2025-09-20T08:42:29","slug":"medias-liguero-libby","status":"publish","type":"product","link":"https:\/\/desiare.com\/?product=medias-liguero-libby","title":{"rendered":"Medias Liguero Libby"},"content":{"rendered":"<h2><strong>Media Liguero Velada \u2013 Mapal\u00e9<\/strong><\/h2>\n<h3><strong>\u00a0Caracter\u00edsticas de las Medias Liguero Libby:<\/strong><\/h3>\n<ul>\n<li>Referencia: 1094<\/li>\n<li>Colores: Blanco \u2013 Rojo \u2013 Negro \u2013 Marfil<\/li>\n<li>Material: 94% Nylon 6% Elastano<\/li>\n<li>Instrucciones de lavado: Lavar a mano y por separado, no usar desinfectantes y secar a la sombra<\/li>\n<\/ul>\n<p>Las medias nunca pasar\u00e1n de moda y m\u00e1s cuando se combinan con tu lencer\u00eda favorita, vienen en variedad de colores e incluyen un dise\u00f1o de encaje en la parte superior y una banda de silicona que permiten que se mantengan siempre firmes.<\/p>\n<p>MAPAL\u00c9 ha decidido entrar al mercado Ecuador, brindando la oportunidad a todas las mujeres de expresar sus sentimientos y emociones a trav\u00e9s del uso de sus prendas. Su meta es ser una marca vers\u00e1til, innovadora y, sobre todo, c\u00f3mplice de cada una de las mujeres en su forma de ser, sentir y actuar.<\/p>\n<p><strong>Mapal\u00e9\u00a0<\/strong>se ha posicionado como una empresa de dise\u00f1o y confecci\u00f3n de prendas con altos est\u00e1ndares de calidad y estrictos procesos de producci\u00f3n. Todas las telas e insumos provienen de Colombia y Estados Unidos.<\/p>\n<p>Mapal\u00e9 es una marca l\u00edder reconocida por sus productos innovadores y dise\u00f1os vanguardistas. Los productos Mapal\u00e9 est\u00e1n disponibles en todo el mundo.\u00a0<strong>Mapal\u00e9\u00a0<\/strong>es una empresa estadounidense que nace en\u00a0el a\u00f1o de 1999 en Miami, una marca inspirada en el estilo South Beach, en donde se fusiona toda la calidez, frescura, dinamismo con la diversi\u00f3n y sensualidad que se viven en el d\u00eda a d\u00eda en esta ciudad. Inspiraci\u00f3n que se ve reflejada en sus principales l\u00edneas, resort y lingerie.<\/p>\n","protected":false},"excerpt":{"rendered":"<table class=\"woocommerce-product-attributes shop_attributes\">\n<tbody>\n<tr class=\"woocommerce-product-attributes-item woocommerce-product-attributes-item--attribute_pa_talla\">\n<th class=\"woocommerce-product-attributes-item__label\">Talla<\/th>\n<td class=\"woocommerce-product-attributes-item__value\"><a href=\"https:\/\/distrisexecuador.com\/talla\/unica\/\" rel=\"tag\">\u00danica<\/a>,\u00a0<a href=\"https:\/\/distrisexecuador.com\/talla\/xl\/\" rel=\"tag\">XL<\/a><\/td>\n<\/tr>\n<tr class=\"woocommerce-product-attributes-item woocommerce-product-attributes-item--attribute_pa_color\">\n<th class=\"woocommerce-product-attributes-item__label\">Color<\/th>\n<td class=\"woocommerce-product-attributes-item__value\"><a href=\"https:\/\/distrisexecuador.com\/color\/blanco\/\" rel=\"tag\">Blanco<\/a>,\u00a0<a href=\"https:\/\/distrisexecuador.com\/color\/negro\/\" rel=\"tag\">Negro<\/a>,\u00a0<a href=\"https:\/\/distrisexecuador.com\/color\/rojo\/\" rel=\"tag\">Rojo<\/a><\/td>\n<\/tr>\n<\/tbody>\n<\/table>\n","protected":false},"featured_media":0,"comment_status":"open","ping_status":"closed","template":"","meta":[],"product_brand":[46],"product_cat":[43,47,34,32],"product_tag":[],"class_list":{"0":"post-175","1":"product","2":"type-product","3":"status-publish","5":"product_brand-mapale","6":"product_cat-lenceria-y-disfraces","7":"product_cat-mapale","8":"product_cat-para-ella","9":"product_cat-todo","11":"first","12":"instock","13":"shipping-taxable","14":"purchasable","15":"product-type-simple"},"_links":{"self":[{"href":"https:\/\/desiare.com\/index.php?rest_route=\/wp\/v2\/product\/175","targetHints":{"allow":["GET"]}}],"collection":[{"href":"https:\/\/desiare.com\/index.php?rest_route=\/wp\/v2\/product"}],"about":[{"href":"https:\/\/desiare.com\/index.php?rest_route=\/wp\/v2\/types\/product"}],"replies":[{"embeddable":true,"href":"https:\/\/desiare.com\/index.php?rest_route=%2Fwp%2Fv2%2Fcomments&post=175"}],"wp:attachment":[{"href":"https:\/\/desiare.com\/index.php?rest_route=%2Fwp%2Fv2%2Fmedia&parent=175"}],"wp:term":[{"taxonomy":"product_brand","embeddable":true,"href":"https:\/\/desiare.com\/index.php?rest_route=%2Fwp%2Fv2%2Fproduct_brand&post=175"},{"taxonomy":"product_cat","embeddable":true,"href":"https:\/\/desiare.com\/index.php?rest_route=%2Fwp%2Fv2%2Fproduct_cat&post=175"},{"taxonomy":"product_tag","embeddable":true,"href":"https:\/\/desiare.com\/index.php?rest_route=%2Fwp%2Fv2%2Fproduct_tag&post=175"}],"curies":[{"name":"wp","href":"https:\/\/api.w.org\/{rel}","templated":true}]}}