{"id":185,"date":"2025-09-20T03:45:56","date_gmt":"2025-09-20T08:45:56","guid":{"rendered":"https:\/\/desiare.com\/?post_type=product&#038;p=185"},"modified":"2025-09-20T03:45:56","modified_gmt":"2025-09-20T08:45:56","slug":"media-pantalon-megan-de-malla","status":"publish","type":"product","link":"https:\/\/desiare.com\/?product=media-pantalon-megan-de-malla","title":{"rendered":"Media pantal\u00f3n Megan de malla"},"content":{"rendered":"<h2>Megan es un juego de medias er\u00f3ticas en un elegante color negro.<\/h2>\n<p>Con tres tama\u00f1os diferentes de malla, estas medias te ofrecen la versatilidad perfecta para cualquier ocasi\u00f3n \u00edntima. La talla \u00fanica significa que puedes concentrarte en disfrutar de la sensaci\u00f3n de lujo en lugar de preocuparte por encontrar la talla correcta. Megan es la opci\u00f3n perfecta para aquellos que buscan a\u00f1adir un toque extra de sensualidad a su atuendo. \u00a1Sorprende a tu pareja con unas Megan negras y seductoras! Este producto no est\u00e1 sujeto a cambios; sin embargo, se ofrece garant\u00eda \u00fanicamente por defectos de fabricaci\u00f3n.<\/p>\n","protected":false},"excerpt":{"rendered":"<table class=\"woocommerce-product-attributes shop_attributes\">\n<tbody>\n<tr class=\"woocommerce-product-attributes-item woocommerce-product-attributes-item--attribute_contenido\">\n<th class=\"woocommerce-product-attributes-item__label\">Contenido<\/th>\n<td class=\"woocommerce-product-attributes-item__value\">Media pantal\u00f3n<\/td>\n<\/tr>\n<tr class=\"woocommerce-product-attributes-item woocommerce-product-attributes-item--attribute_cuidados\">\n<th class=\"woocommerce-product-attributes-item__label\">Cuidados<\/th>\n<td class=\"woocommerce-product-attributes-item__value\">Se recomienda lavar por separado, secar a la sombra y no utilizar blanqueador.<\/td>\n<\/tr>\n<tr class=\"woocommerce-product-attributes-item woocommerce-product-attributes-item--attribute_garant%c3%ada\">\n<th class=\"woocommerce-product-attributes-item__label\">Garant\u00eda<\/th>\n<td class=\"woocommerce-product-attributes-item__value\">30 d\u00edas<\/td>\n<\/tr>\n<tr class=\"woocommerce-product-attributes-item woocommerce-product-attributes-item--attribute_g%c3%a9nero\">\n<th class=\"woocommerce-product-attributes-item__label\">G\u00e9nero<\/th>\n<td class=\"woocommerce-product-attributes-item__value\">Femenino<\/td>\n<\/tr>\n<tr class=\"woocommerce-product-attributes-item woocommerce-product-attributes-item--attribute_marca\">\n<th class=\"woocommerce-product-attributes-item__label\">Marca<\/th>\n<td class=\"woocommerce-product-attributes-item__value\">Lerot<\/td>\n<\/tr>\n<tr class=\"woocommerce-product-attributes-item woocommerce-product-attributes-item--attribute_material\">\n<th class=\"woocommerce-product-attributes-item__label\">Material<\/th>\n<td class=\"woocommerce-product-attributes-item__value\">96% Elastano, 4% espandex<\/td>\n<\/tr>\n<tr class=\"woocommerce-product-attributes-item woocommerce-product-attributes-item--attribute_tama%c3%b1o\">\n<th class=\"woocommerce-product-attributes-item__label\">Tama\u00f1o<\/th>\n<td class=\"woocommerce-product-attributes-item__value\">Peque\u00f1o, Mediano, Grande<\/td>\n<\/tr>\n<\/tbody>\n<\/table>\n","protected":false},"featured_media":0,"comment_status":"open","ping_status":"closed","template":"","meta":[],"product_brand":[45],"product_cat":[43,44,51,34],"product_tag":[],"class_list":{"0":"post-185","1":"product","2":"type-product","3":"status-publish","5":"product_brand-lerot","6":"product_cat-lenceria-y-disfraces","7":"product_cat-lerot","8":"product_cat-medias-y-ligueros","9":"product_cat-para-ella","11":"first","12":"instock","13":"shipping-taxable","14":"purchasable","15":"product-type-simple"},"_links":{"self":[{"href":"https:\/\/desiare.com\/index.php?rest_route=\/wp\/v2\/product\/185","targetHints":{"allow":["GET"]}}],"collection":[{"href":"https:\/\/desiare.com\/index.php?rest_route=\/wp\/v2\/product"}],"about":[{"href":"https:\/\/desiare.com\/index.php?rest_route=\/wp\/v2\/types\/product"}],"replies":[{"embeddable":true,"href":"https:\/\/desiare.com\/index.php?rest_route=%2Fwp%2Fv2%2Fcomments&post=185"}],"wp:attachment":[{"href":"https:\/\/desiare.com\/index.php?rest_route=%2Fwp%2Fv2%2Fmedia&parent=185"}],"wp:term":[{"taxonomy":"product_brand","embeddable":true,"href":"https:\/\/desiare.com\/index.php?rest_route=%2Fwp%2Fv2%2Fproduct_brand&post=185"},{"taxonomy":"product_cat","embeddable":true,"href":"https:\/\/desiare.com\/index.php?rest_route=%2Fwp%2Fv2%2Fproduct_cat&post=185"},{"taxonomy":"product_tag","embeddable":true,"href":"https:\/\/desiare.com\/index.php?rest_route=%2Fwp%2Fv2%2Fproduct_tag&post=185"}],"curies":[{"name":"wp","href":"https:\/\/api.w.org\/{rel}","templated":true}]}}