{"id":192,"date":"2025-09-20T03:52:29","date_gmt":"2025-09-20T08:52:29","guid":{"rendered":"https:\/\/desiare.com\/?post_type=product&#038;p=192"},"modified":"2025-09-20T03:52:29","modified_gmt":"2025-09-20T08:52:29","slug":"collar-con-esposas-dax","status":"publish","type":"product","link":"https:\/\/desiare.com\/?product=collar-con-esposas-dax","title":{"rendered":"Collar con Esposas Dax"},"content":{"rendered":"<h2>Eleva el nivel con el\u00a0Collar con Esposas Dax<\/h2>\n<h3>Duplica el placer, domina al sumiso y controla sus movimientos.<\/h3>\n<p>El\u00a0<strong>Collar con Esposas Dax<\/strong>\u00a0es ideal para darle un toque de temperatura y rudeza a encuentros sexuales.<\/p>\n<p>Un 2 en 1 perfecto para causar nuevas sensaciones y formas de disfrute.<\/p>\n<p>Los amarres y sumisi\u00f3n son comunes dentro de pr\u00e1cticas BDSM, sin embargo, se puede dejar volar la imaginaci\u00f3n y hacerlo al propio ritmo y con sus reglas.<\/p>\n<p>Crea nuevos escenarios de placer, explora la sexualidad y aumenta los niveles de excitaci\u00f3n. Cumple las m\u00e1s \u00edntimas fantas\u00edas.<\/p>\n","protected":false},"excerpt":{"rendered":"<table class=\"woocommerce-product-attributes shop_attributes\">\n<tbody>\n<tr class=\"woocommerce-product-attributes-item woocommerce-product-attributes-item--attribute_garant%c3%ada\">\n<th class=\"woocommerce-product-attributes-item__label\">Garant\u00eda<\/th>\n<td class=\"woocommerce-product-attributes-item__value\">30 d\u00edas<\/td>\n<\/tr>\n<tr class=\"woocommerce-product-attributes-item woocommerce-product-attributes-item--attribute_g%c3%a9nero\">\n<th class=\"woocommerce-product-attributes-item__label\">G\u00e9nero<\/th>\n<td class=\"woocommerce-product-attributes-item__value\">Unisex<\/td>\n<\/tr>\n<tr class=\"woocommerce-product-attributes-item woocommerce-product-attributes-item--attribute_limpieza\">\n<th class=\"woocommerce-product-attributes-item__label\">Limpieza<\/th>\n<td class=\"woocommerce-product-attributes-item__value\">En su uso se pueden generar grandes cantidades de sudor y alg\u00fan otro fluido, es recomendable que se retire con un pa\u00f1ito h\u00famedo.Preferiblemente NO sumergir en agua, puede que no tenga el secado adecuado y llegue a generar malos olores.<\/td>\n<\/tr>\n<tr class=\"woocommerce-product-attributes-item woocommerce-product-attributes-item--attribute_marca\">\n<th class=\"woocommerce-product-attributes-item__label\">Marca<\/th>\n<td class=\"woocommerce-product-attributes-item__value\">DistriSex<\/td>\n<\/tr>\n<tr class=\"woocommerce-product-attributes-item woocommerce-product-attributes-item--attribute_material\">\n<th class=\"woocommerce-product-attributes-item__label\">Material<\/th>\n<td class=\"woocommerce-product-attributes-item__value\">ABS + Tela<\/td>\n<\/tr>\n<tr class=\"woocommerce-product-attributes-item woocommerce-product-attributes-item--attribute_zona-corporal-de-uso\">\n<th class=\"woocommerce-product-attributes-item__label\">Zona corporal de uso<\/th>\n<td class=\"woocommerce-product-attributes-item__value\">Cuello y manos<\/td>\n<\/tr>\n<\/tbody>\n<\/table>\n","protected":false},"featured_media":0,"comment_status":"open","ping_status":"closed","template":"","meta":[],"product_brand":[],"product_cat":[52,53,54],"product_tag":[],"class_list":{"0":"post-192","1":"product","2":"type-product","3":"status-publish","5":"product_cat-bondage","6":"product_cat-collares-y-pezoneras","7":"product_cat-joyeria-erotica","9":"first","10":"instock","11":"shipping-taxable","12":"purchasable","13":"product-type-simple"},"_links":{"self":[{"href":"https:\/\/desiare.com\/index.php?rest_route=\/wp\/v2\/product\/192","targetHints":{"allow":["GET"]}}],"collection":[{"href":"https:\/\/desiare.com\/index.php?rest_route=\/wp\/v2\/product"}],"about":[{"href":"https:\/\/desiare.com\/index.php?rest_route=\/wp\/v2\/types\/product"}],"replies":[{"embeddable":true,"href":"https:\/\/desiare.com\/index.php?rest_route=%2Fwp%2Fv2%2Fcomments&post=192"}],"wp:attachment":[{"href":"https:\/\/desiare.com\/index.php?rest_route=%2Fwp%2Fv2%2Fmedia&parent=192"}],"wp:term":[{"taxonomy":"product_brand","embeddable":true,"href":"https:\/\/desiare.com\/index.php?rest_route=%2Fwp%2Fv2%2Fproduct_brand&post=192"},{"taxonomy":"product_cat","embeddable":true,"href":"https:\/\/desiare.com\/index.php?rest_route=%2Fwp%2Fv2%2Fproduct_cat&post=192"},{"taxonomy":"product_tag","embeddable":true,"href":"https:\/\/desiare.com\/index.php?rest_route=%2Fwp%2Fv2%2Fproduct_tag&post=192"}],"curies":[{"name":"wp","href":"https:\/\/api.w.org\/{rel}","templated":true}]}}