{"id":226,"date":"2025-09-20T04:16:06","date_gmt":"2025-09-20T09:16:06","guid":{"rendered":"https:\/\/desiare.com\/?post_type=product&#038;p=226"},"modified":"2025-09-20T04:16:06","modified_gmt":"2025-09-20T09:16:06","slug":"dildo-repuesto-sex-machine-dino-morado-20-cm","status":"publish","type":"product","link":"https:\/\/desiare.com\/?product=dildo-repuesto-sex-machine-dino-morado-20-cm","title":{"rendered":"Dildo Repuesto Sex Machine Dino Morado 20 cm"},"content":{"rendered":"<p>Adquiera ahora los repuestos para sus Sex Machine<\/p>\n<p>Un repuesto para la Sex Machine es un b\u00e1sico para variar o alcanzar nuevos placeres en la habitaci\u00f3n.<\/p>\n<p>\u00a1Actualiza tu experiencia de juego con el dildo repuesto Dino! Este accesorio premium ofrece una sensaci\u00f3n realista y emocionante. Fabricado con materiales de alta calidad y dise\u00f1o ergon\u00f3mico para brindar comodidad y placer. \u00a1Dale vida a tus fantas\u00edas con Dino! Adqui\u00e9relo hoy y disfruta de una experiencia \u00fanica.<\/p>\n<p>El\u00a0Repuesto Rex Sex Machine\u00a0ser\u00e1 fundamental para que disfrute de un buen orgasmo al tiempo que se usa para experimentar nuevas sensaciones en shows webcam.<\/p>\n<p>Es un dildo, pr\u00e1ctico y funcional pensado para que usted pueda llegar al \u00e9xtasis por su grosor y tama\u00f1o.<\/p>\n","protected":false},"excerpt":{"rendered":"<table class=\"woocommerce-product-attributes shop_attributes\">\n<tbody>\n<tr class=\"woocommerce-product-attributes-item woocommerce-product-attributes-item--attribute_compatibilidad\">\n<th class=\"woocommerce-product-attributes-item__label\">Compatibilidad<\/th>\n<td class=\"woocommerce-product-attributes-item__value\">Conector tipo pin, 3XLR<\/td>\n<\/tr>\n<tr class=\"woocommerce-product-attributes-item woocommerce-product-attributes-item--attribute_garant%c3%ada\">\n<th class=\"woocommerce-product-attributes-item__label\">Garant\u00eda<\/th>\n<td class=\"woocommerce-product-attributes-item__value\">30 d\u00edas<\/td>\n<\/tr>\n<tr class=\"woocommerce-product-attributes-item woocommerce-product-attributes-item--attribute_g%c3%a9nero\">\n<th class=\"woocommerce-product-attributes-item__label\">G\u00e9nero<\/th>\n<td class=\"woocommerce-product-attributes-item__value\">Femenino<\/td>\n<\/tr>\n<tr class=\"woocommerce-product-attributes-item woocommerce-product-attributes-item--attribute_limpieza\">\n<th class=\"woocommerce-product-attributes-item__label\">Limpieza<\/th>\n<td class=\"woocommerce-product-attributes-item__value\">Si se va a usar este juguete, se invita al uso de un lubricante a base de agua que no deteriorar\u00e1 el juguete y adem\u00e1s ayudar\u00e1 a mantener hidratado su cuerpo. Para la limpieza se invita a usar un Limpiador para Juguetes que evite las bacterias y desin<\/td>\n<\/tr>\n<tr class=\"woocommerce-product-attributes-item woocommerce-product-attributes-item--attribute_marca\">\n<th class=\"woocommerce-product-attributes-item__label\">Marca<\/th>\n<td class=\"woocommerce-product-attributes-item__value\">DistriSex<\/td>\n<\/tr>\n<tr class=\"woocommerce-product-attributes-item woocommerce-product-attributes-item--attribute_material\">\n<th class=\"woocommerce-product-attributes-item__label\">Material<\/th>\n<td class=\"woocommerce-product-attributes-item__value\">Silicona<\/td>\n<\/tr>\n<tr class=\"woocommerce-product-attributes-item woocommerce-product-attributes-item--attribute_medidas\">\n<th class=\"woocommerce-product-attributes-item__label\">Medidas<\/th>\n<td class=\"woocommerce-product-attributes-item__value\">20 Cm de largo 16.5 Cm de largo insertable 4 de diametro<\/td>\n<\/tr>\n<tr class=\"woocommerce-product-attributes-item woocommerce-product-attributes-item--attribute_presentaci%c3%b3n\">\n<th class=\"woocommerce-product-attributes-item__label\">Presentaci\u00f3n<\/th>\n<td class=\"woocommerce-product-attributes-item__value\">Color: Morado Material: Silicona TPR No contamos con extensiones y sex machine aptas para este repuesto.<\/td>\n<\/tr>\n<tr class=\"woocommerce-product-attributes-item woocommerce-product-attributes-item--attribute_recomendaciones-de-uso\">\n<th class=\"woocommerce-product-attributes-item__label\">Recomendaciones de Uso<\/th>\n<td class=\"woocommerce-product-attributes-item__value\">Se recomienda que usted use durante media hora la sex machine y realice una pausa antes de retomar nuevamente. Tenga presente, ajustar y extraer con cuidado el\u00a0Dildo Repuesto Sex Machine\u00a0para que el pin se ajuste correctamente a la base.<\/td>\n<\/tr>\n<\/tbody>\n<\/table>\n","protected":false},"featured_media":0,"comment_status":"open","ping_status":"closed","template":"","meta":[],"product_brand":[],"product_cat":[49,57,19,59,61,36],"product_tag":[],"class_list":{"0":"post-226","1":"product","2":"type-product","3":"status-publish","5":"product_cat-black-week","6":"product_cat-dildos","7":"product_cat-juguetes","8":"product_cat-realistas","9":"product_cat-sex-machine","10":"product_cat-webcam","12":"first","13":"instock","14":"shipping-taxable","15":"purchasable","16":"product-type-simple"},"_links":{"self":[{"href":"https:\/\/desiare.com\/index.php?rest_route=\/wp\/v2\/product\/226","targetHints":{"allow":["GET"]}}],"collection":[{"href":"https:\/\/desiare.com\/index.php?rest_route=\/wp\/v2\/product"}],"about":[{"href":"https:\/\/desiare.com\/index.php?rest_route=\/wp\/v2\/types\/product"}],"replies":[{"embeddable":true,"href":"https:\/\/desiare.com\/index.php?rest_route=%2Fwp%2Fv2%2Fcomments&post=226"}],"wp:attachment":[{"href":"https:\/\/desiare.com\/index.php?rest_route=%2Fwp%2Fv2%2Fmedia&parent=226"}],"wp:term":[{"taxonomy":"product_brand","embeddable":true,"href":"https:\/\/desiare.com\/index.php?rest_route=%2Fwp%2Fv2%2Fproduct_brand&post=226"},{"taxonomy":"product_cat","embeddable":true,"href":"https:\/\/desiare.com\/index.php?rest_route=%2Fwp%2Fv2%2Fproduct_cat&post=226"},{"taxonomy":"product_tag","embeddable":true,"href":"https:\/\/desiare.com\/index.php?rest_route=%2Fwp%2Fv2%2Fproduct_tag&post=226"}],"curies":[{"name":"wp","href":"https:\/\/api.w.org\/{rel}","templated":true}]}}