{"id":228,"date":"2025-09-20T04:18:53","date_gmt":"2025-09-20T09:18:53","guid":{"rendered":"https:\/\/desiare.com\/?post_type=product&#038;p=228"},"modified":"2025-09-20T04:18:54","modified_gmt":"2025-09-20T09:18:54","slug":"succionador-de-clitoris-tenera-2","status":"publish","type":"product","link":"https:\/\/desiare.com\/?product=succionador-de-clitoris-tenera-2","title":{"rendered":"Succionador de Cl\u00edtoris Tenera 2"},"content":{"rendered":"<h3><span class=\"title text_background\">Tenera 2\u00a0<\/span><span class=\"subtitle\">Estimulador de succi\u00f3n de cl\u00edtoris controlado por aplicaci\u00f3n!<\/span><\/h3>\n<p class=\"tenera2_title\">Ajuste la succi\u00f3n seg\u00fan sus preferencias con la aplicaci\u00f3n Lovense Remote<\/p>\n<h5 class=\"tenera2_title\">Sensaci\u00f3n de succi\u00f3n sensual<\/h5>\n<p class=\"tenera2_tip\">PulseSense produce pulsos de ondas de aire para crear una succi\u00f3n similar a la oral.<\/p>\n<h5 class=\"tenera2_title\">La amplia boca de succi\u00f3n rodea tu zona de placer<\/h5>\n<p class=\"tenera2_tip\">Envuelve f\u00e1cilmente todo el cl\u00edtoris de cualquier tipo de cuerpo para un placer del cl\u00edtoris m\u00e1s concentrado.<\/p>\n<h5 class=\"tenera2_title\">Suave y terso al tacto<\/h5>\n<p class=\"tenera2_tip\">La cubierta de silicona es c\u00f3moda contra tu piel simulando la sensaci\u00f3n de una boca real.<\/p>\n<h5 class=\"tenera2_title\">Juego silencioso<\/h5>\n<p class=\"tenera2_tip\">Con un nivel de ruido m\u00e1ximo de\u00a043dB\u00a0solo tendr\u00e1s que preocuparte de que se escuchen tus gemidos.<\/p>\n<h5 class=\"tenera2_title\">Limpio e higi\u00e9nico<\/h5>\n<p class=\"tenera2_tip\">IPX7 a prueba de agua significa que puede usarlo en la ducha o la ba\u00f1era y tambi\u00e9n limpiar f\u00e1cilmente.<\/p>\n","protected":false},"excerpt":{"rendered":"<table class=\"woocommerce-product-attributes shop_attributes\">\n<tbody>\n<tr class=\"woocommerce-product-attributes-item woocommerce-product-attributes-item--attribute_material\">\n<th class=\"woocommerce-product-attributes-item__label\">Material<\/th>\n<td class=\"woocommerce-product-attributes-item__value\">Silicona Suave, la boca de Tenera es blanda y suave. La textura suave garantiza la m\u00e1xima comodidad incluso cuando se presiona con fuerza<\/td>\n<\/tr>\n<tr class=\"woocommerce-product-attributes-item woocommerce-product-attributes-item--attribute_tiempo-de-uso\">\n<th class=\"woocommerce-product-attributes-item__label\">Tiempo de Uso<\/th>\n<td class=\"woocommerce-product-attributes-item__value\">1 hora 18 min<\/td>\n<\/tr>\n<tr class=\"woocommerce-product-attributes-item woocommerce-product-attributes-item--attribute_resistente-al-agua\">\n<th class=\"woocommerce-product-attributes-item__label\">Resistente al agua<\/th>\n<td class=\"woocommerce-product-attributes-item__value\">IPX7 resistente al agua<\/td>\n<\/tr>\n<tr class=\"woocommerce-product-attributes-item woocommerce-product-attributes-item--attribute_garant%c3%ada\">\n<th class=\"woocommerce-product-attributes-item__label\">Garant\u00eda<\/th>\n<td class=\"woocommerce-product-attributes-item__value\">1 a\u00f1o<\/td>\n<\/tr>\n<tr class=\"woocommerce-product-attributes-item woocommerce-product-attributes-item--attribute_presentaci%c3%b3n\">\n<th class=\"woocommerce-product-attributes-item__label\">Presentaci\u00f3n<\/th>\n<td class=\"woocommerce-product-attributes-item__value\">Patrones de Succi\u00f3n Ilimitado<\/td>\n<\/tr>\n<tr class=\"woocommerce-product-attributes-item woocommerce-product-attributes-item--attribute_tiempo-de-carga\">\n<th class=\"woocommerce-product-attributes-item__label\">Tiempo de carga<\/th>\n<td class=\"woocommerce-product-attributes-item__value\">70 min<\/td>\n<\/tr>\n<tr class=\"woocommerce-product-attributes-item woocommerce-product-attributes-item--attribute_contenido\">\n<th class=\"woocommerce-product-attributes-item__label\">Contenido<\/th>\n<td class=\"woocommerce-product-attributes-item__value\">\u2013 Tenera 2<br \/>\n\u2013 Cable de carga USB<br \/>\n\u2013 Manual de Usuario<br \/>\n\u2013 Bolsa de almacenamiento<\/td>\n<\/tr>\n<tr class=\"woocommerce-product-attributes-item woocommerce-product-attributes-item--attribute_recomendaciones-de-uso\">\n<th class=\"woocommerce-product-attributes-item__label\">Recomendaciones de uso<\/th>\n<td class=\"woocommerce-product-attributes-item__value\">Recomendamos usar lubricantes a base de agua de alta calidad, como el Lubricante a Natural a base de Agua de Elixir. Esto evita la necesidad de re aplicar lubricante mientras se lo utiliza.<\/td>\n<\/tr>\n<\/tbody>\n<\/table>\n","protected":false},"featured_media":0,"comment_status":"open","ping_status":"closed","template":"","meta":[],"product_brand":[62],"product_cat":[18,19,63,17],"product_tag":[],"class_list":{"0":"post-228","1":"product","2":"type-product","3":"status-publish","5":"product_brand-lovense","6":"product_cat-estimulacion-clitorial","7":"product_cat-juguetes","8":"product_cat-lovense","9":"product_cat-vibradores","11":"first","12":"instock","13":"shipping-taxable","14":"purchasable","15":"product-type-simple"},"_links":{"self":[{"href":"https:\/\/desiare.com\/index.php?rest_route=\/wp\/v2\/product\/228","targetHints":{"allow":["GET"]}}],"collection":[{"href":"https:\/\/desiare.com\/index.php?rest_route=\/wp\/v2\/product"}],"about":[{"href":"https:\/\/desiare.com\/index.php?rest_route=\/wp\/v2\/types\/product"}],"replies":[{"embeddable":true,"href":"https:\/\/desiare.com\/index.php?rest_route=%2Fwp%2Fv2%2Fcomments&post=228"}],"wp:attachment":[{"href":"https:\/\/desiare.com\/index.php?rest_route=%2Fwp%2Fv2%2Fmedia&parent=228"}],"wp:term":[{"taxonomy":"product_brand","embeddable":true,"href":"https:\/\/desiare.com\/index.php?rest_route=%2Fwp%2Fv2%2Fproduct_brand&post=228"},{"taxonomy":"product_cat","embeddable":true,"href":"https:\/\/desiare.com\/index.php?rest_route=%2Fwp%2Fv2%2Fproduct_cat&post=228"},{"taxonomy":"product_tag","embeddable":true,"href":"https:\/\/desiare.com\/index.php?rest_route=%2Fwp%2Fv2%2Fproduct_tag&post=228"}],"curies":[{"name":"wp","href":"https:\/\/api.w.org\/{rel}","templated":true}]}}