{"id":240,"date":"2025-09-20T04:24:40","date_gmt":"2025-09-20T09:24:40","guid":{"rendered":"https:\/\/desiare.com\/?post_type=product&#038;p=240"},"modified":"2025-09-20T04:24:40","modified_gmt":"2025-09-20T09:24:40","slug":"huevo-vibrador-gemini","status":"publish","type":"product","link":"https:\/\/desiare.com\/?product=huevo-vibrador-gemini","title":{"rendered":"Huevo Vibrador Gemini"},"content":{"rendered":"<h2>Huevo Vibrador Gemini<\/h2>\n<p>Este huevo vibrador es una prueba de agua y adem\u00e1s es operada a control remoto. Su dise\u00f1o permite que la lleves a todas a la gloria y que nadie se entere del pecado, as\u00ed podr\u00e1s llevar tu imaginaci\u00f3n un otro nivel.<\/p>\n<p>Los huevos vibradores son la versi\u00f3n discreta y peque\u00f1a del vibrador. Sin importar su peque\u00f1o tama\u00f1o se puede alcanzar niveles de vibraci\u00f3n bastante potentes y excitantes. El l\u00edmite es tu imaginaci\u00f3n, puedes usarlo en diferentes juegos sexuales, sola o acompa\u00f1ada y llegar a un orgasmo placentero.<\/p>\n<h3>Unos minutos en el cl\u00edtoris o la zona analizada son suficientes para el placer de placer.\u00a0\u00bfTe gustar\u00eda tener un nuevo vibrador? \u00bfQu\u00e9 esperas?<\/h3>\n","protected":false},"excerpt":{"rendered":"<table class=\"woocommerce-product-attributes shop_attributes\">\n<tbody>\n<tr class=\"woocommerce-product-attributes-item woocommerce-product-attributes-item--attribute_carga\">\n<th class=\"woocommerce-product-attributes-item__label\">Carga<\/th>\n<td class=\"woocommerce-product-attributes-item__value\">Huevo: 2 pilas AAA (No incluidas), Control: 1 Pila 23AE 12 V (No incluida)<\/td>\n<\/tr>\n<tr class=\"woocommerce-product-attributes-item woocommerce-product-attributes-item--attribute_garant%c3%ada\">\n<th class=\"woocommerce-product-attributes-item__label\">Garant\u00eda<\/th>\n<td class=\"woocommerce-product-attributes-item__value\">30 d\u00edas<\/td>\n<\/tr>\n<tr class=\"woocommerce-product-attributes-item woocommerce-product-attributes-item--attribute_g%c3%a9nero\">\n<th class=\"woocommerce-product-attributes-item__label\">G\u00e9nero<\/th>\n<td class=\"woocommerce-product-attributes-item__value\">Femenino<\/td>\n<\/tr>\n<tr class=\"woocommerce-product-attributes-item woocommerce-product-attributes-item--attribute_interactivo-o-con-app\">\n<th class=\"woocommerce-product-attributes-item__label\">Interactivo o Con App<\/th>\n<td class=\"woocommerce-product-attributes-item__value\">No<\/td>\n<\/tr>\n<tr class=\"woocommerce-product-attributes-item woocommerce-product-attributes-item--attribute_limpieza\">\n<th class=\"woocommerce-product-attributes-item__label\">Limpieza<\/th>\n<td class=\"woocommerce-product-attributes-item__value\">Antes de usar el juguete por primera vez, y despu\u00e9s de cada uso, este debe ser limpiado para reducir el riesgo de infecciones, mantener la higiene adecuada y evitar el deterioro r\u00e1pido del juguete.Recomendamos un producto especial para limpieza \u00f3ptima como los Limpiadores para Juguetes Elixir.<\/td>\n<\/tr>\n<tr class=\"woocommerce-product-attributes-item woocommerce-product-attributes-item--attribute_marca\">\n<th class=\"woocommerce-product-attributes-item__label\">Marca<\/th>\n<td class=\"woocommerce-product-attributes-item__value\">DistriSex<\/td>\n<\/tr>\n<tr class=\"woocommerce-product-attributes-item woocommerce-product-attributes-item--attribute_material\">\n<th class=\"woocommerce-product-attributes-item__label\">Material<\/th>\n<td class=\"woocommerce-product-attributes-item__value\">Silicona suave, segura para el cuerpo, no t\u00f3xica + ABS<\/td>\n<\/tr>\n<tr class=\"woocommerce-product-attributes-item woocommerce-product-attributes-item--attribute_medidas\">\n<th class=\"woocommerce-product-attributes-item__label\">Medidas<\/th>\n<td class=\"woocommerce-product-attributes-item__value\">\u2022 Largo 7, 5 cm \u2022 Di\u00e1metro: 3, 2 cm<\/td>\n<\/tr>\n<tr class=\"woocommerce-product-attributes-item woocommerce-product-attributes-item--attribute_presentaci%c3%b3n\">\n<th class=\"woocommerce-product-attributes-item__label\">Presentaci\u00f3n<\/th>\n<td class=\"woocommerce-product-attributes-item__value\">Huevo vibrador con control remoto<\/td>\n<\/tr>\n<tr class=\"woocommerce-product-attributes-item woocommerce-product-attributes-item--attribute_recomendaciones-de-uso\">\n<th class=\"woocommerce-product-attributes-item__label\">Recomendaciones de uso<\/th>\n<td class=\"woocommerce-product-attributes-item__value\">Para una experiencia m\u00e1s placentera, es ideal que el uso de este juguete sea con lubricantes a base de agua. Recomendamos el Gel Lubricante \u00cdntimo Natural Elixir.No se deben usar lubricantes de silicona con juguetes de silicona. Podr\u00edan sufrir da\u00f1os irreversibles.<\/td>\n<\/tr>\n<tr class=\"woocommerce-product-attributes-item woocommerce-product-attributes-item--attribute_resistente-al-agua\">\n<th class=\"woocommerce-product-attributes-item__label\">Resistente al agua<\/th>\n<td class=\"woocommerce-product-attributes-item__value\">Huevo resistente al agua, m\u00e1s no sumergible. Control no es resistente al agua.<\/td>\n<\/tr>\n<\/tbody>\n<\/table>\n","protected":false},"featured_media":0,"comment_status":"open","ping_status":"closed","template":"","meta":[],"product_brand":[],"product_cat":[64,19,17],"product_tag":[],"class_list":{"0":"post-240","1":"product","2":"type-product","3":"status-publish","5":"product_cat-balas-y-huevos-vibradores","6":"product_cat-juguetes","7":"product_cat-vibradores","9":"first","10":"instock","11":"shipping-taxable","12":"purchasable","13":"product-type-simple"},"_links":{"self":[{"href":"https:\/\/desiare.com\/index.php?rest_route=\/wp\/v2\/product\/240","targetHints":{"allow":["GET"]}}],"collection":[{"href":"https:\/\/desiare.com\/index.php?rest_route=\/wp\/v2\/product"}],"about":[{"href":"https:\/\/desiare.com\/index.php?rest_route=\/wp\/v2\/types\/product"}],"replies":[{"embeddable":true,"href":"https:\/\/desiare.com\/index.php?rest_route=%2Fwp%2Fv2%2Fcomments&post=240"}],"wp:attachment":[{"href":"https:\/\/desiare.com\/index.php?rest_route=%2Fwp%2Fv2%2Fmedia&parent=240"}],"wp:term":[{"taxonomy":"product_brand","embeddable":true,"href":"https:\/\/desiare.com\/index.php?rest_route=%2Fwp%2Fv2%2Fproduct_brand&post=240"},{"taxonomy":"product_cat","embeddable":true,"href":"https:\/\/desiare.com\/index.php?rest_route=%2Fwp%2Fv2%2Fproduct_cat&post=240"},{"taxonomy":"product_tag","embeddable":true,"href":"https:\/\/desiare.com\/index.php?rest_route=%2Fwp%2Fv2%2Fproduct_tag&post=240"}],"curies":[{"name":"wp","href":"https:\/\/api.w.org\/{rel}","templated":true}]}}