{"id":267,"date":"2025-09-20T04:36:52","date_gmt":"2025-09-20T09:36:52","guid":{"rendered":"https:\/\/desiare.com\/?post_type=product&#038;p=267"},"modified":"2025-09-20T04:36:52","modified_gmt":"2025-09-20T09:36:52","slug":"vibrador-rabbit-eva-giratorio","status":"publish","type":"product","link":"https:\/\/desiare.com\/?product=vibrador-rabbit-eva-giratorio","title":{"rendered":"Vibrador Rabbit Eva Giratorio"},"content":{"rendered":"<h2>D\u00e9jate seducir en cama con el Vibrador Rabbit Eva Giratorio<\/h2>\n<h3>\u00a1El conejo giratorio con m\u00e1s potencia!<\/h3>\n<p>Mantente complacido tanto en tu interior como en el exterior con\u00a0<strong>Vibrador Rabbit Eva Giratorio<\/strong>\u00a0totalmente recargable para que lo uses cuando quieras llegar a la c\u00faspide del cl\u00edmax por su eje giratorio en la punta que permite la estimulaci\u00f3n total del punto G.<\/p>\n<p>Es de doble de estimulaci\u00f3n y en forma de conejo para recargar de energ\u00eda en las noches de placer.<\/p>\n<p>Desde que lo tocas, sentir\u00e1s la suave silicona que se desliza en su interior de una manera maravillosa, adem\u00e1s las orejas del conejo son extra flexibles para acariciar los puntos m\u00e1s sensibles del cl\u00edtoris.<\/p>\n<p>Viene con dos motores, uno en el eje y otro en el conejo, 13 modos de vibraci\u00f3n y 6 velocidades de giro que van desde pulsaciones r\u00edtmicas a velocidades constantes que har\u00e1n que alcances las sensaciones que tanto anhelas.<\/p>\n<p>Prueba este conejito en la ducha, en la ba\u00f1era o en la tina, ya que es a prueba de agua y resiste hasta por 30 minutos y gracias a la forma de su eje y la posici\u00f3n de las orejas se enfocar\u00e1 en llevar al l\u00edmite tus zonas er\u00f3genas.<\/p>\n","protected":false},"excerpt":{"rendered":"<table class=\"woocommerce-product-attributes shop_attributes\">\n<tbody>\n<tr class=\"woocommerce-product-attributes-item woocommerce-product-attributes-item--attribute_carga\">\n<th class=\"woocommerce-product-attributes-item__label\">Carga<\/th>\n<td class=\"woocommerce-product-attributes-item__value\">Bater\u00eda recargable por medio de cable USB tipo plug (Adaptador de corriente no incluido)<\/td>\n<\/tr>\n<tr class=\"woocommerce-product-attributes-item woocommerce-product-attributes-item--attribute_garant%c3%ada\">\n<th class=\"woocommerce-product-attributes-item__label\">Garant\u00eda<\/th>\n<td class=\"woocommerce-product-attributes-item__value\">1 a\u00f1o<\/td>\n<\/tr>\n<tr class=\"woocommerce-product-attributes-item woocommerce-product-attributes-item--attribute_g%c3%a9nero\">\n<th class=\"woocommerce-product-attributes-item__label\">G\u00e9nero<\/th>\n<td class=\"woocommerce-product-attributes-item__value\">Femenino<\/td>\n<\/tr>\n<tr class=\"woocommerce-product-attributes-item woocommerce-product-attributes-item--attribute_interactivo-o-con-app\">\n<th class=\"woocommerce-product-attributes-item__label\">Interactivo o Con App<\/th>\n<td class=\"woocommerce-product-attributes-item__value\">No<\/td>\n<\/tr>\n<tr class=\"woocommerce-product-attributes-item woocommerce-product-attributes-item--attribute_limpieza\">\n<th class=\"woocommerce-product-attributes-item__label\">Limpieza<\/th>\n<td class=\"woocommerce-product-attributes-item__value\">Antes de usar el juguete por primera vez, y despu\u00e9s de cada uso, este debe ser limpiado para reducir el riesgo de infecciones, mantener la higiene adecuada y evitar el deterioro r\u00e1pido del juguete.Recomendamos un producto especial para limpieza \u00f3ptima como los Limpiadores para Juguetes Elixir.<\/td>\n<\/tr>\n<tr class=\"woocommerce-product-attributes-item woocommerce-product-attributes-item--attribute_marca\">\n<th class=\"woocommerce-product-attributes-item__label\">Marca<\/th>\n<td class=\"woocommerce-product-attributes-item__value\">Adam &amp; Eve<\/td>\n<\/tr>\n<tr class=\"woocommerce-product-attributes-item woocommerce-product-attributes-item--attribute_material\">\n<th class=\"woocommerce-product-attributes-item__label\">Material<\/th>\n<td class=\"woocommerce-product-attributes-item__value\">Silicona grado m\u00e9dico + ABS<\/td>\n<\/tr>\n<tr class=\"woocommerce-product-attributes-item woocommerce-product-attributes-item--attribute_medidas\">\n<th class=\"woocommerce-product-attributes-item__label\">Medidas<\/th>\n<td class=\"woocommerce-product-attributes-item__value\">\u2022 Longitud total: 23 cm \u2022 Longitud insertable: 11, 3 cm \u2022 Di\u00e1metro: 3, 6 cm<\/td>\n<\/tr>\n<tr class=\"woocommerce-product-attributes-item woocommerce-product-attributes-item--attribute_presentaci%c3%b3n\">\n<th class=\"woocommerce-product-attributes-item__label\">Presentaci\u00f3n<\/th>\n<td class=\"woocommerce-product-attributes-item__value\">\u2022 Vibrador de doble estimulaci\u00f3n \u2022 Motor dual \u2022 13 modos de vibraci\u00f3n \u2022 6 velocidades de giro \u2022 La punta es giratoria y masajea el punto G \u2022 Mango con llamativos detalles cromados<\/td>\n<\/tr>\n<tr class=\"woocommerce-product-attributes-item woocommerce-product-attributes-item--attribute_recomendaciones-de-uso\">\n<th class=\"woocommerce-product-attributes-item__label\">Recomendaciones de uso<\/th>\n<td class=\"woocommerce-product-attributes-item__value\">Este vibrador llega parcialmente cargado, por lo que se recomienda cargarlo completamente antes del primer uso, lo que tardar\u00e1 aproximadamente 1 hora. Al conectar el juguete para su carga, la luz indicadora parpadear\u00e1 mientras est\u00e9 cargando y permanecer\u00e1 encendida cuando el juguete est\u00e9 completamente cargado. Para una experiencia m\u00e1s placentera, es ideal que el uso de este juguete sea con lubricantes a base de agua.\u00a0Recomendamos el\u00a0Gel Lubricante \u00cdntimo Natural Elixir. No se deben usar lubricantes de silicona, con juguetes de silicona. Podr\u00edan sufrir da\u00f1os irreversibles.<\/td>\n<\/tr>\n<tr class=\"woocommerce-product-attributes-item woocommerce-product-attributes-item--attribute_resistente-al-agua\">\n<th class=\"woocommerce-product-attributes-item__label\">Resistente al agua<\/th>\n<td class=\"woocommerce-product-attributes-item__value\">Ipx7: Resistente al agua. Protege hasta 1 metro de profundidad por no m\u00e1s de 30 minutos<\/td>\n<\/tr>\n<tr class=\"woocommerce-product-attributes-item woocommerce-product-attributes-item--attribute_tiempo-de-carga\">\n<th class=\"woocommerce-product-attributes-item__label\">Tiempo de carga<\/th>\n<td class=\"woocommerce-product-attributes-item__value\">100 minutos<\/td>\n<\/tr>\n<tr class=\"woocommerce-product-attributes-item woocommerce-product-attributes-item--attribute_tiempo-de-uso-continuo\">\n<th class=\"woocommerce-product-attributes-item__label\">Tiempo de uso continuo<\/th>\n<td class=\"woocommerce-product-attributes-item__value\">50 \u2013 60 minutos<\/td>\n<\/tr>\n<\/tbody>\n<\/table>\n","protected":false},"featured_media":0,"comment_status":"open","ping_status":"closed","template":"","meta":[],"product_brand":[65],"product_cat":[66,67,19,60,58,20,17],"product_tag":[],"class_list":{"0":"post-267","1":"product","2":"type-product","3":"status-publish","5":"product_brand-adam-and-eve","6":"product_cat-adam-and-eve","7":"product_cat-doble-estimulacion","8":"product_cat-juguetes","9":"product_cat-promo","10":"product_cat-promo-dildos","11":"product_cat-punto-g","12":"product_cat-vibradores","14":"first","15":"instock","16":"shipping-taxable","17":"purchasable","18":"product-type-simple"},"_links":{"self":[{"href":"https:\/\/desiare.com\/index.php?rest_route=\/wp\/v2\/product\/267","targetHints":{"allow":["GET"]}}],"collection":[{"href":"https:\/\/desiare.com\/index.php?rest_route=\/wp\/v2\/product"}],"about":[{"href":"https:\/\/desiare.com\/index.php?rest_route=\/wp\/v2\/types\/product"}],"replies":[{"embeddable":true,"href":"https:\/\/desiare.com\/index.php?rest_route=%2Fwp%2Fv2%2Fcomments&post=267"}],"wp:attachment":[{"href":"https:\/\/desiare.com\/index.php?rest_route=%2Fwp%2Fv2%2Fmedia&parent=267"}],"wp:term":[{"taxonomy":"product_brand","embeddable":true,"href":"https:\/\/desiare.com\/index.php?rest_route=%2Fwp%2Fv2%2Fproduct_brand&post=267"},{"taxonomy":"product_cat","embeddable":true,"href":"https:\/\/desiare.com\/index.php?rest_route=%2Fwp%2Fv2%2Fproduct_cat&post=267"},{"taxonomy":"product_tag","embeddable":true,"href":"https:\/\/desiare.com\/index.php?rest_route=%2Fwp%2Fv2%2Fproduct_tag&post=267"}],"curies":[{"name":"wp","href":"https:\/\/api.w.org\/{rel}","templated":true}]}}