{"id":283,"date":"2025-09-20T04:42:44","date_gmt":"2025-09-20T09:42:44","guid":{"rendered":"https:\/\/desiare.com\/?post_type=product&#038;p=283"},"modified":"2025-09-20T04:42:44","modified_gmt":"2025-09-20T09:42:44","slug":"vibrador-sunny","status":"publish","type":"product","link":"https:\/\/desiare.com\/?product=vibrador-sunny","title":{"rendered":"Vibrador Sunny"},"content":{"rendered":"<h2>Vibrador Sunny para estimulaci\u00f3n de punto G y cl\u00edtoris<\/h2>\n<h3>Dos motores para la estimulaci\u00f3n interna y externa que brindan vibraciones intensas en 10 emocionantes modos.<\/h3>\n<p>Si analizamos las caracter\u00edsticas del\u00a0vibrador de conejito\u00a0<strong>Sunny<\/strong>, nos damos cuenta que son justas a la medida para aquellas mujeres ardientes que quieren tener bajo control todas las funciones de sus juguetes vibradores.<\/p>\n<p>Est\u00e1 elaborado en\u00a0silicona suave + ABS, totalmente segura para el cuerpo. Su dise\u00f1o aporta gran facilidad para estimular el punto G femenino adem\u00e1s de estimular el cl\u00edtoris para alcanzar f\u00e1cilmente el orgasmo y experimentar sensaciones extremadamente placenteras.\u00a0Su mango de agarre permite una f\u00e1cil inserci\u00f3n y extracci\u00f3n.<\/p>\n<p>Cuenta con 10 modos diferentes de vibraci\u00f3n que aumentan la excitaci\u00f3n a medida que se penetra, y al mismo tiempo, estimula el cl\u00edtoris generando una sensaci\u00f3n de cosquilleo que recorre todo el cuerpo.<\/p>\n<p>A simple vista, impresiona, pero es un juguete sexual demasiado curioso como para quedarse en segundo plano.<\/p>\n","protected":false},"excerpt":{"rendered":"<p>&nbsp;<\/p>\n<table class=\"woocommerce-product-attributes shop_attributes\">\n<tbody>\n<tr class=\"woocommerce-product-attributes-item woocommerce-product-attributes-item--attribute_carga\">\n<th class=\"woocommerce-product-attributes-item__label\">Carga<\/th>\n<td class=\"woocommerce-product-attributes-item__value\">2 Pilas AAA (No incluidas)<\/td>\n<\/tr>\n<tr class=\"woocommerce-product-attributes-item woocommerce-product-attributes-item--attribute_garant%c3%ada\">\n<th class=\"woocommerce-product-attributes-item__label\">Garant\u00eda<\/th>\n<td class=\"woocommerce-product-attributes-item__value\">30 d\u00edas<\/td>\n<\/tr>\n<tr class=\"woocommerce-product-attributes-item woocommerce-product-attributes-item--attribute_g%c3%a9nero\">\n<th class=\"woocommerce-product-attributes-item__label\">G\u00e9nero<\/th>\n<td class=\"woocommerce-product-attributes-item__value\">Femenino<\/td>\n<\/tr>\n<tr class=\"woocommerce-product-attributes-item woocommerce-product-attributes-item--attribute_interactivo-o-con-app\">\n<th class=\"woocommerce-product-attributes-item__label\">Interactivo o Con App<\/th>\n<td class=\"woocommerce-product-attributes-item__value\">No<\/td>\n<\/tr>\n<tr class=\"woocommerce-product-attributes-item woocommerce-product-attributes-item--attribute_limpieza\">\n<th class=\"woocommerce-product-attributes-item__label\">Limpieza<\/th>\n<td class=\"woocommerce-product-attributes-item__value\">Antes de usar el juguete por primera vez, y despu\u00e9s de cada uso, este debe ser limpiado para reducir el riesgo de infecciones, mantener la higiene adecuada y evitar el deterioro r\u00e1pido del juguete.Recomendamos un producto especial para limpieza \u00f3ptima como los Limpiadores para Juguetes Elixir.<\/td>\n<\/tr>\n<tr class=\"woocommerce-product-attributes-item woocommerce-product-attributes-item--attribute_marca\">\n<th class=\"woocommerce-product-attributes-item__label\">Marca<\/th>\n<td class=\"woocommerce-product-attributes-item__value\">DistriSex<\/td>\n<\/tr>\n<tr class=\"woocommerce-product-attributes-item woocommerce-product-attributes-item--attribute_material\">\n<th class=\"woocommerce-product-attributes-item__label\">Material<\/th>\n<td class=\"woocommerce-product-attributes-item__value\">Silicona suave, segura para el cuerpo, no t\u00f3xica + ABS<\/td>\n<\/tr>\n<tr class=\"woocommerce-product-attributes-item woocommerce-product-attributes-item--attribute_medidas\">\n<th class=\"woocommerce-product-attributes-item__label\">Medidas<\/th>\n<td class=\"woocommerce-product-attributes-item__value\">\u2022 Longitud total: 19, 5 cm \u2022 Longitud insertable: 7, 4 cm \u2022 Di\u00e1metro: 2, 7 cm<\/td>\n<\/tr>\n<tr class=\"woocommerce-product-attributes-item woocommerce-product-attributes-item--attribute_peso\">\n<th class=\"woocommerce-product-attributes-item__label\">Peso<\/th>\n<td class=\"woocommerce-product-attributes-item__value\">143 g<\/td>\n<\/tr>\n<tr class=\"woocommerce-product-attributes-item woocommerce-product-attributes-item--attribute_presentaci%c3%b3n\">\n<th class=\"woocommerce-product-attributes-item__label\">Presentaci\u00f3n<\/th>\n<td class=\"woocommerce-product-attributes-item__value\">\u2022 10 modos de vibraci\u00f3n \u2022 2 potentes motores \u2022 Estimulador de Punto G \u2022 Tipo de control: bot\u00f3n pulsador<\/td>\n<\/tr>\n<tr class=\"woocommerce-product-attributes-item woocommerce-product-attributes-item--attribute_recomendaciones-de-uso\">\n<th class=\"woocommerce-product-attributes-item__label\">Recomendaciones de uso<\/th>\n<td class=\"woocommerce-product-attributes-item__value\">Para una experiencia m\u00e1s placentera, es ideal que el uso de este juguete sea con lubricantes a base de agua. Recomendamos el Gel Lubricante \u00cdntimo Natural Elixir.No se deben usar lubricantes de silicona con juguetes de silicona. Podr\u00edan sufrir da\u00f1os irreversibles.<\/td>\n<\/tr>\n<tr class=\"woocommerce-product-attributes-item woocommerce-product-attributes-item--attribute_resistente-al-agua\">\n<th class=\"woocommerce-product-attributes-item__label\">Resistente al agua<\/th>\n<td class=\"woocommerce-product-attributes-item__value\">IPX4: Protege de salpicaduras de agua, sin importar la direcci\u00f3n. No es sumergible.<\/td>\n<\/tr>\n<\/tbody>\n<\/table>\n","protected":false},"featured_media":0,"comment_status":"open","ping_status":"closed","template":"","meta":[],"product_brand":[],"product_cat":[67,19,20,17],"product_tag":[],"class_list":{"0":"post-283","1":"product","2":"type-product","3":"status-publish","5":"product_cat-doble-estimulacion","6":"product_cat-juguetes","7":"product_cat-punto-g","8":"product_cat-vibradores","10":"first","11":"instock","12":"shipping-taxable","13":"purchasable","14":"product-type-simple"},"_links":{"self":[{"href":"https:\/\/desiare.com\/index.php?rest_route=\/wp\/v2\/product\/283","targetHints":{"allow":["GET"]}}],"collection":[{"href":"https:\/\/desiare.com\/index.php?rest_route=\/wp\/v2\/product"}],"about":[{"href":"https:\/\/desiare.com\/index.php?rest_route=\/wp\/v2\/types\/product"}],"replies":[{"embeddable":true,"href":"https:\/\/desiare.com\/index.php?rest_route=%2Fwp%2Fv2%2Fcomments&post=283"}],"wp:attachment":[{"href":"https:\/\/desiare.com\/index.php?rest_route=%2Fwp%2Fv2%2Fmedia&parent=283"}],"wp:term":[{"taxonomy":"product_brand","embeddable":true,"href":"https:\/\/desiare.com\/index.php?rest_route=%2Fwp%2Fv2%2Fproduct_brand&post=283"},{"taxonomy":"product_cat","embeddable":true,"href":"https:\/\/desiare.com\/index.php?rest_route=%2Fwp%2Fv2%2Fproduct_cat&post=283"},{"taxonomy":"product_tag","embeddable":true,"href":"https:\/\/desiare.com\/index.php?rest_route=%2Fwp%2Fv2%2Fproduct_tag&post=283"}],"curies":[{"name":"wp","href":"https:\/\/api.w.org\/{rel}","templated":true}]}}