{"id":285,"date":"2025-09-20T04:44:32","date_gmt":"2025-09-20T09:44:32","guid":{"rendered":"https:\/\/desiare.com\/?post_type=product&#038;p=285"},"modified":"2025-09-20T04:49:22","modified_gmt":"2025-09-20T09:49:22","slug":"285","status":"publish","type":"product","link":"https:\/\/desiare.com\/?product=285","title":{"rendered":"Vibrador Gigi 2 Lelo"},"content":{"rendered":"<h2>Maximice su cl\u00edmax usando el Vibrador Gigi 2 Lelo<\/h2>\n<p>Est\u00e1s a punto de sentir el m\u00e1ximo nivel de orgasmo. El\u00a0<strong>Vibrador Gigi 2 Lelo<\/strong>\u00a0lleva la estimulaci\u00f3n del punto G a otro nivel nuevo de sensaciones.<\/p>\n<p>Su novedoso dise\u00f1o curvado y punta aplanada, es la versi\u00f3n mejorada del vibrador de punto G de Lelo, gracias a ese avance, son ideales para disfrutar de un masaje preciso directo a la zona er\u00f3gena interna femenina.<\/p>\n<p>Adem\u00e1s, el\u00a0<strong>Vibrador Gigi 2 Lelo<\/strong>\u00a0ofrece un rango de 8 velocidades que va desde leves toques placenteros hasta pulsos sobrecogedores, que se podr\u00e1 controlar con una sencilla interfaz de 4 botones.<\/p>\n<p>Lujo y placer combinados. Su versatilidad es tan completa que puede ser utilizado tambi\u00e9n como estimulador de la zona externa, su punta plana se posar\u00e1 satisfactoriamente sobre el cl\u00edtoris.<\/p>\n<p>El\u00a0<strong>Vibrador Gigi 2 Lelo<\/strong>\u00a0es 100% sumergible, as\u00ed que se puede llevar al ba\u00f1o, la ducha o el jacuzzi.<\/p>\n<p>La punta est\u00e1 dise\u00f1ada para voltearse por lo que se disfrutar\u00e1 de un mayor placer a solas para tener orgasmos inigualables con sus distintas intensidades.<\/p>\n<p>Si se sujeta el\u00a0<strong>Gigi 2<\/strong>\u00a0hacia abajo, podr\u00e1s masajear el cl\u00edtoris y explorar los distintos modos de vibraci\u00f3n, en unos deliciosos preliminares.<\/p>\n<p>Se puede mover el\u00a0<strong>Gigi 2<\/strong> de afuera hacia adentro, mientras vibra, o empujar suavemente el asa hacia abajo para disfrutar de m\u00e1s presi\u00f3n en el Punto G.<\/p>\n","protected":false},"excerpt":{"rendered":"<table class=\"woocommerce-product-attributes shop_attributes\">\n<tbody>\n<tr class=\"woocommerce-product-attributes-item woocommerce-product-attributes-item--attribute_carga\">\n<th class=\"woocommerce-product-attributes-item__label\">Carga<\/th>\n<td class=\"woocommerce-product-attributes-item__value\">Bater\u00eda recargable por medio de cable USB tipo plug (Adaptador de corriente no incluido)<\/td>\n<\/tr>\n<tr class=\"woocommerce-product-attributes-item woocommerce-product-attributes-item--attribute_contenido\">\n<th class=\"woocommerce-product-attributes-item__label\">Contenido<\/th>\n<td class=\"woocommerce-product-attributes-item__value\">Vibrador + Cable de carga USB + Funda protectora + Registro de garant\u00eda + Manual de usuario<\/td>\n<\/tr>\n<tr class=\"woocommerce-product-attributes-item woocommerce-product-attributes-item--attribute_garant%c3%ada\">\n<th class=\"woocommerce-product-attributes-item__label\">Garant\u00eda<\/th>\n<td class=\"woocommerce-product-attributes-item__value\">1 a\u00f1o<\/td>\n<\/tr>\n<tr class=\"woocommerce-product-attributes-item woocommerce-product-attributes-item--attribute_g%c3%a9nero\">\n<th class=\"woocommerce-product-attributes-item__label\">G\u00e9nero<\/th>\n<td class=\"woocommerce-product-attributes-item__value\">Femenino<\/td>\n<\/tr>\n<tr class=\"woocommerce-product-attributes-item woocommerce-product-attributes-item--attribute_interactivo-o-con-app\">\n<th class=\"woocommerce-product-attributes-item__label\">Interactivo o Con App<\/th>\n<td class=\"woocommerce-product-attributes-item__value\">No<\/td>\n<\/tr>\n<tr class=\"woocommerce-product-attributes-item woocommerce-product-attributes-item--attribute_limpieza\">\n<th class=\"woocommerce-product-attributes-item__label\">Limpieza<\/th>\n<td class=\"woocommerce-product-attributes-item__value\">Antes de usar el juguete por primera vez, y despu\u00e9s de cada uso, este debe ser limpiado para reducir el riesgo de infecciones, mantener la higiene adecuada y evitar el deterioro r\u00e1pido del juguete.Recomendamos un producto especial para limpieza \u00f3ptima como los Limpiadores para Juguetes Elixir.<\/td>\n<\/tr>\n<tr class=\"woocommerce-product-attributes-item woocommerce-product-attributes-item--attribute_marca\">\n<th class=\"woocommerce-product-attributes-item__label\">Marca<\/th>\n<td class=\"woocommerce-product-attributes-item__value\">Lelo<\/td>\n<\/tr>\n<tr class=\"woocommerce-product-attributes-item woocommerce-product-attributes-item--attribute_material\">\n<th class=\"woocommerce-product-attributes-item__label\">Material<\/th>\n<td class=\"woocommerce-product-attributes-item__value\">Silicona grado m\u00e9dico + ABS<\/td>\n<\/tr>\n<tr class=\"woocommerce-product-attributes-item woocommerce-product-attributes-item--attribute_medidas\">\n<th class=\"woocommerce-product-attributes-item__label\">Medidas<\/th>\n<td class=\"woocommerce-product-attributes-item__value\">\u2022 16, 5 cm x 3, 5 cm<\/td>\n<\/tr>\n<tr class=\"woocommerce-product-attributes-item woocommerce-product-attributes-item--attribute_peso\">\n<th class=\"woocommerce-product-attributes-item__label\">Peso<\/th>\n<td class=\"woocommerce-product-attributes-item__value\">79 g<\/td>\n<\/tr>\n<tr class=\"woocommerce-product-attributes-item woocommerce-product-attributes-item--attribute_presentaci%c3%b3n\">\n<th class=\"woocommerce-product-attributes-item__label\">Presentaci\u00f3n<\/th>\n<td class=\"woocommerce-product-attributes-item__value\">\u2022 8 modos e intensidades de vibraci\u00f3n \u2022 Modo susurro<\/td>\n<\/tr>\n<tr class=\"woocommerce-product-attributes-item woocommerce-product-attributes-item--attribute_recomendaciones-de-uso\">\n<th class=\"woocommerce-product-attributes-item__label\">Recomendaciones de uso<\/th>\n<td class=\"woocommerce-product-attributes-item__value\">\u2022 Si se sujeta el Gigi 2 hacia abajo, podr\u00e1s masajear el cl\u00edtoris y explorar los distintos modos de vibraci\u00f3n, en unos deliciosos preliminares. \u2022 Se puede mover el Gigi 2 de afuera hacia adentro, mientras vibra, o empujar suavemente el asa hacia abajo para disfrutar de m\u00e1s presi\u00f3n en el Punto G. \u2022 Para una experiencia m\u00e1s placentera, es ideal que el uso de este juguete sea con lubricantes a base de agua. Recomendamos el Gel Lubricante \u00cdntimo Natural Elixir.No se deben usar lubricantes de silicona con juguetes de silicona. Podr\u00edan sufrir da\u00f1os irreversibles.<\/td>\n<\/tr>\n<tr class=\"woocommerce-product-attributes-item woocommerce-product-attributes-item--attribute_resistente-al-agua\">\n<th class=\"woocommerce-product-attributes-item__label\">Resistente al agua<\/th>\n<td class=\"woocommerce-product-attributes-item__value\">Ipx7: Resistente al agua. Protege hasta 1 metro de profundidad por no m\u00e1s de 30 minutos<\/td>\n<\/tr>\n<tr class=\"woocommerce-product-attributes-item woocommerce-product-attributes-item--attribute_tiempo-de-carga\">\n<th class=\"woocommerce-product-attributes-item__label\">Tiempo de carga<\/th>\n<td class=\"woocommerce-product-attributes-item__value\">2 horas<\/td>\n<\/tr>\n<tr class=\"woocommerce-product-attributes-item woocommerce-product-attributes-item--attribute_tiempo-de-uso-continuo\">\n<th class=\"woocommerce-product-attributes-item__label\">Tiempo de uso continuo<\/th>\n<td class=\"woocommerce-product-attributes-item__value\">4 horas<\/td>\n<\/tr>\n<\/tbody>\n<\/table>\n","protected":false},"featured_media":0,"comment_status":"open","ping_status":"closed","template":"","meta":[],"product_brand":[71],"product_cat":[19,70,20,17],"product_tag":[],"class_list":{"0":"post-285","1":"product","2":"type-product","3":"status-publish","5":"product_brand-lelo","6":"product_cat-juguetes","7":"product_cat-lelo","8":"product_cat-punto-g","9":"product_cat-vibradores","11":"first","12":"instock","13":"shipping-taxable","14":"purchasable","15":"product-type-simple"},"_links":{"self":[{"href":"https:\/\/desiare.com\/index.php?rest_route=\/wp\/v2\/product\/285","targetHints":{"allow":["GET"]}}],"collection":[{"href":"https:\/\/desiare.com\/index.php?rest_route=\/wp\/v2\/product"}],"about":[{"href":"https:\/\/desiare.com\/index.php?rest_route=\/wp\/v2\/types\/product"}],"replies":[{"embeddable":true,"href":"https:\/\/desiare.com\/index.php?rest_route=%2Fwp%2Fv2%2Fcomments&post=285"}],"wp:attachment":[{"href":"https:\/\/desiare.com\/index.php?rest_route=%2Fwp%2Fv2%2Fmedia&parent=285"}],"wp:term":[{"taxonomy":"product_brand","embeddable":true,"href":"https:\/\/desiare.com\/index.php?rest_route=%2Fwp%2Fv2%2Fproduct_brand&post=285"},{"taxonomy":"product_cat","embeddable":true,"href":"https:\/\/desiare.com\/index.php?rest_route=%2Fwp%2Fv2%2Fproduct_cat&post=285"},{"taxonomy":"product_tag","embeddable":true,"href":"https:\/\/desiare.com\/index.php?rest_route=%2Fwp%2Fv2%2Fproduct_tag&post=285"}],"curies":[{"name":"wp","href":"https:\/\/api.w.org\/{rel}","templated":true}]}}