{"id":289,"date":"2025-09-20T04:48:14","date_gmt":"2025-09-20T09:48:14","guid":{"rendered":"https:\/\/desiare.com\/?post_type=product&#038;p=289"},"modified":"2025-09-20T04:49:36","modified_gmt":"2025-09-20T09:49:36","slug":"289","status":"publish","type":"product","link":"https:\/\/desiare.com\/?product=289","title":{"rendered":"Satisfyer Vibes Yummy Sunshine"},"content":{"rendered":"<h2>Satisfyer Vibes Yummy Sunshine Recargable, el vibrador m\u00e1s divertido<\/h2>\n<h3>\u00bfT\u00fa y tu punto G est\u00e1n buscando un nuevo amigo que haga brillar el sol para durante los d\u00edas fr\u00edos? En ese caso, deja que te presentemos a Satisfyer Vibes Yummy Sunshine.<\/h3>\n<p>Este excitante vibrador curvo con sensual textura acanalada, extremo inclinado y 12 sensuales modos de vibraci\u00f3n es justo lo que buscas.<\/p>\n<p><em>\u00a1Con su animado color amarillo y la flexible superficie sedosa, te proporcionar\u00e1 intensos orgasmos que har\u00e1n brillar tu sol interior!<\/em><\/p>\n<p>En el pr\u00e1ctico anillo de sujeci\u00f3n con panel de mando encontrar\u00e1s de f\u00e1cil manera las vibraciones que m\u00e1s te gustan simplemente pulsando un bot\u00f3n, mientras sujetas con firmeza este apasionado juguete er\u00f3tico incluso en los momentos m\u00e1s intensos.<\/p>\n<p>Las vibraciones se distribuyen de manera ideal por todo el juguete, por lo que estimulan intensamente tanto el extremo superior como la parte inferior.<\/p>\n<p>El acabado impermeable del\u00a0<strong>Yummy Sunshine<\/strong>\u00a0te invita tambi\u00e9n a disfrutar de momentos de placer en la ducha o la ba\u00f1era.<\/p>\n<p>El potente vibrador amarillo para el punto G elaborado en silicona te proporciona mas placer durante m\u00e1s tiempo.<\/p>\n","protected":false},"excerpt":{"rendered":"<table class=\"woocommerce-product-attributes shop_attributes\">\n<tbody>\n<tr class=\"woocommerce-product-attributes-item woocommerce-product-attributes-item--attribute_carga\">\n<th class=\"woocommerce-product-attributes-item__label\">Carga<\/th>\n<td class=\"woocommerce-product-attributes-item__value\">Bater\u00eda recargable por medio de cable USB con\u00a0Pin Magn\u00e9tico (Adaptador de corriente no incluido)<\/td>\n<\/tr>\n<tr class=\"woocommerce-product-attributes-item woocommerce-product-attributes-item--attribute_garant%c3%ada\">\n<th class=\"woocommerce-product-attributes-item__label\">Garant\u00eda<\/th>\n<td class=\"woocommerce-product-attributes-item__value\">1 a\u00f1o<\/td>\n<\/tr>\n<tr class=\"woocommerce-product-attributes-item woocommerce-product-attributes-item--attribute_g%c3%a9nero\">\n<th class=\"woocommerce-product-attributes-item__label\">G\u00e9nero<\/th>\n<td class=\"woocommerce-product-attributes-item__value\">Femenino<\/td>\n<\/tr>\n<tr class=\"woocommerce-product-attributes-item woocommerce-product-attributes-item--attribute_interactivo-o-con-app\">\n<th class=\"woocommerce-product-attributes-item__label\">Interactivo o Con App<\/th>\n<td class=\"woocommerce-product-attributes-item__value\">No<\/td>\n<\/tr>\n<tr class=\"woocommerce-product-attributes-item woocommerce-product-attributes-item--attribute_limpieza\">\n<th class=\"woocommerce-product-attributes-item__label\">Limpieza<\/th>\n<td class=\"woocommerce-product-attributes-item__value\">Antes de usar el juguete por primera vez, y despu\u00e9s de cada uso, este debe ser limpiado para reducir el riesgo de infecciones, mantener la higiene adecuada y evitar el deterioro r\u00e1pido del juguete.Recomendamos un producto especial para limpieza \u00f3ptima como los Limpiadores para Juguetes Elixir.<\/td>\n<\/tr>\n<tr class=\"woocommerce-product-attributes-item woocommerce-product-attributes-item--attribute_marca\">\n<th class=\"woocommerce-product-attributes-item__label\">Marca<\/th>\n<td class=\"woocommerce-product-attributes-item__value\">Satisfyer<\/td>\n<\/tr>\n<tr class=\"woocommerce-product-attributes-item woocommerce-product-attributes-item--attribute_material\">\n<th class=\"woocommerce-product-attributes-item__label\">Material<\/th>\n<td class=\"woocommerce-product-attributes-item__value\">Silicona grado m\u00e9dico + ABS<\/td>\n<\/tr>\n<tr class=\"woocommerce-product-attributes-item woocommerce-product-attributes-item--attribute_medidas\">\n<th class=\"woocommerce-product-attributes-item__label\">Medidas<\/th>\n<td class=\"woocommerce-product-attributes-item__value\">\u2022 Largo: 22, 5 cm \u2022 Ancho: 4, 1 cm \u2022 Alto: 5, 7 cm<\/td>\n<\/tr>\n<tr class=\"woocommerce-product-attributes-item woocommerce-product-attributes-item--attribute_peso\">\n<th class=\"woocommerce-product-attributes-item__label\">Peso<\/th>\n<td class=\"woocommerce-product-attributes-item__value\">272 g<\/td>\n<\/tr>\n<tr class=\"woocommerce-product-attributes-item woocommerce-product-attributes-item--attribute_presentaci%c3%b3n\">\n<th class=\"woocommerce-product-attributes-item__label\">Presentaci\u00f3n<\/th>\n<td class=\"woocommerce-product-attributes-item__value\">\u2022 Punta curvada y estructura con estr\u00edas para estimulaci\u00f3n de Punto G \u2022 12 modos de vibraci\u00f3n \u2022 Tecnolog\u00eda Silicone Flex \u2022 Modo susurro \u2022 Dise\u00f1o ergon\u00f3mico para facilitar el uso \u2022 Anillo de sujeci\u00f3n<\/td>\n<\/tr>\n<tr class=\"woocommerce-product-attributes-item woocommerce-product-attributes-item--attribute_recomendaciones-de-uso\">\n<th class=\"woocommerce-product-attributes-item__label\">Recomendaciones de uso<\/th>\n<td class=\"woocommerce-product-attributes-item__value\">Para una experiencia m\u00e1s placentera, es ideal que el uso de este juguete sea con lubricantes a base de agua. Recomendamos el Gel Lubricante \u00cdntimo Natural Elixir.No se deben usar lubricantes de silicona con juguetes de silicona. Podr\u00edan sufrir da\u00f1os irreversibles.<\/td>\n<\/tr>\n<tr class=\"woocommerce-product-attributes-item woocommerce-product-attributes-item--attribute_resistente-al-agua\">\n<th class=\"woocommerce-product-attributes-item__label\">Resistente al agua<\/th>\n<td class=\"woocommerce-product-attributes-item__value\">Ipx7: Resistente al agua. Protege hasta 1 metro de profundidad por no m\u00e1s de 30 minutos<\/td>\n<\/tr>\n<\/tbody>\n<\/table>\n","protected":false},"featured_media":0,"comment_status":"open","ping_status":"closed","template":"","meta":[],"product_brand":[72],"product_cat":[18,19,20,73,17],"product_tag":[],"class_list":{"0":"post-289","1":"product","2":"type-product","3":"status-publish","5":"product_brand-satisfyer","6":"product_cat-estimulacion-clitorial","7":"product_cat-juguetes","8":"product_cat-punto-g","9":"product_cat-satisfyer","10":"product_cat-vibradores","12":"first","13":"instock","14":"shipping-taxable","15":"purchasable","16":"product-type-simple"},"_links":{"self":[{"href":"https:\/\/desiare.com\/index.php?rest_route=\/wp\/v2\/product\/289","targetHints":{"allow":["GET"]}}],"collection":[{"href":"https:\/\/desiare.com\/index.php?rest_route=\/wp\/v2\/product"}],"about":[{"href":"https:\/\/desiare.com\/index.php?rest_route=\/wp\/v2\/types\/product"}],"replies":[{"embeddable":true,"href":"https:\/\/desiare.com\/index.php?rest_route=%2Fwp%2Fv2%2Fcomments&post=289"}],"wp:attachment":[{"href":"https:\/\/desiare.com\/index.php?rest_route=%2Fwp%2Fv2%2Fmedia&parent=289"}],"wp:term":[{"taxonomy":"product_brand","embeddable":true,"href":"https:\/\/desiare.com\/index.php?rest_route=%2Fwp%2Fv2%2Fproduct_brand&post=289"},{"taxonomy":"product_cat","embeddable":true,"href":"https:\/\/desiare.com\/index.php?rest_route=%2Fwp%2Fv2%2Fproduct_cat&post=289"},{"taxonomy":"product_tag","embeddable":true,"href":"https:\/\/desiare.com\/index.php?rest_route=%2Fwp%2Fv2%2Fproduct_tag&post=289"}],"curies":[{"name":"wp","href":"https:\/\/api.w.org\/{rel}","templated":true}]}}