{"id":296,"date":"2025-09-20T04:52:22","date_gmt":"2025-09-20T09:52:22","guid":{"rendered":"https:\/\/desiare.com\/?post_type=product&#038;p=296"},"modified":"2025-09-20T04:52:22","modified_gmt":"2025-09-20T09:52:22","slug":"vibrador-hitachi-amor-profundo","status":"publish","type":"product","link":"https:\/\/desiare.com\/?product=vibrador-hitachi-amor-profundo","title":{"rendered":"Vibrador Hitachi Amor Profundo"},"content":{"rendered":"<h2><strong>Vibrador Hitachi Amor Profundo Adam &amp; Eve<\/strong><\/h2>\n<h3><strong>\u00a1No querr\u00e1s perderte la oportunidad de adquirir los productos que DistriSex trae para tu negocio!\u00a0<\/strong><\/h3>\n<p>Con su dise\u00f1o moderno y juvenil, nuestro\u00a0<strong>Vibrador Hitachi Amor Profundo Adam &amp; Eve<\/strong>\u00a0lleva el\u00a0placer de las mujeres a otro nivel. Su lujoso eje de silicona es m\u00e1s profundo que la mayor\u00eda de juguetes con empuje, explora las 3 potentes velocidades, sube el \u00e9xtasis con 8 funciones de vibraci\u00f3n, juega con los impulsos y las vibraciones juntos o por separado con sencillos controles independientes. Tambi\u00e9n es completamente sumergible, para divertirse dentro y fuera del agua.<\/p>\n<p>De f\u00e1cil agarre y silicona suave, este producto se convierte en el preferido de las mujeres.<\/p>\n","protected":false},"excerpt":{"rendered":"<table class=\"woocommerce-product-attributes shop_attributes\">\n<tbody>\n<tr class=\"woocommerce-product-attributes-item woocommerce-product-attributes-item--attribute_carga\">\n<th class=\"woocommerce-product-attributes-item__label\">Carga<\/th>\n<td class=\"woocommerce-product-attributes-item__value\">Bater\u00eda recargable por medio de cable USB tipo plug (Adaptador de corriente no incluido)<\/td>\n<\/tr>\n<tr class=\"woocommerce-product-attributes-item woocommerce-product-attributes-item--attribute_garant%c3%ada\">\n<th class=\"woocommerce-product-attributes-item__label\">Garant\u00eda<\/th>\n<td class=\"woocommerce-product-attributes-item__value\">1 a\u00f1o<\/td>\n<\/tr>\n<tr class=\"woocommerce-product-attributes-item woocommerce-product-attributes-item--attribute_g%c3%a9nero\">\n<th class=\"woocommerce-product-attributes-item__label\">G\u00e9nero<\/th>\n<td class=\"woocommerce-product-attributes-item__value\">Femenino<\/td>\n<\/tr>\n<tr class=\"woocommerce-product-attributes-item woocommerce-product-attributes-item--attribute_interactivo-o-con-app\">\n<th class=\"woocommerce-product-attributes-item__label\">Interactivo o Con App<\/th>\n<td class=\"woocommerce-product-attributes-item__value\">No<\/td>\n<\/tr>\n<tr class=\"woocommerce-product-attributes-item woocommerce-product-attributes-item--attribute_limpieza\">\n<th class=\"woocommerce-product-attributes-item__label\">Limpieza<\/th>\n<td class=\"woocommerce-product-attributes-item__value\">Antes de usar el juguete por primera vez, y despu\u00e9s de cada uso, este debe ser limpiado para reducir el riesgo de infecciones, mantener la higiene adecuada y evitar el deterioro r\u00e1pido del juguete.Recomendamos un producto especial para limpieza \u00f3ptima como los Limpiadores para Juguetes Elixir.<\/td>\n<\/tr>\n<tr class=\"woocommerce-product-attributes-item woocommerce-product-attributes-item--attribute_marca\">\n<th class=\"woocommerce-product-attributes-item__label\">Marca<\/th>\n<td class=\"woocommerce-product-attributes-item__value\">Adam &amp; Eve<\/td>\n<\/tr>\n<tr class=\"woocommerce-product-attributes-item woocommerce-product-attributes-item--attribute_material\">\n<th class=\"woocommerce-product-attributes-item__label\">Material<\/th>\n<td class=\"woocommerce-product-attributes-item__value\">Silicona suave y texturizada + ABS cromado<\/td>\n<\/tr>\n<tr class=\"woocommerce-product-attributes-item woocommerce-product-attributes-item--attribute_medidas\">\n<th class=\"woocommerce-product-attributes-item__label\">Medidas<\/th>\n<td class=\"woocommerce-product-attributes-item__value\">382 g<\/td>\n<\/tr>\n<tr class=\"woocommerce-product-attributes-item woocommerce-product-attributes-item--attribute_presentaci%c3%b3n\">\n<th class=\"woocommerce-product-attributes-item__label\">Presentaci\u00f3n<\/th>\n<td class=\"woocommerce-product-attributes-item__value\">\u2022 Potente vibrador tipo hitachi y penetrador \u2022 3 velocidades de penetraci\u00f3n con hasta 4.4 cm de profundidad \u2022 Dise\u00f1o texturizado y curvado para emociones m\u00e1s fuertes \u2022 Vibraciones focalizadas en la cabeza del juguete \u2022 Panel de control de 3 botones con iluminaci\u00f3n LED<\/td>\n<\/tr>\n<tr class=\"woocommerce-product-attributes-item woocommerce-product-attributes-item--attribute_recomendaciones-de-uso\">\n<th class=\"woocommerce-product-attributes-item__label\">Recomendaciones de uso<\/th>\n<td class=\"woocommerce-product-attributes-item__value\">Este Vibrador llega con una carga parcial, por lo que se recomienda cargarlo completamente antes de usarlo, \u00a0lo que tardar\u00e1 aproximadamente 1 hora.\u00a0 Al conectar el juguete para su carga, la luz indicadora parpadear\u00e1 mientras est\u00e9 cargando y permanecer\u00e1 encendida cuando el juguete est\u00e9 completamente cargado. Para encender el juguete presione durante al menos 3 seg., luego presione nuevamente el bot\u00f3n para explorar sus diferentes modos y velovidades de vibraci\u00f3n. Presione el bot\u00f3n nuevamente por al menos 3 seg. para apagarlo. Para una experiencia m\u00e1s placentera, es ideal que el uso de este juguete sea con lubricantes a base de agua. Recomendamos el Gel Lubricante \u00cdntimo Natural Elixir.No se deben usar lubricantes de silicona con juguetes de silicona. Podr\u00edan sufrir da\u00f1os irreversibles.<\/td>\n<\/tr>\n<tr class=\"woocommerce-product-attributes-item woocommerce-product-attributes-item--attribute_resistente-al-agua\">\n<th class=\"woocommerce-product-attributes-item__label\">Resistente al agua<\/th>\n<td class=\"woocommerce-product-attributes-item__value\">A prueba de salpicaduras de agua. (Clasificaci\u00f3n IPX6: protege contra fuertes chorros de agua). No es sumergible.<\/td>\n<\/tr>\n<tr class=\"woocommerce-product-attributes-item woocommerce-product-attributes-item--attribute_tiempo-de-carga\">\n<th class=\"woocommerce-product-attributes-item__label\">Tiempo de carga<\/th>\n<td class=\"woocommerce-product-attributes-item__value\">2 horas<\/td>\n<\/tr>\n<tr class=\"woocommerce-product-attributes-item woocommerce-product-attributes-item--attribute_tiempo-de-uso-continuo\">\n<th class=\"woocommerce-product-attributes-item__label\">Tiempo de uso continuo<\/th>\n<td class=\"woocommerce-product-attributes-item__value\">1 hora \u2013 45 min en el nivel m\u00e1s alto<\/td>\n<\/tr>\n<\/tbody>\n<\/table>\n","protected":false},"featured_media":0,"comment_status":"open","ping_status":"closed","template":"","meta":[],"product_brand":[65,21],"product_cat":[66,18,16,19,20,17],"product_tag":[],"class_list":{"0":"post-296","1":"product","2":"type-product","3":"status-publish","5":"product_brand-adam-and-eve","6":"product_brand-hitachi","7":"product_cat-adam-and-eve","8":"product_cat-estimulacion-clitorial","9":"product_cat-hitachi","10":"product_cat-juguetes","11":"product_cat-punto-g","12":"product_cat-vibradores","14":"first","15":"instock","16":"shipping-taxable","17":"purchasable","18":"product-type-simple"},"_links":{"self":[{"href":"https:\/\/desiare.com\/index.php?rest_route=\/wp\/v2\/product\/296","targetHints":{"allow":["GET"]}}],"collection":[{"href":"https:\/\/desiare.com\/index.php?rest_route=\/wp\/v2\/product"}],"about":[{"href":"https:\/\/desiare.com\/index.php?rest_route=\/wp\/v2\/types\/product"}],"replies":[{"embeddable":true,"href":"https:\/\/desiare.com\/index.php?rest_route=%2Fwp%2Fv2%2Fcomments&post=296"}],"wp:attachment":[{"href":"https:\/\/desiare.com\/index.php?rest_route=%2Fwp%2Fv2%2Fmedia&parent=296"}],"wp:term":[{"taxonomy":"product_brand","embeddable":true,"href":"https:\/\/desiare.com\/index.php?rest_route=%2Fwp%2Fv2%2Fproduct_brand&post=296"},{"taxonomy":"product_cat","embeddable":true,"href":"https:\/\/desiare.com\/index.php?rest_route=%2Fwp%2Fv2%2Fproduct_cat&post=296"},{"taxonomy":"product_tag","embeddable":true,"href":"https:\/\/desiare.com\/index.php?rest_route=%2Fwp%2Fv2%2Fproduct_tag&post=296"}],"curies":[{"name":"wp","href":"https:\/\/api.w.org\/{rel}","templated":true}]}}