{"id":304,"date":"2025-09-20T04:57:12","date_gmt":"2025-09-20T09:57:12","guid":{"rendered":"https:\/\/desiare.com\/?post_type=product&#038;p=304"},"modified":"2025-09-20T04:57:12","modified_gmt":"2025-09-20T09:57:12","slug":"frequency-vibrador-liquido","status":"publish","type":"product","link":"https:\/\/desiare.com\/?product=frequency-vibrador-liquido","title":{"rendered":"Frequency Vibrador L\u00edquido"},"content":{"rendered":"<p>Frequency \u2013 Vibrador L\u00edquido 15 ml<br \/>\nSiente, vibra y disfruta<br \/>\nDescubre Frequency, el primer vibrador l\u00edquido de Ecuador, dise\u00f1ado para revolucionar tus momentos \u00edntimos con un solo toque. Con solo una gota, este gel provoca una sensaci\u00f3n vibrante en el cl\u00edtoris, similar a la de un juguete sexual, intensificando cada caricia y llev\u00e1ndote a nuevas alturas de placer<br \/>\n\u00bfC\u00f3mo puede vibrar un gel?<br \/>\nEn la f\u00f3rmula de nuestro Vibrador L\u00edquido FREQUENCY incorporamos alquilamidas naturales. Estas sustancias estimulan el sistema nervioso y transforman el contacto en una experiencia viva e intensa. Al aplicarse sobre la piel o las mucosas, estos activos generan una reacci\u00f3n \u00fanica:<br \/>\n1. Se activan canales i\u00f3nicos asociados a sensaciones t\u00e9rmicas y provoca la emisi\u00f3n de se\u00f1ales nerviosas hacia el sistema nervioso central.<br \/>\n2. Como respuesta a esta activaci\u00f3n, se ha observado que puede haber una liberaci\u00f3n local de neurotransmisores y neurop\u00e9ptidos.<br \/>\n3. Estos neurotransmisores intensifican la percepci\u00f3n sensorial en la zona aplicada, lo que se traduce en:<br \/>\n\u2022 Mayor sensibilidad t\u00e1ctil.<br \/>\n\u2022 Efecto vibrante o puls\u00e1til.<br \/>\n\u2022 Una respuesta placentera en zonas er\u00f3genas.<br \/>\n4. Efecto en la microcirculaci\u00f3n<br \/>\n\u2022 Mejora el flujo sangu\u00edneo en la zona.<br \/>\n\u2022 Aumenta la oxigenaci\u00f3n y sensibilidad de los tejidos.<br \/>\n\u2022 Puede intensificar la respuesta sexual o sensorial al tacto.<\/p>\n<p>\u00bfPor qu\u00e9 amar\u00e1s Frequency?<br \/>\n\u2714 Efecto vibrante: Disfruta una estimulaci\u00f3n de vibraci\u00f3n media, perfecta para un placer equilibrado.<br \/>\n\u2714 Textura en gel: F\u00e1cil de aplicar y se absorbe r\u00e1pidamente sin dejar residuos.<br \/>\n\u2714 Sabor delicioso: Ideal para juegos en pareja con un toque m\u00e1s placentero.<br \/>\n\u2714 Empaque sutil y delicado: Ll\u00e9valo contigo a donde quieras, sin preocupaciones.<br \/>\n\u2714 15 ml de placer: Rinde much\u00edsimo, ya que solo necesitas una gota por uso.<\/p>\n<p>Perfecto para explorar nuevas formas de placer a solas o en pareja.<br \/>\nAtr\u00e9vete a sentir la revoluci\u00f3n del placer con Frequency<\/p>\n","protected":false},"excerpt":{"rendered":"<table class=\"woocommerce-product-attributes shop_attributes\">\n<tbody>\n<tr class=\"woocommerce-product-attributes-item woocommerce-product-attributes-item--attribute_g%c3%a9nero\">\n<th class=\"woocommerce-product-attributes-item__label\">G\u00e9nero<\/th>\n<td class=\"woocommerce-product-attributes-item__value\">Unisex<\/td>\n<\/tr>\n<tr class=\"woocommerce-product-attributes-item woocommerce-product-attributes-item--attribute_registro-sanitario-invima\">\n<th class=\"woocommerce-product-attributes-item__label\">Registro Sanitario INVIMA<\/th>\n<td class=\"woocommerce-product-attributes-item__value\">INVIMA 2024DM-0029674<\/td>\n<\/tr>\n<tr class=\"woocommerce-product-attributes-item woocommerce-product-attributes-item--attribute_tipo-de-base\">\n<th class=\"woocommerce-product-attributes-item__label\">Tipo de base<\/th>\n<td class=\"woocommerce-product-attributes-item__value\">Agua<\/td>\n<\/tr>\n<tr class=\"woocommerce-product-attributes-item woocommerce-product-attributes-item--attribute_modo-de-uso\">\n<th class=\"woocommerce-product-attributes-item__label\">Modo de uso<\/th>\n<td class=\"woocommerce-product-attributes-item__value\">Preparaci\u00f3n: Limpia y seca la zona de aplicaci\u00f3n antes de usar el producto.<br \/>\nAplicaci\u00f3n: Aplica una peque\u00f1a cantidad de Frequency en las zonas \u00edntimas externas que desees estimular. Masajea suavemente hasta que comiences a sentir los efectos vibrantes y refrescantes.<br \/>\nReaplicaci\u00f3n: Si deseas intensificar la experiencia, aplica m\u00e1s gel seg\u00fan sea necesario.<br \/>\nLimpieza: Al finalizar, lava la zona con agua tibia y jab\u00f3n suave para retirar cualquier residuo.<\/td>\n<\/tr>\n<tr class=\"woocommerce-product-attributes-item woocommerce-product-attributes-item--attribute_marca\">\n<th class=\"woocommerce-product-attributes-item__label\">Marca<\/th>\n<td class=\"woocommerce-product-attributes-item__value\">Elixir<\/td>\n<\/tr>\n<tr class=\"woocommerce-product-attributes-item woocommerce-product-attributes-item--attribute_precauciones\">\n<th class=\"woocommerce-product-attributes-item__label\">Precauciones<\/th>\n<td class=\"woocommerce-product-attributes-item__value\">-Este producto no es anticonceptivo.<br \/>\n-Puede causar irritaciones o alergias en personas sensibles. Realiza una prueba de sensibilidad en una peque\u00f1a \u00e1rea de piel antes de usarlo.<br \/>\n-No usar en piel irritada, da\u00f1ada o en \u00e1reas internas.<br \/>\n-Evita el contacto con los ojos. Si ocurre, enjuaga inmediatamente con abundante agua.<br \/>\n-No previene enfermedades de transmisi\u00f3n sexual (ETS).<br \/>\n-No utilizar si el empaque est\u00e1 da\u00f1ado.<br \/>\n-Mantener fuera del alcance de los ni\u00f1os.<\/td>\n<\/tr>\n<\/tbody>\n<\/table>\n","protected":false},"featured_media":0,"comment_status":"open","ping_status":"closed","template":"","meta":[],"product_brand":[33],"product_cat":[28,29,31,32],"product_tag":[],"class_list":{"0":"post-304","1":"product","2":"type-product","3":"status-publish","5":"product_brand-elixir","6":"product_cat-elixir","7":"product_cat-lubricantes","8":"product_cat-lubricantes-y-cosmetica","9":"product_cat-todo","11":"first","12":"instock","13":"shipping-taxable","14":"purchasable","15":"product-type-simple"},"_links":{"self":[{"href":"https:\/\/desiare.com\/index.php?rest_route=\/wp\/v2\/product\/304","targetHints":{"allow":["GET"]}}],"collection":[{"href":"https:\/\/desiare.com\/index.php?rest_route=\/wp\/v2\/product"}],"about":[{"href":"https:\/\/desiare.com\/index.php?rest_route=\/wp\/v2\/types\/product"}],"replies":[{"embeddable":true,"href":"https:\/\/desiare.com\/index.php?rest_route=%2Fwp%2Fv2%2Fcomments&post=304"}],"wp:attachment":[{"href":"https:\/\/desiare.com\/index.php?rest_route=%2Fwp%2Fv2%2Fmedia&parent=304"}],"wp:term":[{"taxonomy":"product_brand","embeddable":true,"href":"https:\/\/desiare.com\/index.php?rest_route=%2Fwp%2Fv2%2Fproduct_brand&post=304"},{"taxonomy":"product_cat","embeddable":true,"href":"https:\/\/desiare.com\/index.php?rest_route=%2Fwp%2Fv2%2Fproduct_cat&post=304"},{"taxonomy":"product_tag","embeddable":true,"href":"https:\/\/desiare.com\/index.php?rest_route=%2Fwp%2Fv2%2Fproduct_tag&post=304"}],"curies":[{"name":"wp","href":"https:\/\/api.w.org\/{rel}","templated":true}]}}