{"id":308,"date":"2025-09-20T05:00:40","date_gmt":"2025-09-20T10:00:40","guid":{"rendered":"https:\/\/desiare.com\/?post_type=product&#038;p=308"},"modified":"2025-09-20T05:00:40","modified_gmt":"2025-09-20T10:00:40","slug":"masturbador-realista-elina-optimus","status":"publish","type":"product","link":"https:\/\/desiare.com\/?product=masturbador-realista-elina-optimus","title":{"rendered":"Masturbador Realista Elina Optimus"},"content":{"rendered":"<p>Disfruta de una experiencia \u00edntima m\u00e1s aut\u00e9ntica con Elina, el masturbador realista de la l\u00ednea Optimus de CAMTOYZ. Dise\u00f1ado para ofrecer el m\u00e1ximo placer y confort, cuenta con detalles cuidadosamente pensados para brindar una sensaci\u00f3n lo m\u00e1s cercana a la realidad.<\/p>\n<p>Caracter\u00edsticas principales: \u2022 2 modos de uso: Gracias a su doble canal, podr\u00e1s variar la estimulaci\u00f3n y personalizar cada sesi\u00f3n de placer.<\/p>\n<p>\u2022 Dimensiones ideales: 16 cm de largo y 9 cm de ancho, permitiendo un agarre c\u00f3modo y firme durante el uso.<\/p>\n<p>\u2022 Textura suave: Su interior est\u00e1 elaborado con materiales de alta calidad que imitan la sensaci\u00f3n real, haciendo que cada momento sea inolvidable.<\/p>\n<p>\u2022 F\u00e1cil de usar y limpiar: El material flexible y resistente facilita el mantenimiento, prolongando su vida \u00fatil y garantizando la higiene.<\/p>\n<p>\u2022 Compatible con lubricantes a base de agua: Incrementa la sensaci\u00f3n de realismo y protege la integridad del producto.<\/p>\n<p>Con Elina, experimentar\u00e1s un dise\u00f1o anat\u00f3mico y ergon\u00f3mico que se adapta a tu cuerpo, ofreciendo una estimulaci\u00f3n intensa y placentera. Lleva tus momentos de intimidad a otro nivel con este masturbador realista, pensado para satisfacer tus deseos m\u00e1s exigentes.<\/p>\n","protected":false},"excerpt":{"rendered":"<table class=\"woocommerce-product-attributes shop_attributes\">\n<tbody>\n<tr class=\"woocommerce-product-attributes-item woocommerce-product-attributes-item--attribute_garant%c3%ada\">\n<th class=\"woocommerce-product-attributes-item__label\">Garant\u00eda<\/th>\n<td class=\"woocommerce-product-attributes-item__value\">2 a\u00f1os<\/td>\n<\/tr>\n<tr class=\"woocommerce-product-attributes-item woocommerce-product-attributes-item--attribute_g%c3%a9nero\">\n<th class=\"woocommerce-product-attributes-item__label\">G\u00e9nero<\/th>\n<td class=\"woocommerce-product-attributes-item__value\">Masculino<\/td>\n<\/tr>\n<tr class=\"woocommerce-product-attributes-item woocommerce-product-attributes-item--attribute_interactivo-o-con-app\">\n<th class=\"woocommerce-product-attributes-item__label\">Interactivo o Con App<\/th>\n<td class=\"woocommerce-product-attributes-item__value\">No<\/td>\n<\/tr>\n<tr class=\"woocommerce-product-attributes-item woocommerce-product-attributes-item--attribute_limpieza\">\n<th class=\"woocommerce-product-attributes-item__label\">Limpieza<\/th>\n<td class=\"woocommerce-product-attributes-item__value\">Antes de usar el juguete por primera vez, y despu\u00e9s de cada uso, este debe ser limpiado para reducir el riesgo de infecciones, mantener la higiene adecuada y evitar el deterioro r\u00e1pido del juguete.Recomendamos un producto especial para limpieza \u00f3ptima como los Limpiadores para Juguetes Elixir.<\/td>\n<\/tr>\n<tr class=\"woocommerce-product-attributes-item woocommerce-product-attributes-item--attribute_marca\">\n<th class=\"woocommerce-product-attributes-item__label\">Marca<\/th>\n<td class=\"woocommerce-product-attributes-item__value\">CamToyz<\/td>\n<\/tr>\n<tr class=\"woocommerce-product-attributes-item woocommerce-product-attributes-item--attribute_material\">\n<th class=\"woocommerce-product-attributes-item__label\">Material<\/th>\n<td class=\"woocommerce-product-attributes-item__value\">\u2013<\/td>\n<\/tr>\n<tr class=\"woocommerce-product-attributes-item woocommerce-product-attributes-item--attribute_medidas\">\n<th class=\"woocommerce-product-attributes-item__label\">Medidas<\/th>\n<td class=\"woocommerce-product-attributes-item__value\">Longitud: 16 cm Ancho: 10 cm<\/td>\n<\/tr>\n<tr class=\"woocommerce-product-attributes-item woocommerce-product-attributes-item--attribute_presentaci%c3%b3n\">\n<th class=\"woocommerce-product-attributes-item__label\">Presentaci\u00f3n<\/th>\n<td class=\"woocommerce-product-attributes-item__value\">Dos modos de uso<\/td>\n<\/tr>\n<tr class=\"woocommerce-product-attributes-item woocommerce-product-attributes-item--attribute_recomendaciones-de-uso\">\n<th class=\"woocommerce-product-attributes-item__label\">Recomendaciones de uso<\/th>\n<td class=\"woocommerce-product-attributes-item__value\">Para una experiencia m\u00e1s placentera, es ideal que el uso de este juguete sea con lubricantes a base de agua. Recomendamos el Gel Lubricante \u00cdntimo Natural Elixir.No se deben usar lubricantes de silicona con juguetes de silicona. Podr\u00edan sufrir da\u00f1os irreversibles.<\/td>\n<\/tr>\n<\/tbody>\n<\/table>\n","protected":false},"featured_media":0,"comment_status":"open","ping_status":"closed","template":"","meta":[],"product_brand":[],"product_cat":[56,19,75,76,77,60],"product_tag":[],"class_list":{"0":"post-308","1":"product","2":"type-product","3":"status-publish","5":"product_cat-camtoyz","6":"product_cat-juguetes","7":"product_cat-masturbadores","8":"product_cat-masturbadores-masculinos","9":"product_cat-para-el","10":"product_cat-promo","12":"first","13":"instock","14":"shipping-taxable","15":"purchasable","16":"product-type-simple"},"_links":{"self":[{"href":"https:\/\/desiare.com\/index.php?rest_route=\/wp\/v2\/product\/308","targetHints":{"allow":["GET"]}}],"collection":[{"href":"https:\/\/desiare.com\/index.php?rest_route=\/wp\/v2\/product"}],"about":[{"href":"https:\/\/desiare.com\/index.php?rest_route=\/wp\/v2\/types\/product"}],"replies":[{"embeddable":true,"href":"https:\/\/desiare.com\/index.php?rest_route=%2Fwp%2Fv2%2Fcomments&post=308"}],"wp:attachment":[{"href":"https:\/\/desiare.com\/index.php?rest_route=%2Fwp%2Fv2%2Fmedia&parent=308"}],"wp:term":[{"taxonomy":"product_brand","embeddable":true,"href":"https:\/\/desiare.com\/index.php?rest_route=%2Fwp%2Fv2%2Fproduct_brand&post=308"},{"taxonomy":"product_cat","embeddable":true,"href":"https:\/\/desiare.com\/index.php?rest_route=%2Fwp%2Fv2%2Fproduct_cat&post=308"},{"taxonomy":"product_tag","embeddable":true,"href":"https:\/\/desiare.com\/index.php?rest_route=%2Fwp%2Fv2%2Fproduct_tag&post=308"}],"curies":[{"name":"wp","href":"https:\/\/api.w.org\/{rel}","templated":true}]}}