{"id":319,"date":"2025-09-20T05:07:14","date_gmt":"2025-09-20T10:07:14","guid":{"rendered":"https:\/\/desiare.com\/?post_type=product&#038;p=319"},"modified":"2025-09-20T05:07:14","modified_gmt":"2025-09-20T10:07:14","slug":"retardante-thunder-en-sachet","status":"publish","type":"product","link":"https:\/\/desiare.com\/?product=retardante-thunder-en-sachet","title":{"rendered":"Retardante Thunder en Sachet"},"content":{"rendered":"<h2>Gel Efecto Retardante Masculino<\/h2>\n<p><strong>Caracter\u00edsticas:<\/strong><\/p>\n<ul>\n<li>Efecto retardante<\/li>\n<\/ul>\n<p>Ideal para prolongar la eyaculaci\u00f3n permitiendo que las relaciones sexuales se extiendan por m\u00e1s tiempo, desarrollado con una textura oleosa perfecto aumentar el rendimiento y poder disfrutar de momentos m\u00e1s pl\u00e1cidos.<\/p>\n<p><strong>Modo de uso:<\/strong>\u00a0aplicar en el pene de 10 a 15 minutos y masajear el pene antes de la relaci\u00f3n sexual. No es necesario retirar el producto. No es un anticonceptivo y no contiene espermicidas.<\/p>\n<p><strong>Gel efecto Retardante.<\/strong><\/p>\n","protected":false},"excerpt":{"rendered":"<p>Gel Efecto Retardante Masculino Caracter\u00edsticas: Efecto retardante Ideal para prolongar la eyaculaci\u00f3n permitiendo que las relaciones sexuales se extiendan por&#8230;<\/p>\n","protected":false},"featured_media":0,"comment_status":"open","ping_status":"closed","template":"","meta":[],"product_brand":[],"product_cat":[29,80],"product_tag":[],"class_list":{"0":"post-319","1":"product","2":"type-product","3":"status-publish","5":"product_cat-lubricantes","6":"product_cat-retardantes","8":"first","9":"instock","10":"shipping-taxable","11":"purchasable","12":"product-type-simple"},"_links":{"self":[{"href":"https:\/\/desiare.com\/index.php?rest_route=\/wp\/v2\/product\/319","targetHints":{"allow":["GET"]}}],"collection":[{"href":"https:\/\/desiare.com\/index.php?rest_route=\/wp\/v2\/product"}],"about":[{"href":"https:\/\/desiare.com\/index.php?rest_route=\/wp\/v2\/types\/product"}],"replies":[{"embeddable":true,"href":"https:\/\/desiare.com\/index.php?rest_route=%2Fwp%2Fv2%2Fcomments&post=319"}],"wp:attachment":[{"href":"https:\/\/desiare.com\/index.php?rest_route=%2Fwp%2Fv2%2Fmedia&parent=319"}],"wp:term":[{"taxonomy":"product_brand","embeddable":true,"href":"https:\/\/desiare.com\/index.php?rest_route=%2Fwp%2Fv2%2Fproduct_brand&post=319"},{"taxonomy":"product_cat","embeddable":true,"href":"https:\/\/desiare.com\/index.php?rest_route=%2Fwp%2Fv2%2Fproduct_cat&post=319"},{"taxonomy":"product_tag","embeddable":true,"href":"https:\/\/desiare.com\/index.php?rest_route=%2Fwp%2Fv2%2Fproduct_tag&post=319"}],"curies":[{"name":"wp","href":"https:\/\/api.w.org\/{rel}","templated":true}]}}