{"id":327,"date":"2025-09-20T05:12:22","date_gmt":"2025-09-20T10:12:22","guid":{"rendered":"https:\/\/desiare.com\/?post_type=product&#038;p=327"},"modified":"2025-09-20T05:12:22","modified_gmt":"2025-09-20T10:12:22","slug":"limpiador-de-juguetes-elixir-neutro","status":"publish","type":"product","link":"https:\/\/desiare.com\/?product=limpiador-de-juguetes-elixir-neutro","title":{"rendered":"Limpiador De Juguetes Elixir Neutro"},"content":{"rendered":"<h2>Limpiador De Juguetes Sexuales<\/h2>\n<h3>\u00a1Aroma \u00fanico en tus juguetes \u00edntimos!<\/h3>\n<p>Dise\u00f1ado especialmente para juguetes \u00edntimos, cuida y preserva la silicona y dem\u00e1s materiales, proporcionando un mayor tiempo de vida \u00fatil a los mismos.\u00a0Elixir fue desarrollado pensando en todas esas molestias ocasionadas por el mal lavado de los juguetes \u00a1Ya no queremos m\u00e1s siliconas porosas a causa del alcohol y otros agentes de jabones comunes!<\/p>\n<p>Permiten obtener un producto suave, de baja irritabilidad, que cumple con la normatividad establecida para productos detergentes y que ayuda a la limpieza completa de los juguetes.Para usarlo:<\/p>\n<ul>\n<li>Humedezca el juguete u objeto a limpiar.<\/li>\n<li>Aplique una cantidad suficiente del producto sobre una esponja o pa\u00f1o h\u00famedo y frote por toda la superficie del juguete, enjuague con abundante agua.<\/li>\n<li>Repita el procedimiento si considera necesario.<\/li>\n<\/ul>\n<p>Disfruta ahora\u00a0el\u00a0poder de Elixir en dos versiones diferentes \u00a1Neutro!<\/p>\n","protected":false},"excerpt":{"rendered":"<table class=\"woocommerce-product-attributes shop_attributes\">\n<tbody>\n<tr class=\"woocommerce-product-attributes-item woocommerce-product-attributes-item--attribute_garant%c3%ada\">\n<th class=\"woocommerce-product-attributes-item__label\">Garant\u00eda<\/th>\n<td class=\"woocommerce-product-attributes-item__value\">1 a\u00f1o<\/td>\n<\/tr>\n<tr class=\"woocommerce-product-attributes-item woocommerce-product-attributes-item--attribute_g%c3%a9nero\">\n<th class=\"woocommerce-product-attributes-item__label\">G\u00e9nero<\/th>\n<td class=\"woocommerce-product-attributes-item__value\">Unisex<\/td>\n<\/tr>\n<tr class=\"woocommerce-product-attributes-item woocommerce-product-attributes-item--attribute_interactivo-o-con-app\">\n<th class=\"woocommerce-product-attributes-item__label\">Interactivo o Con App<\/th>\n<td class=\"woocommerce-product-attributes-item__value\">No<\/td>\n<\/tr>\n<tr class=\"woocommerce-product-attributes-item woocommerce-product-attributes-item--attribute_marca\">\n<th class=\"woocommerce-product-attributes-item__label\">Marca<\/th>\n<td class=\"woocommerce-product-attributes-item__value\">Elixir<\/td>\n<\/tr>\n<tr class=\"woocommerce-product-attributes-item woocommerce-product-attributes-item--attribute_presentaci%c3%b3n\">\n<th class=\"woocommerce-product-attributes-item__label\">Presentaci\u00f3n<\/th>\n<td class=\"woocommerce-product-attributes-item__value\">\u2022 Libre de parabenos, pH balanceado.\u2022 Registro Sanitario INVIMA: NSOH06655-18CO \u2022 Dise\u00f1ado especialmente para juguetes \u00edntimos, cuida y preserva la silicona y dem\u00e1s materiales, proporcionando un mayor tiempo de vida \u00fatil a los mismos.\u2022 Permite obtener un producto suave, de baja irritabilidad, que cumple con la normatividad establecida para productos detergentes y que ayuda a la limpieza completa de los juguetes.<\/td>\n<\/tr>\n<tr class=\"woocommerce-product-attributes-item woocommerce-product-attributes-item--attribute_recomendaciones-de-uso\">\n<th class=\"woocommerce-product-attributes-item__label\">Recomendaciones de uso<\/th>\n<td class=\"woocommerce-product-attributes-item__value\">\u2022 Humedezca el juguete u objeto a limpiar. \u2022 Aplique una cantidad suficiente del producto sobre una esponja o pa\u00f1o h\u00famedo y frote por toda la superficie del juguete, enjuague con abundante agua. \u2022 Repita el procedimiento si considera necesario.<\/td>\n<\/tr>\n<\/tbody>\n<\/table>\n","protected":false},"featured_media":0,"comment_status":"open","ping_status":"closed","template":"","meta":[],"product_brand":[33],"product_cat":[28,19,81,29],"product_tag":[],"class_list":{"0":"post-327","1":"product","2":"type-product","3":"status-publish","5":"product_brand-elixir","6":"product_cat-elixir","7":"product_cat-juguetes","8":"product_cat-limpiador-de-juguetes","9":"product_cat-lubricantes","11":"first","12":"instock","13":"shipping-taxable","14":"purchasable","15":"product-type-simple"},"_links":{"self":[{"href":"https:\/\/desiare.com\/index.php?rest_route=\/wp\/v2\/product\/327","targetHints":{"allow":["GET"]}}],"collection":[{"href":"https:\/\/desiare.com\/index.php?rest_route=\/wp\/v2\/product"}],"about":[{"href":"https:\/\/desiare.com\/index.php?rest_route=\/wp\/v2\/types\/product"}],"replies":[{"embeddable":true,"href":"https:\/\/desiare.com\/index.php?rest_route=%2Fwp%2Fv2%2Fcomments&post=327"}],"wp:attachment":[{"href":"https:\/\/desiare.com\/index.php?rest_route=%2Fwp%2Fv2%2Fmedia&parent=327"}],"wp:term":[{"taxonomy":"product_brand","embeddable":true,"href":"https:\/\/desiare.com\/index.php?rest_route=%2Fwp%2Fv2%2Fproduct_brand&post=327"},{"taxonomy":"product_cat","embeddable":true,"href":"https:\/\/desiare.com\/index.php?rest_route=%2Fwp%2Fv2%2Fproduct_cat&post=327"},{"taxonomy":"product_tag","embeddable":true,"href":"https:\/\/desiare.com\/index.php?rest_route=%2Fwp%2Fv2%2Fproduct_tag&post=327"}],"curies":[{"name":"wp","href":"https:\/\/api.w.org\/{rel}","templated":true}]}}