{"id":334,"date":"2025-09-20T05:14:41","date_gmt":"2025-09-20T10:14:41","guid":{"rendered":"https:\/\/desiare.com\/?post_type=product&#038;p=334"},"modified":"2025-09-20T05:14:41","modified_gmt":"2025-09-20T10:14:41","slug":"huevo-vibrador-con-app-elenor-majestic","status":"publish","type":"product","link":"https:\/\/desiare.com\/?product=huevo-vibrador-con-app-elenor-majestic","title":{"rendered":"Huevo vibrador con App Elenor Majestic"},"content":{"rendered":"<h3>El Huevo vibrador con App Elenor Majestic Rosado garantiza una estimulaci\u00f3n precisa y placentera<\/h3>\n<p>Este juguete er\u00f3tico innovador te permite controlar las vibraciones de forma remota a trav\u00e9s de una aplicaci\u00f3n en tu smartphone<\/p>\n<p>Con m\u00faltiples modos de vibraci\u00f3n y la opci\u00f3n de crear patrones personalizados, podr\u00e1s disfrutar de un placer totalmente adaptado a tus deseos<\/p>\n<p>Fabricado con materiales seguros para el cuerpo y con un dise\u00f1o ergon\u00f3mico, el Huevo vibrador con App Elenor Majestic Rosado garantiza una estimulaci\u00f3n precisa y placentera. D\u00e9jate llevar por las emocionantes posibilidades de este juguete y descubre nuevas formas de alcanzar el cl\u00edmax en tus momentos \u00edntimos.<\/p>\n","protected":false},"excerpt":{"rendered":"<table class=\"woocommerce-product-attributes shop_attributes\">\n<tbody>\n<tr class=\"woocommerce-product-attributes-item woocommerce-product-attributes-item--attribute_garant%c3%ada\">\n<th class=\"woocommerce-product-attributes-item__label\">Garant\u00eda<\/th>\n<td class=\"woocommerce-product-attributes-item__value\">1 a\u00f1o<\/td>\n<\/tr>\n<tr class=\"woocommerce-product-attributes-item woocommerce-product-attributes-item--attribute_g%c3%a9nero\">\n<th class=\"woocommerce-product-attributes-item__label\">G\u00e9nero<\/th>\n<td class=\"woocommerce-product-attributes-item__value\">Femenino<\/td>\n<\/tr>\n<tr class=\"woocommerce-product-attributes-item woocommerce-product-attributes-item--attribute_limpieza\">\n<th class=\"woocommerce-product-attributes-item__label\">Limpieza<\/th>\n<td class=\"woocommerce-product-attributes-item__value\">Antes de usar el juguete por primera vez, y despu\u00e9s de cada uso, este debe ser limpiado para reducir el riesgo de infecciones, mantener la higiene adecuada y evitar el deterioro r\u00e1pido del juguete. Recomendamos un producto especial para limpieza \u00f3ptima c<\/td>\n<\/tr>\n<tr class=\"woocommerce-product-attributes-item woocommerce-product-attributes-item--attribute_marca\">\n<th class=\"woocommerce-product-attributes-item__label\">Marca<\/th>\n<td class=\"woocommerce-product-attributes-item__value\">CamToyz<\/td>\n<\/tr>\n<tr class=\"woocommerce-product-attributes-item woocommerce-product-attributes-item--attribute_material\">\n<th class=\"woocommerce-product-attributes-item__label\">Material<\/th>\n<td class=\"woocommerce-product-attributes-item__value\">Silicona suave, segura para el cuerpo, no t\u00f3xica + ABS<\/td>\n<\/tr>\n<tr class=\"woocommerce-product-attributes-item woocommerce-product-attributes-item--attribute_recomendaciones-de-uso\">\n<th class=\"woocommerce-product-attributes-item__label\">Recomendaciones de Uso<\/th>\n<td class=\"woocommerce-product-attributes-item__value\">Para una experiencia m\u00e1s placentera, es ideal que el uso de este juguete sea con lubricantes a base de agua. Recomendamos el Gel Lubricante \u00cdntimo Natural Elixir. No se deben usar lubricantes de silicona con juguetes de silicona. Podr\u00edan sufrir da\u00f1os irre<\/td>\n<\/tr>\n<tr class=\"woocommerce-product-attributes-item woocommerce-product-attributes-item--attribute_resistente-al-agua\">\n<th class=\"woocommerce-product-attributes-item__label\">Resistente al agua<\/th>\n<td class=\"woocommerce-product-attributes-item__value\">NO<\/td>\n<\/tr>\n<tr class=\"woocommerce-product-attributes-item woocommerce-product-attributes-item--attribute_medidas\">\n<th class=\"woocommerce-product-attributes-item__label\">Medidas<\/th>\n<td class=\"woocommerce-product-attributes-item__value\">Alto: 8.8 cm<br \/>\nAncho: 3.3 cm<\/td>\n<\/tr>\n<\/tbody>\n<\/table>\n","protected":false},"featured_media":0,"comment_status":"open","ping_status":"closed","template":"","meta":[],"product_brand":[55],"product_cat":[64,49,56,19,17],"product_tag":[],"class_list":{"0":"post-334","1":"product","2":"type-product","3":"status-publish","5":"product_brand-camtoyz","6":"product_cat-balas-y-huevos-vibradores","7":"product_cat-black-week","8":"product_cat-camtoyz","9":"product_cat-juguetes","10":"product_cat-vibradores","12":"first","13":"instock","14":"shipping-taxable","15":"purchasable","16":"product-type-simple"},"_links":{"self":[{"href":"https:\/\/desiare.com\/index.php?rest_route=\/wp\/v2\/product\/334","targetHints":{"allow":["GET"]}}],"collection":[{"href":"https:\/\/desiare.com\/index.php?rest_route=\/wp\/v2\/product"}],"about":[{"href":"https:\/\/desiare.com\/index.php?rest_route=\/wp\/v2\/types\/product"}],"replies":[{"embeddable":true,"href":"https:\/\/desiare.com\/index.php?rest_route=%2Fwp%2Fv2%2Fcomments&post=334"}],"wp:attachment":[{"href":"https:\/\/desiare.com\/index.php?rest_route=%2Fwp%2Fv2%2Fmedia&parent=334"}],"wp:term":[{"taxonomy":"product_brand","embeddable":true,"href":"https:\/\/desiare.com\/index.php?rest_route=%2Fwp%2Fv2%2Fproduct_brand&post=334"},{"taxonomy":"product_cat","embeddable":true,"href":"https:\/\/desiare.com\/index.php?rest_route=%2Fwp%2Fv2%2Fproduct_cat&post=334"},{"taxonomy":"product_tag","embeddable":true,"href":"https:\/\/desiare.com\/index.php?rest_route=%2Fwp%2Fv2%2Fproduct_tag&post=334"}],"curies":[{"name":"wp","href":"https:\/\/api.w.org\/{rel}","templated":true}]}}