{"id":67,"date":"2025-09-20T01:04:21","date_gmt":"2025-09-20T06:04:21","guid":{"rendered":"https:\/\/desiare.com\/?post_type=product&#038;p=67"},"modified":"2025-09-20T01:35:49","modified_gmt":"2025-09-20T06:35:49","slug":"accesorio-vaginal-para-vibrador-hitachi-angus","status":"publish","type":"product","link":"https:\/\/desiare.com\/?product=accesorio-vaginal-para-vibrador-hitachi-angus","title":{"rendered":"Accesorio Vaginal para Vibrador Hitachi Angus"},"content":{"rendered":"<h2>Masajeador vaginal para eyaculaci\u00f3n femenina<\/h2>\n<h3>\u00a1Prep\u00e1rate para sentir un verdadero orgasmo!<\/h3>\n<p>Este es uno de los masajeadores vibratorios m\u00e1s potentes y una soluci\u00f3n excelente para lograr una verdadera excitaci\u00f3n.<\/p>\n<p>Es un excelente accesorio para el vibrador Hitachi.<\/p>\n<p>El masajeador Angus emplea la vibraci\u00f3n para darte muchos est\u00edmulos y diferentes sensaciones lo que te llevar\u00e1 a sentir much\u00edsimo placer.<\/p>\n<p>Est\u00e1 hecho con los m\u00e1s altos est\u00e1ndares de calidad y su material en silicona m\u00e9dica lo convierten en una de las mejores opciones para que explores y sientas cosas diferentes.<\/p>\n","protected":false},"excerpt":{"rendered":"<table class=\"woocommerce-product-attributes shop_attributes\">\n<tbody>\n<tr class=\"woocommerce-product-attributes-item woocommerce-product-attributes-item--attribute_compatibilidad\">\n<th class=\"woocommerce-product-attributes-item__label\">Compatibilidad<\/th>\n<td class=\"woocommerce-product-attributes-item__value\">Compatible con vibradores tipo hitachi con cabeza entre 4.5 cm y 5 cm de di\u00e1metro<\/td>\n<\/tr>\n<tr class=\"woocommerce-product-attributes-item woocommerce-product-attributes-item--attribute_contenido\">\n<th class=\"woocommerce-product-attributes-item__label\">Contenido<\/th>\n<td class=\"woocommerce-product-attributes-item__value\">Incluye accesorio. NO incluye vibrador hitachi<\/td>\n<\/tr>\n<tr class=\"woocommerce-product-attributes-item woocommerce-product-attributes-item--attribute_garant%c3%ada\">\n<th class=\"woocommerce-product-attributes-item__label\">Garant\u00eda<\/th>\n<td class=\"woocommerce-product-attributes-item__value\">30 d\u00edas<\/td>\n<\/tr>\n<tr class=\"woocommerce-product-attributes-item woocommerce-product-attributes-item--attribute_g%c3%a9nero\">\n<th class=\"woocommerce-product-attributes-item__label\">G\u00e9nero<\/th>\n<td class=\"woocommerce-product-attributes-item__value\">Femenino<\/td>\n<\/tr>\n<tr class=\"woocommerce-product-attributes-item woocommerce-product-attributes-item--attribute_interactivo-o-con-app\">\n<th class=\"woocommerce-product-attributes-item__label\">Interactivo o Con App<\/th>\n<td class=\"woocommerce-product-attributes-item__value\">No<\/td>\n<\/tr>\n<tr class=\"woocommerce-product-attributes-item woocommerce-product-attributes-item--attribute_limpieza\">\n<th class=\"woocommerce-product-attributes-item__label\">Limpieza<\/th>\n<td class=\"woocommerce-product-attributes-item__value\">Antes de usar el juguete por primera vez, y despu\u00e9s de cada uso, este debe ser limpiado para reducir el riesgo de infecciones, mantener la higiene adecuada y evitar el deterioro r\u00e1pido del juguete.Recomendamos un producto especial para limpieza \u00f3ptima como los Limpiadores para Juguetes Elixir.<\/td>\n<\/tr>\n<tr class=\"woocommerce-product-attributes-item woocommerce-product-attributes-item--attribute_marca\">\n<th class=\"woocommerce-product-attributes-item__label\">Marca<\/th>\n<td class=\"woocommerce-product-attributes-item__value\">DistriSex<\/td>\n<\/tr>\n<tr class=\"woocommerce-product-attributes-item woocommerce-product-attributes-item--attribute_material\">\n<th class=\"woocommerce-product-attributes-item__label\">Material<\/th>\n<td class=\"woocommerce-product-attributes-item__value\">Silicona suave, segura para el cuerpo, no t\u00f3xica<\/td>\n<\/tr>\n<tr class=\"woocommerce-product-attributes-item woocommerce-product-attributes-item--attribute_medidas\">\n<th class=\"woocommerce-product-attributes-item__label\">Medidas<\/th>\n<td class=\"woocommerce-product-attributes-item__value\">\u2022 Largo: 12, 2 cm\u2022 Di\u00e1metro: 5 cm<\/td>\n<\/tr>\n<tr class=\"woocommerce-product-attributes-item woocommerce-product-attributes-item--attribute_recomendaciones-de-uso\">\n<th class=\"woocommerce-product-attributes-item__label\">Recomendaciones de uso<\/th>\n<td class=\"woocommerce-product-attributes-item__value\">Para una experiencia m\u00e1s placentera, es ideal que el uso de este juguete sea con lubricantes a base de agua. Recomendamos el Gel Lubricante \u00cdntimo Natural Elixir.No se deben usar lubricantes de silicona con juguetes de silicona. Podr\u00edan sufrir da\u00f1os irreversibles.<\/td>\n<\/tr>\n<tr class=\"woocommerce-product-attributes-item woocommerce-product-attributes-item--attribute_resistente-al-agua\">\n<th class=\"woocommerce-product-attributes-item__label\">Resistente al agua<\/th>\n<td class=\"woocommerce-product-attributes-item__value\">100% impermeable<\/td>\n<\/tr>\n<\/tbody>\n<\/table>\n","protected":false},"featured_media":0,"comment_status":"open","ping_status":"closed","template":"","meta":[],"product_brand":[21],"product_cat":[18,16,19,20,17],"product_tag":[22,23],"class_list":{"0":"post-67","1":"product","2":"type-product","3":"status-publish","5":"product_brand-hitachi","6":"product_cat-estimulacion-clitorial","7":"product_cat-hitachi","8":"product_cat-juguetes","9":"product_cat-punto-g","10":"product_cat-vibradores","11":"product_tag-spo-default","12":"product_tag-spo-disabled","14":"first","15":"instock","16":"shipping-taxable","17":"purchasable","18":"product-type-simple"},"_links":{"self":[{"href":"https:\/\/desiare.com\/index.php?rest_route=\/wp\/v2\/product\/67","targetHints":{"allow":["GET"]}}],"collection":[{"href":"https:\/\/desiare.com\/index.php?rest_route=\/wp\/v2\/product"}],"about":[{"href":"https:\/\/desiare.com\/index.php?rest_route=\/wp\/v2\/types\/product"}],"replies":[{"embeddable":true,"href":"https:\/\/desiare.com\/index.php?rest_route=%2Fwp%2Fv2%2Fcomments&post=67"}],"wp:attachment":[{"href":"https:\/\/desiare.com\/index.php?rest_route=%2Fwp%2Fv2%2Fmedia&parent=67"}],"wp:term":[{"taxonomy":"product_brand","embeddable":true,"href":"https:\/\/desiare.com\/index.php?rest_route=%2Fwp%2Fv2%2Fproduct_brand&post=67"},{"taxonomy":"product_cat","embeddable":true,"href":"https:\/\/desiare.com\/index.php?rest_route=%2Fwp%2Fv2%2Fproduct_cat&post=67"},{"taxonomy":"product_tag","embeddable":true,"href":"https:\/\/desiare.com\/index.php?rest_route=%2Fwp%2Fv2%2Fproduct_tag&post=67"}],"curies":[{"name":"wp","href":"https:\/\/api.w.org\/{rel}","templated":true}]}}