{"id":76,"date":"2025-09-20T01:59:09","date_gmt":"2025-09-20T06:59:09","guid":{"rendered":"https:\/\/desiare.com\/?post_type=product&#038;p=76"},"modified":"2025-09-20T01:59:09","modified_gmt":"2025-09-20T06:59:09","slug":"condones-prudence-neon-x-3","status":"publish","type":"product","link":"https:\/\/desiare.com\/?product=condones-prudence-neon-x-3","title":{"rendered":"Condones Prudence Ne\u00f3n x 3"},"content":{"rendered":"<h2>Condones Prudence Ne\u00f3n x 3 unidades<\/h2>\n<p><strong>Caracter\u00edsticas de los Condones Prudence Ne\u00f3n:<\/strong><\/p>\n<ul>\n<li>Contiene 3 unidades<\/li>\n<li>Elaborado en L\u00e1tex Lubricado<\/li>\n<li>Brilla en la oscuridad, antes de usar exponer a la luz por 30 segundos<\/li>\n<li>Textura lisa<\/li>\n<li>Ancho: 5,2 cm<\/li>\n<li>Uso seguro con lubricantes a base de agua<\/li>\n<li>Registro:\u00a05668-DME-1018<\/li>\n<\/ul>\n<p>Es el \u00fanico cond\u00f3n que brilla en la oscuridad, col\u00f3calo cerca de la luz artificial por 30 segundos y enciende tu relaci\u00f3n. Prot\u00e9gete y brillar\u00e1s.<\/p>\n","protected":false},"excerpt":{"rendered":"<p>Condones Prudence Ne\u00f3n x 3 unidades Caracter\u00edsticas de los Condones Prudence Ne\u00f3n: Contiene 3 unidades Elaborado en L\u00e1tex Lubricado Brilla&#8230;<\/p>\n","protected":false},"featured_media":0,"comment_status":"open","ping_status":"closed","template":"","meta":[],"product_brand":[24],"product_cat":[25,26,27],"product_tag":[],"class_list":{"0":"post-76","1":"product","2":"type-product","3":"status-publish","5":"product_brand-prudence","6":"product_cat-bienestar-sexual","7":"product_cat-condones","8":"product_cat-prudence","10":"first","11":"instock","12":"shipping-taxable","13":"purchasable","14":"product-type-simple"},"_links":{"self":[{"href":"https:\/\/desiare.com\/index.php?rest_route=\/wp\/v2\/product\/76","targetHints":{"allow":["GET"]}}],"collection":[{"href":"https:\/\/desiare.com\/index.php?rest_route=\/wp\/v2\/product"}],"about":[{"href":"https:\/\/desiare.com\/index.php?rest_route=\/wp\/v2\/types\/product"}],"replies":[{"embeddable":true,"href":"https:\/\/desiare.com\/index.php?rest_route=%2Fwp%2Fv2%2Fcomments&post=76"}],"wp:attachment":[{"href":"https:\/\/desiare.com\/index.php?rest_route=%2Fwp%2Fv2%2Fmedia&parent=76"}],"wp:term":[{"taxonomy":"product_brand","embeddable":true,"href":"https:\/\/desiare.com\/index.php?rest_route=%2Fwp%2Fv2%2Fproduct_brand&post=76"},{"taxonomy":"product_cat","embeddable":true,"href":"https:\/\/desiare.com\/index.php?rest_route=%2Fwp%2Fv2%2Fproduct_cat&post=76"},{"taxonomy":"product_tag","embeddable":true,"href":"https:\/\/desiare.com\/index.php?rest_route=%2Fwp%2Fv2%2Fproduct_tag&post=76"}],"curies":[{"name":"wp","href":"https:\/\/api.w.org\/{rel}","templated":true}]}}