{"id":80,"date":"2025-09-20T02:11:53","date_gmt":"2025-09-20T07:11:53","guid":{"rendered":"https:\/\/desiare.com\/?post_type=product&#038;p=80"},"modified":"2025-09-20T02:11:53","modified_gmt":"2025-09-20T07:11:53","slug":"lubricante-blanco-cremoso-eyaculacion-masculina-250-ml","status":"publish","type":"product","link":"https:\/\/desiare.com\/?product=lubricante-blanco-cremoso-eyaculacion-masculina-250-ml","title":{"rendered":"Lubricante Blanco Cremoso Eyaculaci\u00f3n Masculina \u2013 250 ml"},"content":{"rendered":"<h3 data-start=\"0\" data-end=\"69\"><strong data-start=\"0\" data-end=\"67\">Lubricante \u00cdntimo Cremoso \u2013 Sensaci\u00f3n Realista y Placer Intenso<\/strong><\/h3>\n<p data-start=\"71\" data-end=\"409\">Descubre una nueva dimensi\u00f3n de placer con nuestro\u00a0<strong data-start=\"122\" data-end=\"151\">lubricante \u00edntimo cremoso<\/strong>, dise\u00f1ado para brindar una experiencia m\u00e1s realista y estimulante. Su exclusiva f\u00f3rmula reproduce la textura y apariencia de la eyaculaci\u00f3n masculina, proporcionando una lubricaci\u00f3n intensa que reduce la fricci\u00f3n y potencia la comodidad en cada encuentro.<\/p>\n<p data-start=\"411\" data-end=\"719\">Perfecto para el juego en solitario o en pareja, es compatible con preservativos y juguetes sexuales, asegurando una experiencia segura y placentera. Adem\u00e1s, su textura es ideal para complementar el uso de dispositivos dise\u00f1ados para simular orgasmos masculinos, ofreciendo una sensaci\u00f3n a\u00fan m\u00e1s aut\u00e9ntica.<\/p>\n<p data-start=\"721\" data-end=\"905\"><strong data-start=\"721\" data-end=\"756\">\u00bfUn toque extra de sensualidad?<\/strong>\u00a0Su delicioso sabor dulce lo hace perfecto para explorar fantas\u00edas y fetiches, a\u00f1adiendo un componente er\u00f3tico irresistible a tus momentos \u00edntimos.<\/p>\n<p data-start=\"907\" data-end=\"1016\" data-is-last-node=\"\">Atr\u00e9vete a elevar el placer con nuestro lubricante blanco cremoso y disfruta de una experiencia \u00fanica e inolvidable.<\/p>\n","protected":false},"excerpt":{"rendered":"<table class=\"woocommerce-product-attributes shop_attributes\">\n<tbody>\n<tr class=\"woocommerce-product-attributes-item woocommerce-product-attributes-item--attribute_garant%c3%ada\">\n<th class=\"woocommerce-product-attributes-item__label\">Garant\u00eda<\/th>\n<td class=\"woocommerce-product-attributes-item__value\">1 a\u00f1o<\/td>\n<\/tr>\n<tr class=\"woocommerce-product-attributes-item woocommerce-product-attributes-item--attribute_g%c3%a9nero\">\n<th class=\"woocommerce-product-attributes-item__label\">G\u00e9nero<\/th>\n<td class=\"woocommerce-product-attributes-item__value\">Unisex<\/td>\n<\/tr>\n<tr class=\"woocommerce-product-attributes-item woocommerce-product-attributes-item--attribute_registro-sanitario-invima\">\n<th class=\"woocommerce-product-attributes-item__label\">Registro Sanitario INVIMA<\/th>\n<td class=\"woocommerce-product-attributes-item__value\">INVIMA 2024DM-0029644<\/td>\n<\/tr>\n<tr class=\"woocommerce-product-attributes-item woocommerce-product-attributes-item--attribute_tipo-de-base\">\n<th class=\"woocommerce-product-attributes-item__label\">Tipo de base<\/th>\n<td class=\"woocommerce-product-attributes-item__value\">Agua<\/td>\n<\/tr>\n<tr class=\"woocommerce-product-attributes-item woocommerce-product-attributes-item--attribute_modo-de-uso\">\n<th class=\"woocommerce-product-attributes-item__label\">Modo de uso<\/th>\n<td class=\"woocommerce-product-attributes-item__value\">Aplicar una peque\u00f1a cantidad de Lubricante Elixir en la zona \u00edntima. Puede ser utilizado con otros dispositivos m\u00e9dicos como preservativos. Reaplicar tantas veces como sea necesario. Puede ser utilizado en cualquier juguete sin alterar el producto.<\/td>\n<\/tr>\n<tr class=\"woocommerce-product-attributes-item woocommerce-product-attributes-item--attribute_marca\">\n<th class=\"woocommerce-product-attributes-item__label\">Marca<\/th>\n<td class=\"woocommerce-product-attributes-item__value\">Elixir<\/td>\n<\/tr>\n<\/tbody>\n<\/table>\n","protected":false},"featured_media":0,"comment_status":"open","ping_status":"closed","template":"","meta":[],"product_brand":[33],"product_cat":[28,29,30,31,32],"product_tag":[],"class_list":{"0":"post-80","1":"product","2":"type-product","3":"status-publish","5":"product_brand-elixir","6":"product_cat-elixir","7":"product_cat-lubricantes","8":"product_cat-lubricantes-tipo-cum","9":"product_cat-lubricantes-y-cosmetica","10":"product_cat-todo","12":"first","13":"instock","14":"shipping-taxable","15":"purchasable","16":"product-type-simple"},"_links":{"self":[{"href":"https:\/\/desiare.com\/index.php?rest_route=\/wp\/v2\/product\/80","targetHints":{"allow":["GET"]}}],"collection":[{"href":"https:\/\/desiare.com\/index.php?rest_route=\/wp\/v2\/product"}],"about":[{"href":"https:\/\/desiare.com\/index.php?rest_route=\/wp\/v2\/types\/product"}],"replies":[{"embeddable":true,"href":"https:\/\/desiare.com\/index.php?rest_route=%2Fwp%2Fv2%2Fcomments&post=80"}],"wp:attachment":[{"href":"https:\/\/desiare.com\/index.php?rest_route=%2Fwp%2Fv2%2Fmedia&parent=80"}],"wp:term":[{"taxonomy":"product_brand","embeddable":true,"href":"https:\/\/desiare.com\/index.php?rest_route=%2Fwp%2Fv2%2Fproduct_brand&post=80"},{"taxonomy":"product_cat","embeddable":true,"href":"https:\/\/desiare.com\/index.php?rest_route=%2Fwp%2Fv2%2Fproduct_cat&post=80"},{"taxonomy":"product_tag","embeddable":true,"href":"https:\/\/desiare.com\/index.php?rest_route=%2Fwp%2Fv2%2Fproduct_tag&post=80"}],"curies":[{"name":"wp","href":"https:\/\/api.w.org\/{rel}","templated":true}]}}