{"id":86,"date":"2025-09-20T02:17:57","date_gmt":"2025-09-20T07:17:57","guid":{"rendered":"https:\/\/desiare.com\/?post_type=product&#038;p=86"},"modified":"2025-09-20T02:18:15","modified_gmt":"2025-09-20T07:18:15","slug":"lubricante-intimo-cum-neutro-250ml","status":"publish","type":"product","link":"https:\/\/desiare.com\/?product=lubricante-intimo-cum-neutro-250ml","title":{"rendered":"Lubricante Intimo Cum Neutro 250ml"},"content":{"rendered":"<div class=\"flex-shrink-0 flex flex-col relative items-end\">\n<div>\n<div class=\"pt-0\">\n<div class=\"gizmo-bot-avatar flex h-8 w-8 items-center justify-center overflow-hidden rounded-full\">\n<div class=\"relative p-1 rounded-sm flex items-center justify-center bg-token-main-surface-primary text-token-text-primary h-8 w-8\"><strong>Lubricante \u00cdntimo Cum Neutro<\/strong><\/div>\n<\/div>\n<\/div>\n<\/div>\n<\/div>\n<div class=\"group\/conversation-turn relative flex w-full min-w-0 flex-col agent-turn\">\n<div class=\"flex-col gap-1 md:gap-3\">\n<div class=\"flex max-w-full flex-col flex-grow\">\n<div class=\"min-h-8 text-message flex w-full flex-col items-end gap-2 whitespace-normal break-words text-start [.text-message+&amp;]:mt-5\" dir=\"auto\" data-message-author-role=\"assistant\" data-message-id=\"bab167db-3e1d-4401-9d62-7c0788b6cf92\" data-message-model-slug=\"gpt-4o\">\n<div class=\"flex w-full flex-col gap-1 empty:hidden first:pt-[3px]\">\n<div class=\"markdown prose w-full break-words dark:prose-invert light\">\n<p>El\u00a0<strong>Lubricante \u00cdntimo Cum Neutro<\/strong>\u00a0est\u00e1 dise\u00f1ado para elevar tus momentos de intimidad, recreando de manera realista la experiencia de la eyaculaci\u00f3n femenina. Con una f\u00f3rmula cuidadosamente elaborada, este lubricante ofrece una textura y apariencia aut\u00e9nticas que aportan realismo y comodidad a cualquier tipo de actividad sexual.<\/p>\n<p><strong>Beneficios destacados:<\/strong><\/p>\n<ul>\n<li><strong>Simulaci\u00f3n realista:<\/strong>\u00a0Su textura \u00fanica est\u00e1 formulada para imitar la eyaculaci\u00f3n femenina, a\u00f1adiendo un toque especial a tus encuentros \u00edntimos.<\/li>\n<li><strong>Versatilidad:<\/strong>\u00a0Ideal para usar en pareja o en solitario, y compatible con preservativos y juguetes sexuales.<\/li>\n<li><strong>Aplicaci\u00f3n f\u00e1cil:<\/strong>\u00a0Puede ser utilizado en la vagina o el pene para proporcionar hidrataci\u00f3n y lubricaci\u00f3n efectiva, mejorando la experiencia sexual.<\/li>\n<li><strong>Seguro y suave:<\/strong>\u00a0Su f\u00f3rmula neutra y delicada garantiza un uso prolongado sin causar irritaci\u00f3n ni incomodidad.<\/li>\n<li><strong>Reaplicaci\u00f3n sencilla:<\/strong>\u00a0Durante el acto sexual, puedes reaplicarlo seg\u00fan sea necesario para mantener una experiencia \u00f3ptima.<\/li>\n<\/ul>\n<p>El\u00a0<strong>Lubricante \u00cdntimo Cum Neutro<\/strong>\u00a0es la elecci\u00f3n perfecta para quienes buscan una combinaci\u00f3n de realismo, seguridad y comodidad, asegurando momentos de placer inolvidables.<\/p>\n<\/div>\n<\/div>\n<\/div>\n<\/div>\n<\/div>\n<\/div>\n","protected":false},"excerpt":{"rendered":"<table class=\"woocommerce-product-attributes shop_attributes\">\n<tbody>\n<tr class=\"woocommerce-product-attributes-item woocommerce-product-attributes-item--attribute_garant%c3%ada\">\n<th class=\"woocommerce-product-attributes-item__label\">Garant\u00eda<\/th>\n<td class=\"woocommerce-product-attributes-item__value\">1 a\u00f1o<\/td>\n<\/tr>\n<tr class=\"woocommerce-product-attributes-item woocommerce-product-attributes-item--attribute_g%c3%a9nero\">\n<th class=\"woocommerce-product-attributes-item__label\">G\u00e9nero<\/th>\n<td class=\"woocommerce-product-attributes-item__value\">Unisex<\/td>\n<\/tr>\n<tr class=\"woocommerce-product-attributes-item woocommerce-product-attributes-item--attribute_registro-sanitario-invima\">\n<th class=\"woocommerce-product-attributes-item__label\">Registro Sanitario INVIMA<\/th>\n<td class=\"woocommerce-product-attributes-item__value\">Registro No.INVIMA 223DM-27111<\/td>\n<\/tr>\n<tr class=\"woocommerce-product-attributes-item woocommerce-product-attributes-item--attribute_tipo-de-base\">\n<th class=\"woocommerce-product-attributes-item__label\">Tipo de base<\/th>\n<td class=\"woocommerce-product-attributes-item__value\">Agua<\/td>\n<\/tr>\n<tr class=\"woocommerce-product-attributes-item woocommerce-product-attributes-item--attribute_modo-de-uso\">\n<th class=\"woocommerce-product-attributes-item__label\">Modo de uso<\/th>\n<td class=\"woocommerce-product-attributes-item__value\">Aplicar una peque\u00f1a cantidad de Lubricante \u00edntimo Tipo CUM Elixir en la zona \u00edntima para mejorar la lubricaci\u00f3n o para aliviar la resequedad durante la relaci\u00f3n \u00edntima. Puede ser utilizado con otros dispositivos m\u00e9dicos como preservativos. Reaplicar tanta<\/td>\n<\/tr>\n<tr class=\"woocommerce-product-attributes-item woocommerce-product-attributes-item--attribute_tama%c3%b1o\">\n<th class=\"woocommerce-product-attributes-item__label\">Tama\u00f1o<\/th>\n<td class=\"woocommerce-product-attributes-item__value\">250 ML, 30ML<\/td>\n<\/tr>\n<tr class=\"woocommerce-product-attributes-item woocommerce-product-attributes-item--attribute_marca\">\n<th class=\"woocommerce-product-attributes-item__label\">Marca<\/th>\n<td class=\"woocommerce-product-attributes-item__value\">Elixir<\/td>\n<\/tr>\n<\/tbody>\n<\/table>\n","protected":false},"featured_media":0,"comment_status":"open","ping_status":"closed","template":"","meta":[],"product_brand":[33],"product_cat":[28,29,30,31,32],"product_tag":[],"class_list":{"0":"post-86","1":"product","2":"type-product","3":"status-publish","5":"product_brand-elixir","6":"product_cat-elixir","7":"product_cat-lubricantes","8":"product_cat-lubricantes-tipo-cum","9":"product_cat-lubricantes-y-cosmetica","10":"product_cat-todo","12":"first","13":"instock","14":"shipping-taxable","15":"purchasable","16":"product-type-simple"},"_links":{"self":[{"href":"https:\/\/desiare.com\/index.php?rest_route=\/wp\/v2\/product\/86","targetHints":{"allow":["GET"]}}],"collection":[{"href":"https:\/\/desiare.com\/index.php?rest_route=\/wp\/v2\/product"}],"about":[{"href":"https:\/\/desiare.com\/index.php?rest_route=\/wp\/v2\/types\/product"}],"replies":[{"embeddable":true,"href":"https:\/\/desiare.com\/index.php?rest_route=%2Fwp%2Fv2%2Fcomments&post=86"}],"wp:attachment":[{"href":"https:\/\/desiare.com\/index.php?rest_route=%2Fwp%2Fv2%2Fmedia&parent=86"}],"wp:term":[{"taxonomy":"product_brand","embeddable":true,"href":"https:\/\/desiare.com\/index.php?rest_route=%2Fwp%2Fv2%2Fproduct_brand&post=86"},{"taxonomy":"product_cat","embeddable":true,"href":"https:\/\/desiare.com\/index.php?rest_route=%2Fwp%2Fv2%2Fproduct_cat&post=86"},{"taxonomy":"product_tag","embeddable":true,"href":"https:\/\/desiare.com\/index.php?rest_route=%2Fwp%2Fv2%2Fproduct_tag&post=86"}],"curies":[{"name":"wp","href":"https:\/\/api.w.org\/{rel}","templated":true}]}}