{"id":99,"date":"2025-09-20T02:23:45","date_gmt":"2025-09-20T07:23:45","guid":{"rendered":"https:\/\/desiare.com\/?post_type=product&#038;p=99"},"modified":"2025-09-20T02:23:45","modified_gmt":"2025-09-20T07:23:45","slug":"gel-lubricante-intimo-natural-elixir","status":"publish","type":"product","link":"https:\/\/desiare.com\/?product=gel-lubricante-intimo-natural-elixir","title":{"rendered":"Gel Lubricante \u00cdntimo Natural Elixir"},"content":{"rendered":"<h2>Lubricante \u00cdntimo Natural Elixir<\/h2>\n<p>F\u00f3rmula neutra y segura para el cuidado \u00edntimo diario.<\/p>\n<p>El Lubricante \u00cdntimo Natural de Elixir ha sido formulado espec\u00edficamente para respetar el equilibrio de la zona \u00edntima. Su composici\u00f3n a base de agua, sin fragancia, colorantes ni saborizantes, reduce el riesgo de irritaciones, alergias o alteraciones del pH vaginal, haci\u00e9ndolo ideal para el uso diario.<\/p>\n<p>Recomendado por ginec\u00f3logos, su textura ligera y sedosa proporciona una lubricaci\u00f3n eficaz de larga duraci\u00f3n, minimizando la fricci\u00f3n sin necesidad de reaplicaci\u00f3n. Su f\u00f3rmula es compatible con el uso de preservativos de l\u00e1tex y juguetes sexuales.<\/p>\n<p>Beneficios cl\u00ednicos y funcionales:<\/p>\n<ul>\n<li>F\u00f3rmula segura: libre de fragancias, colorantes y saborizantes, minimiza reacciones adversas.<\/li>\n<li>Base acuosa: no interfiere con la integridad del l\u00e1tex ni con materiales de juguetes sexuales.<\/li>\n<li>Lubricaci\u00f3n prolongada: reduce la fricci\u00f3n y el riesgo de microlesiones sin necesidad de reaplicaci\u00f3n constante.<\/li>\n<li>Versatilidad de uso: indicado para relaciones sexuales, exploraci\u00f3n con juguetes, revisiones m\u00e9dicas o como hidratante \u00edntimo.<\/li>\n<\/ul>\n<p>El Lubricante \u00cdntimo Natural de Elixir es una herramienta de cuidado \u00edntimo diario que prioriza la seguridad, la eficacia y el bienestar.<\/p>\n","protected":false},"excerpt":{"rendered":"<table class=\"woocommerce-product-attributes shop_attributes\">\n<tbody>\n<tr class=\"woocommerce-product-attributes-item woocommerce-product-attributes-item--attribute_beneficios\">\n<th class=\"woocommerce-product-attributes-item__label\">Beneficios<\/th>\n<td class=\"woocommerce-product-attributes-item__value\">\u2022 Puede ser usado en diferentes etapas hormonales de la vida de una mujer, como: la menopausia, embarazo, puerperio, durante la ingesta de tratamientos anticonceptivos, o simplemente, para reforzar la lubricaci\u00f3n natural y el disfrute en la intimidad &lt;b<\/td>\n<\/tr>\n<tr class=\"woocommerce-product-attributes-item woocommerce-product-attributes-item--attribute_garant%c3%ada\">\n<th class=\"woocommerce-product-attributes-item__label\">Garant\u00eda<\/th>\n<td class=\"woocommerce-product-attributes-item__value\">1 a\u00f1o<\/td>\n<\/tr>\n<tr class=\"woocommerce-product-attributes-item woocommerce-product-attributes-item--attribute_g%c3%a9nero\">\n<th class=\"woocommerce-product-attributes-item__label\">G\u00e9nero<\/th>\n<td class=\"woocommerce-product-attributes-item__value\">Unisex<\/td>\n<\/tr>\n<tr class=\"woocommerce-product-attributes-item woocommerce-product-attributes-item--attribute_marca\">\n<th class=\"woocommerce-product-attributes-item__label\">Marca<\/th>\n<td class=\"woocommerce-product-attributes-item__value\">Elixir<\/td>\n<\/tr>\n<tr class=\"woocommerce-product-attributes-item woocommerce-product-attributes-item--attribute_precauciones\">\n<th class=\"woocommerce-product-attributes-item__label\">Precauciones<\/th>\n<td class=\"woocommerce-product-attributes-item__value\">No es un anticonceptivo, no contiene espermicidas.Mantener en un lugar fresco y seco protegido de la luz a temperatura ambiente.\u00a0En caso de presentar reacciones al\u00e9rgicas o irritaci\u00f3n, suspender el uso y consultar a un especialista.Mantener alejad<\/td>\n<\/tr>\n<tr class=\"woocommerce-product-attributes-item woocommerce-product-attributes-item--attribute_textura\">\n<th class=\"woocommerce-product-attributes-item__label\">Textura<\/th>\n<td class=\"woocommerce-product-attributes-item__value\">Gel<\/td>\n<\/tr>\n<tr class=\"woocommerce-product-attributes-item woocommerce-product-attributes-item--attribute_tipo-de-base\">\n<th class=\"woocommerce-product-attributes-item__label\">Tipo de base<\/th>\n<td class=\"woocommerce-product-attributes-item__value\">Agua<\/td>\n<\/tr>\n<tr class=\"woocommerce-product-attributes-item woocommerce-product-attributes-item--attribute_registro-sanitario\">\n<th class=\"woocommerce-product-attributes-item__label\">Registro sanitario<\/th>\n<td class=\"woocommerce-product-attributes-item__value\">17886-DME-1224<\/td>\n<\/tr>\n<tr class=\"woocommerce-product-attributes-item woocommerce-product-attributes-item--attribute_pa_tamano\">\n<th class=\"woocommerce-product-attributes-item__label\">Tama\u00f1o<\/th>\n<td class=\"woocommerce-product-attributes-item__value\">100 ml, 5 ml, 500 ml<\/td>\n<\/tr>\n<\/tbody>\n<\/table>\n","protected":false},"featured_media":0,"comment_status":"open","ping_status":"closed","template":"","meta":[],"product_brand":[33],"product_cat":[28,29,35,34,36],"product_tag":[],"class_list":{"0":"post-99","1":"product","2":"type-product","3":"status-publish","5":"product_brand-elixir","6":"product_cat-elixir","7":"product_cat-lubricantes","8":"product_cat-lubricantes-neutros","9":"product_cat-para-ella","10":"product_cat-webcam","12":"first","13":"instock","14":"shipping-taxable","15":"purchasable","16":"product-type-simple"},"_links":{"self":[{"href":"https:\/\/desiare.com\/index.php?rest_route=\/wp\/v2\/product\/99","targetHints":{"allow":["GET"]}}],"collection":[{"href":"https:\/\/desiare.com\/index.php?rest_route=\/wp\/v2\/product"}],"about":[{"href":"https:\/\/desiare.com\/index.php?rest_route=\/wp\/v2\/types\/product"}],"replies":[{"embeddable":true,"href":"https:\/\/desiare.com\/index.php?rest_route=%2Fwp%2Fv2%2Fcomments&post=99"}],"wp:attachment":[{"href":"https:\/\/desiare.com\/index.php?rest_route=%2Fwp%2Fv2%2Fmedia&parent=99"}],"wp:term":[{"taxonomy":"product_brand","embeddable":true,"href":"https:\/\/desiare.com\/index.php?rest_route=%2Fwp%2Fv2%2Fproduct_brand&post=99"},{"taxonomy":"product_cat","embeddable":true,"href":"https:\/\/desiare.com\/index.php?rest_route=%2Fwp%2Fv2%2Fproduct_cat&post=99"},{"taxonomy":"product_tag","embeddable":true,"href":"https:\/\/desiare.com\/index.php?rest_route=%2Fwp%2Fv2%2Fproduct_tag&post=99"}],"curies":[{"name":"wp","href":"https:\/\/api.w.org\/{rel}","templated":true}]}}